{"id":7142,"date":"2024-11-08T18:09:38","date_gmt":"2024-11-08T18:09:38","guid":{"rendered":"https:\/\/www.revellia.com\/?post_type=product&#038;p=7142"},"modified":"2024-11-08T18:09:39","modified_gmt":"2024-11-08T18:09:39","slug":"manfaskompatibilitetsaffisch","status":"publish","type":"product","link":"https:\/\/www.revellia.com\/sv\/produkt\/manfaskompatibilitetsaffisch\/","title":{"rendered":"M\u00e5nfaskompatibilitetsaffisch"},"content":{"rendered":"<p>En konstn\u00e4rlig affisch som firar den kosmiska kopplingen mellan tv\u00e5 personer, och visar hur era m\u00e5nens faser st\u00e4mmer \u00f6verens.<\/p>\n<p>Denna produkt finns som tryckt affisch eller digital fil.<\/p>\n<p>Ram ing\u00e5r ej.<\/p>\n<p>Affisch<\/p>\n<p>M\u00e5tt: 21 x 30 cm (8 x 12&#8243;), 30 x 40 cm (12 x 16&#8243;) eller 50 x 70 cm (20 x 28&#8243;)<br \/>\nPappersvikt: 200 g\/m\u00b2<br \/>\nObehandlat matt papper<br \/>\nDigital fil<\/p>\n<p>Format: PDF\/PNG A4<br \/>\nUppl\u00f6sning: 4200 x 6000 px<\/p>\n","protected":false},"excerpt":{"rendered":"<p>En konstn\u00e4rlig affisch som firar den kosmiska kopplingen mellan tv\u00e5 personer, och visar hur era m\u00e5nens faser st\u00e4mmer \u00f6verens. Denna produkt finns som tryckt affisch eller digital fil. Ram ing\u00e5r ej. Affisch M\u00e5tt: 21 x 30 cm (8 x 12&#8243;), 30 x 40 cm (12 x 16&#8243;) eller 50 x 70 cm (20 x 28&#8243;) [&hellip;]<\/p>\n","protected":false},"featured_media":7102,"template":"","meta":{"powered_cache_disable_cache":false},"product_cat":[69],"product_tag":[],"class_list":["post-7142","product","type-product","status-publish","has-post-thumbnail","hentry","product_cat-poster-4"],"yoast_head":"<!-- This site is optimized with the Yoast SEO plugin v21.4 - https:\/\/yoast.com\/wordpress\/plugins\/seo\/ -->\n<title>M\u00e5nfaskompatibilitetsaffisch - Revellia<\/title>\n<meta name=\"description\" content=\"Skapa en M\u00e5nfas-Kompatibilitetsaffisch \u2013 en unik present f\u00f6r att fira er kosmiska koppling vid speciella tillf\u00e4llen.\" \/>\n<meta name=\"robots\" content=\"noindex, nofollow\" \/>\n<meta property=\"og:locale\" content=\"sv_SE\" \/>\n<meta property=\"og:type\" content=\"article\" \/>\n<meta property=\"og:title\" content=\"M\u00e5nfaskompatibilitetsaffisch - Revellia\" \/>\n<meta property=\"og:description\" content=\"Skapa en M\u00e5nfas-Kompatibilitetsaffisch \u2013 en unik present f\u00f6r att fira er kosmiska koppling vid speciella tillf\u00e4llen.\" \/>\n<meta property=\"og:url\" content=\"https:\/\/www.revellia.com\/sv\/produkt\/manfaskompatibilitetsaffisch\/\" \/>\n<meta property=\"og:site_name\" content=\"Revellia\" \/>\n<meta property=\"article:modified_time\" content=\"2024-11-08T18:09:39+00:00\" \/>\n<meta property=\"og:image\" content=\"https:\/\/www.revellia.com\/wp-content\/uploads\/2024\/11\/moon-phase-compatibility.jpg\" \/>\n\t<meta property=\"og:image:width\" content=\"1400\" \/>\n\t<meta property=\"og:image:height\" content=\"1120\" \/>\n\t<meta property=\"og:image:type\" content=\"image\/jpeg\" \/>\n<meta name=\"twitter:card\" content=\"summary_large_image\" \/>\n<meta name=\"twitter:label1\" content=\"Ber\u00e4knad l\u00e4stid\" \/>\n\t<meta name=\"twitter:data1\" content=\"1 minut\" \/>\n<script type=\"application\/ld+json\" class=\"yoast-schema-graph\">{\"@context\":\"https:\/\/schema.org\",\"@graph\":[{\"@type\":\"WebPage\",\"@id\":\"https:\/\/www.revellia.com\/sv\/produkt\/manfaskompatibilitetsaffisch\/\",\"url\":\"https:\/\/www.revellia.com\/sv\/produkt\/manfaskompatibilitetsaffisch\/\",\"name\":\"M\u00e5nfaskompatibilitetsaffisch - Revellia\",\"isPartOf\":{\"@id\":\"https:\/\/www.revellia.com\/sv\/#website\"},\"datePublished\":\"2024-11-08T18:09:38+00:00\",\"dateModified\":\"2024-11-08T18:09:39+00:00\",\"description\":\"Skapa en M\u00e5nfas-Kompatibilitetsaffisch \u2013 en unik present f\u00f6r att fira er kosmiska koppling vid speciella tillf\u00e4llen.\",\"breadcrumb\":{\"@id\":\"https:\/\/www.revellia.com\/sv\/produkt\/manfaskompatibilitetsaffisch\/#breadcrumb\"},\"inLanguage\":\"sv-SE\",\"potentialAction\":[{\"@type\":\"ReadAction\",\"target\":[\"https:\/\/www.revellia.com\/sv\/produkt\/manfaskompatibilitetsaffisch\/\"]}]},{\"@type\":\"BreadcrumbList\",\"@id\":\"https:\/\/www.revellia.com\/sv\/produkt\/manfaskompatibilitetsaffisch\/#breadcrumb\",\"itemListElement\":[{\"@type\":\"ListItem\",\"position\":1,\"name\":\"Home\",\"item\":\"https:\/\/www.revellia.com\/sv\/\"},{\"@type\":\"ListItem\",\"position\":2,\"name\":\"Butik\",\"item\":\"https:\/\/www.revellia.com\/sv\/shop\/\"},{\"@type\":\"ListItem\",\"position\":3,\"name\":\"M\u00e5nfaskompatibilitetsaffisch\"}]},{\"@type\":\"WebSite\",\"@id\":\"https:\/\/www.revellia.com\/sv\/#website\",\"url\":\"https:\/\/www.revellia.com\/sv\/\",\"name\":\"Revellia\",\"description\":\"Personalized original posters\",\"publisher\":{\"@id\":\"https:\/\/www.revellia.com\/sv\/#organization\"},\"potentialAction\":[{\"@type\":\"SearchAction\",\"target\":{\"@type\":\"EntryPoint\",\"urlTemplate\":\"https:\/\/www.revellia.com\/sv\/?s={search_term_string}\"},\"query-input\":\"required name=search_term_string\"}],\"inLanguage\":\"sv-SE\"},{\"@type\":\"Organization\",\"@id\":\"https:\/\/www.revellia.com\/sv\/#organization\",\"name\":\"Revellia\",\"url\":\"https:\/\/www.revellia.com\/sv\/\",\"logo\":{\"@type\":\"ImageObject\",\"inLanguage\":\"sv-SE\",\"@id\":\"https:\/\/www.revellia.com\/sv\/#\/schema\/logo\/image\/\",\"url\":\"https:\/\/www.revellia.com\/wp-content\/uploads\/2021\/02\/logo.png\",\"contentUrl\":\"https:\/\/www.revellia.com\/wp-content\/uploads\/2021\/02\/logo.png\",\"width\":437,\"height\":128,\"caption\":\"Revellia\"},\"image\":{\"@id\":\"https:\/\/www.revellia.com\/sv\/#\/schema\/logo\/image\/\"}}]}<\/script>\n<!-- \/ Yoast SEO plugin. -->","yoast_head_json":{"title":"M\u00e5nfaskompatibilitetsaffisch - Revellia","description":"Skapa en M\u00e5nfas-Kompatibilitetsaffisch \u2013 en unik present f\u00f6r att fira er kosmiska koppling vid speciella tillf\u00e4llen.","robots":{"index":"noindex","follow":"nofollow"},"og_locale":"sv_SE","og_type":"article","og_title":"M\u00e5nfaskompatibilitetsaffisch - Revellia","og_description":"Skapa en M\u00e5nfas-Kompatibilitetsaffisch \u2013 en unik present f\u00f6r att fira er kosmiska koppling vid speciella tillf\u00e4llen.","og_url":"https:\/\/www.revellia.com\/sv\/produkt\/manfaskompatibilitetsaffisch\/","og_site_name":"Revellia","article_modified_time":"2024-11-08T18:09:39+00:00","og_image":[{"width":1400,"height":1120,"url":"https:\/\/www.revellia.com\/wp-content\/uploads\/2024\/11\/moon-phase-compatibility.jpg","type":"image\/jpeg"}],"twitter_card":"summary_large_image","twitter_misc":{"Ber\u00e4knad l\u00e4stid":"1 minut"},"schema":{"@context":"https:\/\/schema.org","@graph":[{"@type":"WebPage","@id":"https:\/\/www.revellia.com\/sv\/produkt\/manfaskompatibilitetsaffisch\/","url":"https:\/\/www.revellia.com\/sv\/produkt\/manfaskompatibilitetsaffisch\/","name":"M\u00e5nfaskompatibilitetsaffisch - Revellia","isPartOf":{"@id":"https:\/\/www.revellia.com\/sv\/#website"},"datePublished":"2024-11-08T18:09:38+00:00","dateModified":"2024-11-08T18:09:39+00:00","description":"Skapa en M\u00e5nfas-Kompatibilitetsaffisch \u2013 en unik present f\u00f6r att fira er kosmiska koppling vid speciella tillf\u00e4llen.","breadcrumb":{"@id":"https:\/\/www.revellia.com\/sv\/produkt\/manfaskompatibilitetsaffisch\/#breadcrumb"},"inLanguage":"sv-SE","potentialAction":[{"@type":"ReadAction","target":["https:\/\/www.revellia.com\/sv\/produkt\/manfaskompatibilitetsaffisch\/"]}]},{"@type":"BreadcrumbList","@id":"https:\/\/www.revellia.com\/sv\/produkt\/manfaskompatibilitetsaffisch\/#breadcrumb","itemListElement":[{"@type":"ListItem","position":1,"name":"Home","item":"https:\/\/www.revellia.com\/sv\/"},{"@type":"ListItem","position":2,"name":"Butik","item":"https:\/\/www.revellia.com\/sv\/shop\/"},{"@type":"ListItem","position":3,"name":"M\u00e5nfaskompatibilitetsaffisch"}]},{"@type":"WebSite","@id":"https:\/\/www.revellia.com\/sv\/#website","url":"https:\/\/www.revellia.com\/sv\/","name":"Revellia","description":"Personalized original posters","publisher":{"@id":"https:\/\/www.revellia.com\/sv\/#organization"},"potentialAction":[{"@type":"SearchAction","target":{"@type":"EntryPoint","urlTemplate":"https:\/\/www.revellia.com\/sv\/?s={search_term_string}"},"query-input":"required name=search_term_string"}],"inLanguage":"sv-SE"},{"@type":"Organization","@id":"https:\/\/www.revellia.com\/sv\/#organization","name":"Revellia","url":"https:\/\/www.revellia.com\/sv\/","logo":{"@type":"ImageObject","inLanguage":"sv-SE","@id":"https:\/\/www.revellia.com\/sv\/#\/schema\/logo\/image\/","url":"https:\/\/www.revellia.com\/wp-content\/uploads\/2021\/02\/logo.png","contentUrl":"https:\/\/www.revellia.com\/wp-content\/uploads\/2021\/02\/logo.png","width":437,"height":128,"caption":"Revellia"},"image":{"@id":"https:\/\/www.revellia.com\/sv\/#\/schema\/logo\/image\/"}}]}},"_links":{"self":[{"href":"https:\/\/www.revellia.com\/sv\/wp-json\/wp\/v2\/product\/7142","targetHints":{"allow":["GET"]}}],"collection":[{"href":"https:\/\/www.revellia.com\/sv\/wp-json\/wp\/v2\/product"}],"about":[{"href":"https:\/\/www.revellia.com\/sv\/wp-json\/wp\/v2\/types\/product"}],"wp:featuredmedia":[{"embeddable":true,"href":"https:\/\/www.revellia.com\/sv\/wp-json\/wp\/v2\/media\/7102"}],"wp:attachment":[{"href":"https:\/\/www.revellia.com\/sv\/wp-json\/wp\/v2\/media?parent=7142"}],"wp:term":[{"taxonomy":"product_cat","embeddable":true,"href":"https:\/\/www.revellia.com\/sv\/wp-json\/wp\/v2\/product_cat?post=7142"},{"taxonomy":"product_tag","embeddable":true,"href":"https:\/\/www.revellia.com\/sv\/wp-json\/wp\/v2\/product_tag?post=7142"}],"curies":[{"name":"wp","href":"https:\/\/api.w.org\/{rel}","templated":true}]}}