{"id":2574,"date":"2023-11-09T14:23:03","date_gmt":"2023-11-09T14:23:03","guid":{"rendered":"https:\/\/www.revellia.com\/?post_type=product&#038;p=2574"},"modified":"2024-11-08T18:10:32","modified_gmt":"2024-11-08T18:10:32","slug":"personlig-stjarnkarta-poster","status":"publish","type":"product","link":"https:\/\/www.revellia.com\/sv\/produkt\/personlig-stjarnkarta-poster\/","title":{"rendered":"Personlig stj\u00e4rnkarta poster"},"content":{"rendered":"<p>En underbar poster som visar stj\u00e4rnhimlen s\u00e5 som den kunde ses fr\u00e5n en plats och ett datum som du kan v\u00e4lja.<\/p>\n<p>Denna produkt finns tillg\u00e4nglig som en poster eller en digital fil.<\/p>\n<p>Ram ing\u00e5r inte.<\/p>\n<p>Poster<\/p>\n<p>Storlekar: 21 x 30 cm, 30 x 40 cm eller 50 x 70 cm<br \/>\nPapprets vikt: 200 g\/m\u00b2<br \/>\nYtfinish: Matt, obestruket<br \/>\nDigital fil<\/p>\n<p>Format: PDF\/PNG A4<br \/>\nUppl\u00f6sning: 4200 x 6000 px<\/p>\n","protected":false},"excerpt":{"rendered":"<p>En underbar poster som visar stj\u00e4rnhimlen s\u00e5 som den kunde ses fr\u00e5n en plats och ett datum som du kan v\u00e4lja. Denna produkt finns tillg\u00e4nglig som en poster eller en digital fil. Ram ing\u00e5r inte. Poster Storlekar: 21 x 30 cm, 30 x 40 cm eller 50 x 70 cm Papprets vikt: 200 g\/m\u00b2 Ytfinish: [&hellip;]<\/p>\n","protected":false},"featured_media":2116,"template":"","meta":{"powered_cache_disable_cache":false},"product_cat":[69],"product_tag":[],"class_list":["post-2574","product","type-product","status-publish","has-post-thumbnail","hentry","product_cat-poster-4"],"yoast_head":"<!-- This site is optimized with the Yoast SEO plugin v21.4 - https:\/\/yoast.com\/wordpress\/plugins\/seo\/ -->\n<title>Personlig stj\u00e4rnkarta poster - Revellia<\/title>\n<meta name=\"description\" content=\"Skapa en stj\u00e4rnkarta som visar stj\u00e4rnorna s\u00e5 som de kunde ses fr\u00e5n en specifik plats och tidpunkt. En poster som kommer att p\u00e5minna dig om ett k\u00e4rt minne.\" \/>\n<meta name=\"robots\" content=\"noindex, nofollow\" \/>\n<meta property=\"og:locale\" content=\"sv_SE\" \/>\n<meta property=\"og:type\" content=\"article\" \/>\n<meta property=\"og:title\" content=\"Personlig stj\u00e4rnkarta poster - Revellia\" \/>\n<meta property=\"og:description\" content=\"Skapa en stj\u00e4rnkarta som visar stj\u00e4rnorna s\u00e5 som de kunde ses fr\u00e5n en specifik plats och tidpunkt. En poster som kommer att p\u00e5minna dig om ett k\u00e4rt minne.\" \/>\n<meta property=\"og:url\" content=\"https:\/\/www.revellia.com\/sv\/produkt\/personlig-stjarnkarta-poster\/\" \/>\n<meta property=\"og:site_name\" content=\"Revellia\" \/>\n<meta property=\"article:modified_time\" content=\"2024-11-08T18:10:32+00:00\" \/>\n<meta property=\"og:image\" content=\"https:\/\/www.revellia.com\/wp-content\/uploads\/2021\/02\/product.jpg\" \/>\n\t<meta property=\"og:image:width\" content=\"1376\" \/>\n\t<meta property=\"og:image:height\" content=\"1392\" \/>\n\t<meta property=\"og:image:type\" content=\"image\/jpeg\" \/>\n<meta name=\"twitter:card\" content=\"summary_large_image\" \/>\n<meta name=\"twitter:label1\" content=\"Ber\u00e4knad l\u00e4stid\" \/>\n\t<meta name=\"twitter:data1\" content=\"1 minut\" \/>\n<script type=\"application\/ld+json\" class=\"yoast-schema-graph\">{\"@context\":\"https:\/\/schema.org\",\"@graph\":[{\"@type\":\"WebPage\",\"@id\":\"https:\/\/www.revellia.com\/sv\/produkt\/personlig-stjarnkarta-poster\/\",\"url\":\"https:\/\/www.revellia.com\/sv\/produkt\/personlig-stjarnkarta-poster\/\",\"name\":\"Personlig stj\u00e4rnkarta poster - Revellia\",\"isPartOf\":{\"@id\":\"https:\/\/www.revellia.com\/sv\/#website\"},\"datePublished\":\"2023-11-09T14:23:03+00:00\",\"dateModified\":\"2024-11-08T18:10:32+00:00\",\"description\":\"Skapa en stj\u00e4rnkarta som visar stj\u00e4rnorna s\u00e5 som de kunde ses fr\u00e5n en specifik plats och tidpunkt. En poster som kommer att p\u00e5minna dig om ett k\u00e4rt minne.\",\"breadcrumb\":{\"@id\":\"https:\/\/www.revellia.com\/sv\/produkt\/personlig-stjarnkarta-poster\/#breadcrumb\"},\"inLanguage\":\"sv-SE\",\"potentialAction\":[{\"@type\":\"ReadAction\",\"target\":[\"https:\/\/www.revellia.com\/sv\/produkt\/personlig-stjarnkarta-poster\/\"]}]},{\"@type\":\"BreadcrumbList\",\"@id\":\"https:\/\/www.revellia.com\/sv\/produkt\/personlig-stjarnkarta-poster\/#breadcrumb\",\"itemListElement\":[{\"@type\":\"ListItem\",\"position\":1,\"name\":\"Home\",\"item\":\"https:\/\/www.revellia.com\/sv\/\"},{\"@type\":\"ListItem\",\"position\":2,\"name\":\"Butik\",\"item\":\"https:\/\/www.revellia.com\/sv\/shop\/\"},{\"@type\":\"ListItem\",\"position\":3,\"name\":\"Personlig stj\u00e4rnkarta poster\"}]},{\"@type\":\"WebSite\",\"@id\":\"https:\/\/www.revellia.com\/sv\/#website\",\"url\":\"https:\/\/www.revellia.com\/sv\/\",\"name\":\"Revellia\",\"description\":\"Personalized original posters\",\"publisher\":{\"@id\":\"https:\/\/www.revellia.com\/sv\/#organization\"},\"potentialAction\":[{\"@type\":\"SearchAction\",\"target\":{\"@type\":\"EntryPoint\",\"urlTemplate\":\"https:\/\/www.revellia.com\/sv\/?s={search_term_string}\"},\"query-input\":\"required name=search_term_string\"}],\"inLanguage\":\"sv-SE\"},{\"@type\":\"Organization\",\"@id\":\"https:\/\/www.revellia.com\/sv\/#organization\",\"name\":\"Revellia\",\"url\":\"https:\/\/www.revellia.com\/sv\/\",\"logo\":{\"@type\":\"ImageObject\",\"inLanguage\":\"sv-SE\",\"@id\":\"https:\/\/www.revellia.com\/sv\/#\/schema\/logo\/image\/\",\"url\":\"https:\/\/www.revellia.com\/wp-content\/uploads\/2021\/02\/logo.png\",\"contentUrl\":\"https:\/\/www.revellia.com\/wp-content\/uploads\/2021\/02\/logo.png\",\"width\":437,\"height\":128,\"caption\":\"Revellia\"},\"image\":{\"@id\":\"https:\/\/www.revellia.com\/sv\/#\/schema\/logo\/image\/\"}}]}<\/script>\n<!-- \/ Yoast SEO plugin. -->","yoast_head_json":{"title":"Personlig stj\u00e4rnkarta poster - Revellia","description":"Skapa en stj\u00e4rnkarta som visar stj\u00e4rnorna s\u00e5 som de kunde ses fr\u00e5n en specifik plats och tidpunkt. En poster som kommer att p\u00e5minna dig om ett k\u00e4rt minne.","robots":{"index":"noindex","follow":"nofollow"},"og_locale":"sv_SE","og_type":"article","og_title":"Personlig stj\u00e4rnkarta poster - Revellia","og_description":"Skapa en stj\u00e4rnkarta som visar stj\u00e4rnorna s\u00e5 som de kunde ses fr\u00e5n en specifik plats och tidpunkt. En poster som kommer att p\u00e5minna dig om ett k\u00e4rt minne.","og_url":"https:\/\/www.revellia.com\/sv\/produkt\/personlig-stjarnkarta-poster\/","og_site_name":"Revellia","article_modified_time":"2024-11-08T18:10:32+00:00","og_image":[{"width":1376,"height":1392,"url":"https:\/\/www.revellia.com\/wp-content\/uploads\/2021\/02\/product.jpg","type":"image\/jpeg"}],"twitter_card":"summary_large_image","twitter_misc":{"Ber\u00e4knad l\u00e4stid":"1 minut"},"schema":{"@context":"https:\/\/schema.org","@graph":[{"@type":"WebPage","@id":"https:\/\/www.revellia.com\/sv\/produkt\/personlig-stjarnkarta-poster\/","url":"https:\/\/www.revellia.com\/sv\/produkt\/personlig-stjarnkarta-poster\/","name":"Personlig stj\u00e4rnkarta poster - Revellia","isPartOf":{"@id":"https:\/\/www.revellia.com\/sv\/#website"},"datePublished":"2023-11-09T14:23:03+00:00","dateModified":"2024-11-08T18:10:32+00:00","description":"Skapa en stj\u00e4rnkarta som visar stj\u00e4rnorna s\u00e5 som de kunde ses fr\u00e5n en specifik plats och tidpunkt. En poster som kommer att p\u00e5minna dig om ett k\u00e4rt minne.","breadcrumb":{"@id":"https:\/\/www.revellia.com\/sv\/produkt\/personlig-stjarnkarta-poster\/#breadcrumb"},"inLanguage":"sv-SE","potentialAction":[{"@type":"ReadAction","target":["https:\/\/www.revellia.com\/sv\/produkt\/personlig-stjarnkarta-poster\/"]}]},{"@type":"BreadcrumbList","@id":"https:\/\/www.revellia.com\/sv\/produkt\/personlig-stjarnkarta-poster\/#breadcrumb","itemListElement":[{"@type":"ListItem","position":1,"name":"Home","item":"https:\/\/www.revellia.com\/sv\/"},{"@type":"ListItem","position":2,"name":"Butik","item":"https:\/\/www.revellia.com\/sv\/shop\/"},{"@type":"ListItem","position":3,"name":"Personlig stj\u00e4rnkarta poster"}]},{"@type":"WebSite","@id":"https:\/\/www.revellia.com\/sv\/#website","url":"https:\/\/www.revellia.com\/sv\/","name":"Revellia","description":"Personalized original posters","publisher":{"@id":"https:\/\/www.revellia.com\/sv\/#organization"},"potentialAction":[{"@type":"SearchAction","target":{"@type":"EntryPoint","urlTemplate":"https:\/\/www.revellia.com\/sv\/?s={search_term_string}"},"query-input":"required name=search_term_string"}],"inLanguage":"sv-SE"},{"@type":"Organization","@id":"https:\/\/www.revellia.com\/sv\/#organization","name":"Revellia","url":"https:\/\/www.revellia.com\/sv\/","logo":{"@type":"ImageObject","inLanguage":"sv-SE","@id":"https:\/\/www.revellia.com\/sv\/#\/schema\/logo\/image\/","url":"https:\/\/www.revellia.com\/wp-content\/uploads\/2021\/02\/logo.png","contentUrl":"https:\/\/www.revellia.com\/wp-content\/uploads\/2021\/02\/logo.png","width":437,"height":128,"caption":"Revellia"},"image":{"@id":"https:\/\/www.revellia.com\/sv\/#\/schema\/logo\/image\/"}}]}},"_links":{"self":[{"href":"https:\/\/www.revellia.com\/sv\/wp-json\/wp\/v2\/product\/2574","targetHints":{"allow":["GET"]}}],"collection":[{"href":"https:\/\/www.revellia.com\/sv\/wp-json\/wp\/v2\/product"}],"about":[{"href":"https:\/\/www.revellia.com\/sv\/wp-json\/wp\/v2\/types\/product"}],"wp:featuredmedia":[{"embeddable":true,"href":"https:\/\/www.revellia.com\/sv\/wp-json\/wp\/v2\/media\/2116"}],"wp:attachment":[{"href":"https:\/\/www.revellia.com\/sv\/wp-json\/wp\/v2\/media?parent=2574"}],"wp:term":[{"taxonomy":"product_cat","embeddable":true,"href":"https:\/\/www.revellia.com\/sv\/wp-json\/wp\/v2\/product_cat?post=2574"},{"taxonomy":"product_tag","embeddable":true,"href":"https:\/\/www.revellia.com\/sv\/wp-json\/wp\/v2\/product_tag?post=2574"}],"curies":[{"name":"wp","href":"https:\/\/api.w.org\/{rel}","templated":true}]}}