{"id":2549,"date":"2023-11-09T14:20:33","date_gmt":"2023-11-09T14:20:33","guid":{"rendered":"https:\/\/www.revellia.com\/?post_type=product&#038;p=2549"},"modified":"2023-11-09T15:22:46","modified_gmt":"2023-11-09T15:22:46","slug":"poster-barnrum-namntavla-doptavla","status":"publish","type":"product","link":"https:\/\/www.revellia.com\/sv\/produkt\/poster-barnrum-namntavla-doptavla\/","title":{"rendered":"Poster barnrum namntavla \/ doptavla"},"content":{"rendered":"<p>En underbar konstn\u00e4rlig poster som framh\u00e4ver f\u00f6delseinformationen f\u00f6r ditt barn, och utg\u00f6r en fantastisk dekorationsid\u00e9 f\u00f6r babyrummet.<\/p>\n<p>Denna produkt finns tillg\u00e4nglig som en poster eller en digital fil.<\/p>\n<p>Ram ing\u00e5r inte.<\/p>\n<p>Poster<\/p>\n<p>&#8211; Storlekar: 21 x 30 cm, 30 x 40 cm eller 50 x 70 cm<br \/>\n&#8211; Papprets vikt: 200 g\/m\u00b2<br \/>\n&#8211; Ytfinish: Matt, obestruket<\/p>\n<p>Digital fil<\/p>\n<p>&#8211; Format: PDF\/PNG A4<br \/>\n&#8211; Uppl\u00f6sning: 4200 x 6000 px<\/p>\n<div id=\"gtx-trans\" style=\"position: absolute; left: -33px; top: 113.188px;\">\n<div class=\"gtx-trans-icon\"><\/div>\n<\/div>\n","protected":false},"excerpt":{"rendered":"<p>En underbar konstn\u00e4rlig poster som framh\u00e4ver f\u00f6delseinformationen f\u00f6r ditt barn, och utg\u00f6r en fantastisk dekorationsid\u00e9 f\u00f6r babyrummet. Denna produkt finns tillg\u00e4nglig som en poster eller en digital fil. Ram ing\u00e5r inte. Poster &#8211; Storlekar: 21 x 30 cm, 30 x 40 cm eller 50 x 70 cm &#8211; Papprets vikt: 200 g\/m\u00b2 &#8211; Ytfinish: Matt, [&hellip;]<\/p>\n","protected":false},"featured_media":2332,"template":"","meta":{"powered_cache_disable_cache":false},"product_cat":[69],"product_tag":[],"class_list":["post-2549","product","type-product","status-publish","has-post-thumbnail","hentry","product_cat-poster-4"],"yoast_head":"<!-- This site is optimized with the Yoast SEO plugin v21.4 - https:\/\/yoast.com\/wordpress\/plugins\/seo\/ -->\n<title>Poster barnrum namntavla \/ doptavla - Revellia<\/title>\n<meta name=\"description\" content=\"En poster barnrum som framh\u00e4ver f\u00f6delseinformationen f\u00f6r ditt barn, vilket \u00e4r en utm\u00e4rkt dekorationsid\u00e9 f\u00f6r barnets rum.\" \/>\n<meta name=\"robots\" content=\"noindex, nofollow\" \/>\n<meta property=\"og:locale\" content=\"sv_SE\" \/>\n<meta property=\"og:type\" content=\"article\" \/>\n<meta property=\"og:title\" content=\"Poster barnrum namntavla \/ doptavla - Revellia\" \/>\n<meta property=\"og:description\" content=\"En poster barnrum som framh\u00e4ver f\u00f6delseinformationen f\u00f6r ditt barn, vilket \u00e4r en utm\u00e4rkt dekorationsid\u00e9 f\u00f6r barnets rum.\" \/>\n<meta property=\"og:url\" content=\"https:\/\/www.revellia.com\/sv\/produkt\/poster-barnrum-namntavla-doptavla\/\" \/>\n<meta property=\"og:site_name\" content=\"Revellia\" \/>\n<meta property=\"article:modified_time\" content=\"2023-11-09T15:22:46+00:00\" \/>\n<meta property=\"og:image\" content=\"https:\/\/www.revellia.com\/wp-content\/uploads\/2023\/05\/birth-en.jpg\" \/>\n\t<meta property=\"og:image:width\" content=\"1301\" \/>\n\t<meta property=\"og:image:height\" content=\"868\" \/>\n\t<meta property=\"og:image:type\" content=\"image\/jpeg\" \/>\n<meta name=\"twitter:card\" content=\"summary_large_image\" \/>\n<meta name=\"twitter:label1\" content=\"Ber\u00e4knad l\u00e4stid\" \/>\n\t<meta name=\"twitter:data1\" content=\"1 minut\" \/>\n<script type=\"application\/ld+json\" class=\"yoast-schema-graph\">{\"@context\":\"https:\/\/schema.org\",\"@graph\":[{\"@type\":\"WebPage\",\"@id\":\"https:\/\/www.revellia.com\/sv\/produkt\/poster-barnrum-namntavla-doptavla\/\",\"url\":\"https:\/\/www.revellia.com\/sv\/produkt\/poster-barnrum-namntavla-doptavla\/\",\"name\":\"Poster barnrum namntavla \/ doptavla - Revellia\",\"isPartOf\":{\"@id\":\"https:\/\/www.revellia.com\/sv\/#website\"},\"datePublished\":\"2023-11-09T14:20:33+00:00\",\"dateModified\":\"2023-11-09T15:22:46+00:00\",\"description\":\"En poster barnrum som framh\u00e4ver f\u00f6delseinformationen f\u00f6r ditt barn, vilket \u00e4r en utm\u00e4rkt dekorationsid\u00e9 f\u00f6r barnets rum.\",\"breadcrumb\":{\"@id\":\"https:\/\/www.revellia.com\/sv\/produkt\/poster-barnrum-namntavla-doptavla\/#breadcrumb\"},\"inLanguage\":\"sv-SE\",\"potentialAction\":[{\"@type\":\"ReadAction\",\"target\":[\"https:\/\/www.revellia.com\/sv\/produkt\/poster-barnrum-namntavla-doptavla\/\"]}]},{\"@type\":\"BreadcrumbList\",\"@id\":\"https:\/\/www.revellia.com\/sv\/produkt\/poster-barnrum-namntavla-doptavla\/#breadcrumb\",\"itemListElement\":[{\"@type\":\"ListItem\",\"position\":1,\"name\":\"Home\",\"item\":\"https:\/\/www.revellia.com\/sv\/\"},{\"@type\":\"ListItem\",\"position\":2,\"name\":\"Butik\",\"item\":\"https:\/\/www.revellia.com\/sv\/shop\/\"},{\"@type\":\"ListItem\",\"position\":3,\"name\":\"Poster barnrum namntavla \/ doptavla\"}]},{\"@type\":\"WebSite\",\"@id\":\"https:\/\/www.revellia.com\/sv\/#website\",\"url\":\"https:\/\/www.revellia.com\/sv\/\",\"name\":\"Revellia\",\"description\":\"Personalized original posters\",\"publisher\":{\"@id\":\"https:\/\/www.revellia.com\/sv\/#organization\"},\"potentialAction\":[{\"@type\":\"SearchAction\",\"target\":{\"@type\":\"EntryPoint\",\"urlTemplate\":\"https:\/\/www.revellia.com\/sv\/?s={search_term_string}\"},\"query-input\":\"required name=search_term_string\"}],\"inLanguage\":\"sv-SE\"},{\"@type\":\"Organization\",\"@id\":\"https:\/\/www.revellia.com\/sv\/#organization\",\"name\":\"Revellia\",\"url\":\"https:\/\/www.revellia.com\/sv\/\",\"logo\":{\"@type\":\"ImageObject\",\"inLanguage\":\"sv-SE\",\"@id\":\"https:\/\/www.revellia.com\/sv\/#\/schema\/logo\/image\/\",\"url\":\"https:\/\/www.revellia.com\/wp-content\/uploads\/2021\/02\/logo.png\",\"contentUrl\":\"https:\/\/www.revellia.com\/wp-content\/uploads\/2021\/02\/logo.png\",\"width\":437,\"height\":128,\"caption\":\"Revellia\"},\"image\":{\"@id\":\"https:\/\/www.revellia.com\/sv\/#\/schema\/logo\/image\/\"}}]}<\/script>\n<!-- \/ Yoast SEO plugin. -->","yoast_head_json":{"title":"Poster barnrum namntavla \/ doptavla - Revellia","description":"En poster barnrum som framh\u00e4ver f\u00f6delseinformationen f\u00f6r ditt barn, vilket \u00e4r en utm\u00e4rkt dekorationsid\u00e9 f\u00f6r barnets rum.","robots":{"index":"noindex","follow":"nofollow"},"og_locale":"sv_SE","og_type":"article","og_title":"Poster barnrum namntavla \/ doptavla - Revellia","og_description":"En poster barnrum som framh\u00e4ver f\u00f6delseinformationen f\u00f6r ditt barn, vilket \u00e4r en utm\u00e4rkt dekorationsid\u00e9 f\u00f6r barnets rum.","og_url":"https:\/\/www.revellia.com\/sv\/produkt\/poster-barnrum-namntavla-doptavla\/","og_site_name":"Revellia","article_modified_time":"2023-11-09T15:22:46+00:00","og_image":[{"width":1301,"height":868,"url":"https:\/\/www.revellia.com\/wp-content\/uploads\/2023\/05\/birth-en.jpg","type":"image\/jpeg"}],"twitter_card":"summary_large_image","twitter_misc":{"Ber\u00e4knad l\u00e4stid":"1 minut"},"schema":{"@context":"https:\/\/schema.org","@graph":[{"@type":"WebPage","@id":"https:\/\/www.revellia.com\/sv\/produkt\/poster-barnrum-namntavla-doptavla\/","url":"https:\/\/www.revellia.com\/sv\/produkt\/poster-barnrum-namntavla-doptavla\/","name":"Poster barnrum namntavla \/ doptavla - Revellia","isPartOf":{"@id":"https:\/\/www.revellia.com\/sv\/#website"},"datePublished":"2023-11-09T14:20:33+00:00","dateModified":"2023-11-09T15:22:46+00:00","description":"En poster barnrum som framh\u00e4ver f\u00f6delseinformationen f\u00f6r ditt barn, vilket \u00e4r en utm\u00e4rkt dekorationsid\u00e9 f\u00f6r barnets rum.","breadcrumb":{"@id":"https:\/\/www.revellia.com\/sv\/produkt\/poster-barnrum-namntavla-doptavla\/#breadcrumb"},"inLanguage":"sv-SE","potentialAction":[{"@type":"ReadAction","target":["https:\/\/www.revellia.com\/sv\/produkt\/poster-barnrum-namntavla-doptavla\/"]}]},{"@type":"BreadcrumbList","@id":"https:\/\/www.revellia.com\/sv\/produkt\/poster-barnrum-namntavla-doptavla\/#breadcrumb","itemListElement":[{"@type":"ListItem","position":1,"name":"Home","item":"https:\/\/www.revellia.com\/sv\/"},{"@type":"ListItem","position":2,"name":"Butik","item":"https:\/\/www.revellia.com\/sv\/shop\/"},{"@type":"ListItem","position":3,"name":"Poster barnrum namntavla \/ doptavla"}]},{"@type":"WebSite","@id":"https:\/\/www.revellia.com\/sv\/#website","url":"https:\/\/www.revellia.com\/sv\/","name":"Revellia","description":"Personalized original posters","publisher":{"@id":"https:\/\/www.revellia.com\/sv\/#organization"},"potentialAction":[{"@type":"SearchAction","target":{"@type":"EntryPoint","urlTemplate":"https:\/\/www.revellia.com\/sv\/?s={search_term_string}"},"query-input":"required name=search_term_string"}],"inLanguage":"sv-SE"},{"@type":"Organization","@id":"https:\/\/www.revellia.com\/sv\/#organization","name":"Revellia","url":"https:\/\/www.revellia.com\/sv\/","logo":{"@type":"ImageObject","inLanguage":"sv-SE","@id":"https:\/\/www.revellia.com\/sv\/#\/schema\/logo\/image\/","url":"https:\/\/www.revellia.com\/wp-content\/uploads\/2021\/02\/logo.png","contentUrl":"https:\/\/www.revellia.com\/wp-content\/uploads\/2021\/02\/logo.png","width":437,"height":128,"caption":"Revellia"},"image":{"@id":"https:\/\/www.revellia.com\/sv\/#\/schema\/logo\/image\/"}}]}},"_links":{"self":[{"href":"https:\/\/www.revellia.com\/sv\/wp-json\/wp\/v2\/product\/2549","targetHints":{"allow":["GET"]}}],"collection":[{"href":"https:\/\/www.revellia.com\/sv\/wp-json\/wp\/v2\/product"}],"about":[{"href":"https:\/\/www.revellia.com\/sv\/wp-json\/wp\/v2\/types\/product"}],"wp:featuredmedia":[{"embeddable":true,"href":"https:\/\/www.revellia.com\/sv\/wp-json\/wp\/v2\/media\/2332"}],"wp:attachment":[{"href":"https:\/\/www.revellia.com\/sv\/wp-json\/wp\/v2\/media?parent=2549"}],"wp:term":[{"taxonomy":"product_cat","embeddable":true,"href":"https:\/\/www.revellia.com\/sv\/wp-json\/wp\/v2\/product_cat?post=2549"},{"taxonomy":"product_tag","embeddable":true,"href":"https:\/\/www.revellia.com\/sv\/wp-json\/wp\/v2\/product_tag?post=2549"}],"curies":[{"name":"wp","href":"https:\/\/api.w.org\/{rel}","templated":true}]}}