{"id":2752,"date":"2023-11-10T16:17:32","date_gmt":"2023-11-10T16:17:32","guid":{"rendered":"https:\/\/www.revellia.com\/?page_id=2752"},"modified":"2023-11-10T16:17:32","modified_gmt":"2023-11-10T16:17:32","slug":"personlig-manfasposter","status":"publish","type":"page","link":"https:\/\/www.revellia.com\/sv\/posters\/personlig-manfasposter\/","title":{"rendered":"Personlig M\u00e5nfasposter"},"content":{"rendered":"","protected":false},"excerpt":{"rendered":"","protected":false},"author":1,"featured_media":2256,"parent":2681,"menu_order":0,"comment_status":"closed","ping_status":"closed","template":"","meta":{"footnotes":"","powered_cache_disable_cache":false},"yoast_head":"<!-- This site is optimized with the Yoast SEO plugin v21.4 - https:\/\/yoast.com\/wordpress\/plugins\/seo\/ -->\n<title>Personlig M\u00e5nfasposter - Revellia<\/title>\n<meta name=\"description\" content=\"Skapa en personlig m\u00e5nfasposter som visar m\u00e5nens fas p\u00e5 dagen f\u00f6r din f\u00f6delse, din bebis f\u00f6delse eller en annan n\u00e4ra persons f\u00f6delsedag.\" \/>\n<meta name=\"robots\" content=\"index, follow, max-snippet:-1, max-image-preview:large, max-video-preview:-1\" \/>\n<link rel=\"canonical\" href=\"https:\/\/www.revellia.com\/sv\/posters\/personlig-manfasposter\/\" \/>\n<meta property=\"og:locale\" content=\"sv_SE\" \/>\n<meta property=\"og:type\" content=\"article\" \/>\n<meta property=\"og:title\" content=\"Personlig M\u00e5nfasposter - Revellia\" \/>\n<meta property=\"og:description\" content=\"Skapa en personlig m\u00e5nfasposter som visar m\u00e5nens fas p\u00e5 dagen f\u00f6r din f\u00f6delse, din bebis f\u00f6delse eller en annan n\u00e4ra persons f\u00f6delsedag.\" \/>\n<meta property=\"og:url\" content=\"https:\/\/www.revellia.com\/sv\/posters\/personlig-manfasposter\/\" \/>\n<meta property=\"og:site_name\" content=\"Revellia\" \/>\n<meta property=\"og:image\" content=\"https:\/\/www.revellia.com\/wp-content\/uploads\/2022\/08\/moon-phases.jpg\" \/>\n\t<meta property=\"og:image:width\" content=\"992\" \/>\n\t<meta property=\"og:image:height\" content=\"1120\" \/>\n\t<meta property=\"og:image:type\" content=\"image\/jpeg\" \/>\n<meta name=\"twitter:card\" content=\"summary_large_image\" \/>\n<script type=\"application\/ld+json\" class=\"yoast-schema-graph\">{\"@context\":\"https:\/\/schema.org\",\"@graph\":[{\"@type\":\"WebPage\",\"@id\":\"https:\/\/www.revellia.com\/sv\/posters\/personlig-manfasposter\/\",\"url\":\"https:\/\/www.revellia.com\/sv\/posters\/personlig-manfasposter\/\",\"name\":\"Personlig M\u00e5nfasposter - Revellia\",\"isPartOf\":{\"@id\":\"https:\/\/www.revellia.com\/sv\/#website\"},\"datePublished\":\"2023-11-10T16:17:32+00:00\",\"dateModified\":\"2023-11-10T16:17:32+00:00\",\"description\":\"Skapa en personlig m\u00e5nfasposter som visar m\u00e5nens fas p\u00e5 dagen f\u00f6r din f\u00f6delse, din bebis f\u00f6delse eller en annan n\u00e4ra persons f\u00f6delsedag.\",\"breadcrumb\":{\"@id\":\"https:\/\/www.revellia.com\/sv\/posters\/personlig-manfasposter\/#breadcrumb\"},\"inLanguage\":\"sv-SE\",\"potentialAction\":[{\"@type\":\"ReadAction\",\"target\":[\"https:\/\/www.revellia.com\/sv\/posters\/personlig-manfasposter\/\"]}]},{\"@type\":\"BreadcrumbList\",\"@id\":\"https:\/\/www.revellia.com\/sv\/posters\/personlig-manfasposter\/#breadcrumb\",\"itemListElement\":[{\"@type\":\"ListItem\",\"position\":1,\"name\":\"Home\",\"item\":\"https:\/\/www.revellia.com\/sv\/\"},{\"@type\":\"ListItem\",\"position\":2,\"name\":\"Posters\",\"item\":\"https:\/\/www.revellia.com\/sv\/posters\/\"},{\"@type\":\"ListItem\",\"position\":3,\"name\":\"Personlig M\u00e5nfasposter\"}]},{\"@type\":\"WebSite\",\"@id\":\"https:\/\/www.revellia.com\/sv\/#website\",\"url\":\"https:\/\/www.revellia.com\/sv\/\",\"name\":\"Revellia\",\"description\":\"Personalized original posters\",\"publisher\":{\"@id\":\"https:\/\/www.revellia.com\/sv\/#organization\"},\"potentialAction\":[{\"@type\":\"SearchAction\",\"target\":{\"@type\":\"EntryPoint\",\"urlTemplate\":\"https:\/\/www.revellia.com\/sv\/?s={search_term_string}\"},\"query-input\":\"required name=search_term_string\"}],\"inLanguage\":\"sv-SE\"},{\"@type\":\"Organization\",\"@id\":\"https:\/\/www.revellia.com\/sv\/#organization\",\"name\":\"Revellia\",\"url\":\"https:\/\/www.revellia.com\/sv\/\",\"logo\":{\"@type\":\"ImageObject\",\"inLanguage\":\"sv-SE\",\"@id\":\"https:\/\/www.revellia.com\/sv\/#\/schema\/logo\/image\/\",\"url\":\"https:\/\/www.revellia.com\/wp-content\/uploads\/2021\/02\/logo.png\",\"contentUrl\":\"https:\/\/www.revellia.com\/wp-content\/uploads\/2021\/02\/logo.png\",\"width\":437,\"height\":128,\"caption\":\"Revellia\"},\"image\":{\"@id\":\"https:\/\/www.revellia.com\/sv\/#\/schema\/logo\/image\/\"}}]}<\/script>\n<!-- \/ Yoast SEO plugin. -->","yoast_head_json":{"title":"Personlig M\u00e5nfasposter - Revellia","description":"Skapa en personlig m\u00e5nfasposter som visar m\u00e5nens fas p\u00e5 dagen f\u00f6r din f\u00f6delse, din bebis f\u00f6delse eller en annan n\u00e4ra persons f\u00f6delsedag.","robots":{"index":"index","follow":"follow","max-snippet":"max-snippet:-1","max-image-preview":"max-image-preview:large","max-video-preview":"max-video-preview:-1"},"canonical":"https:\/\/www.revellia.com\/sv\/posters\/personlig-manfasposter\/","og_locale":"sv_SE","og_type":"article","og_title":"Personlig M\u00e5nfasposter - Revellia","og_description":"Skapa en personlig m\u00e5nfasposter som visar m\u00e5nens fas p\u00e5 dagen f\u00f6r din f\u00f6delse, din bebis f\u00f6delse eller en annan n\u00e4ra persons f\u00f6delsedag.","og_url":"https:\/\/www.revellia.com\/sv\/posters\/personlig-manfasposter\/","og_site_name":"Revellia","og_image":[{"width":992,"height":1120,"url":"https:\/\/www.revellia.com\/wp-content\/uploads\/2022\/08\/moon-phases.jpg","type":"image\/jpeg"}],"twitter_card":"summary_large_image","schema":{"@context":"https:\/\/schema.org","@graph":[{"@type":"WebPage","@id":"https:\/\/www.revellia.com\/sv\/posters\/personlig-manfasposter\/","url":"https:\/\/www.revellia.com\/sv\/posters\/personlig-manfasposter\/","name":"Personlig M\u00e5nfasposter - Revellia","isPartOf":{"@id":"https:\/\/www.revellia.com\/sv\/#website"},"datePublished":"2023-11-10T16:17:32+00:00","dateModified":"2023-11-10T16:17:32+00:00","description":"Skapa en personlig m\u00e5nfasposter som visar m\u00e5nens fas p\u00e5 dagen f\u00f6r din f\u00f6delse, din bebis f\u00f6delse eller en annan n\u00e4ra persons f\u00f6delsedag.","breadcrumb":{"@id":"https:\/\/www.revellia.com\/sv\/posters\/personlig-manfasposter\/#breadcrumb"},"inLanguage":"sv-SE","potentialAction":[{"@type":"ReadAction","target":["https:\/\/www.revellia.com\/sv\/posters\/personlig-manfasposter\/"]}]},{"@type":"BreadcrumbList","@id":"https:\/\/www.revellia.com\/sv\/posters\/personlig-manfasposter\/#breadcrumb","itemListElement":[{"@type":"ListItem","position":1,"name":"Home","item":"https:\/\/www.revellia.com\/sv\/"},{"@type":"ListItem","position":2,"name":"Posters","item":"https:\/\/www.revellia.com\/sv\/posters\/"},{"@type":"ListItem","position":3,"name":"Personlig M\u00e5nfasposter"}]},{"@type":"WebSite","@id":"https:\/\/www.revellia.com\/sv\/#website","url":"https:\/\/www.revellia.com\/sv\/","name":"Revellia","description":"Personalized original posters","publisher":{"@id":"https:\/\/www.revellia.com\/sv\/#organization"},"potentialAction":[{"@type":"SearchAction","target":{"@type":"EntryPoint","urlTemplate":"https:\/\/www.revellia.com\/sv\/?s={search_term_string}"},"query-input":"required name=search_term_string"}],"inLanguage":"sv-SE"},{"@type":"Organization","@id":"https:\/\/www.revellia.com\/sv\/#organization","name":"Revellia","url":"https:\/\/www.revellia.com\/sv\/","logo":{"@type":"ImageObject","inLanguage":"sv-SE","@id":"https:\/\/www.revellia.com\/sv\/#\/schema\/logo\/image\/","url":"https:\/\/www.revellia.com\/wp-content\/uploads\/2021\/02\/logo.png","contentUrl":"https:\/\/www.revellia.com\/wp-content\/uploads\/2021\/02\/logo.png","width":437,"height":128,"caption":"Revellia"},"image":{"@id":"https:\/\/www.revellia.com\/sv\/#\/schema\/logo\/image\/"}}]}},"_links":{"self":[{"href":"https:\/\/www.revellia.com\/sv\/wp-json\/wp\/v2\/pages\/2752"}],"collection":[{"href":"https:\/\/www.revellia.com\/sv\/wp-json\/wp\/v2\/pages"}],"about":[{"href":"https:\/\/www.revellia.com\/sv\/wp-json\/wp\/v2\/types\/page"}],"author":[{"embeddable":true,"href":"https:\/\/www.revellia.com\/sv\/wp-json\/wp\/v2\/users\/1"}],"replies":[{"embeddable":true,"href":"https:\/\/www.revellia.com\/sv\/wp-json\/wp\/v2\/comments?post=2752"}],"version-history":[{"count":1,"href":"https:\/\/www.revellia.com\/sv\/wp-json\/wp\/v2\/pages\/2752\/revisions"}],"predecessor-version":[{"id":2753,"href":"https:\/\/www.revellia.com\/sv\/wp-json\/wp\/v2\/pages\/2752\/revisions\/2753"}],"up":[{"embeddable":true,"href":"https:\/\/www.revellia.com\/sv\/wp-json\/wp\/v2\/pages\/2681"}],"wp:featuredmedia":[{"embeddable":true,"href":"https:\/\/www.revellia.com\/sv\/wp-json\/wp\/v2\/media\/2256"}],"wp:attachment":[{"href":"https:\/\/www.revellia.com\/sv\/wp-json\/wp\/v2\/media?parent=2752"}],"curies":[{"name":"wp","href":"https:\/\/api.w.org\/{rel}","templated":true}]}}