{"id":2743,"date":"2023-11-10T16:11:33","date_gmt":"2023-11-10T16:11:33","guid":{"rendered":"https:\/\/www.revellia.com\/?page_id=2743"},"modified":"2023-11-10T16:11:33","modified_gmt":"2023-11-10T16:11:33","slug":"poster-barnrum-namntavla-doptavla","status":"publish","type":"page","link":"https:\/\/www.revellia.com\/sv\/posters\/poster-barnrum-namntavla-doptavla\/","title":{"rendered":"Poster Barnrum Namntavla \/ Doptavla"},"content":{"rendered":"","protected":false},"excerpt":{"rendered":"","protected":false},"author":1,"featured_media":2332,"parent":2681,"menu_order":0,"comment_status":"closed","ping_status":"closed","template":"","meta":{"powered_cache_disable_cache":false,"footnotes":""},"class_list":["post-2743","page","type-page","status-publish","has-post-thumbnail","hentry"],"yoast_head":"<!-- This site is optimized with the Yoast SEO plugin v21.4 - https:\/\/yoast.com\/wordpress\/plugins\/seo\/ -->\n<title>Poster Barnrum Namntavla \/ Doptavla - Revellia<\/title>\n<meta name=\"description\" content=\"En poster barnrum som framh\u00e4ver f\u00f6delseinformationen f\u00f6r ditt barn, vilket \u00e4r en utm\u00e4rkt dekorationsid\u00e9 f\u00f6r barnets rum.\" \/>\n<meta name=\"robots\" content=\"index, follow, max-snippet:-1, max-image-preview:large, max-video-preview:-1\" \/>\n<link rel=\"canonical\" href=\"https:\/\/www.revellia.com\/sv\/posters\/poster-barnrum-namntavla-doptavla\/\" \/>\n<meta property=\"og:locale\" content=\"sv_SE\" \/>\n<meta property=\"og:type\" content=\"article\" \/>\n<meta property=\"og:title\" content=\"Poster Barnrum Namntavla \/ Doptavla - Revellia\" \/>\n<meta property=\"og:description\" content=\"En poster barnrum som framh\u00e4ver f\u00f6delseinformationen f\u00f6r ditt barn, vilket \u00e4r en utm\u00e4rkt dekorationsid\u00e9 f\u00f6r barnets rum.\" \/>\n<meta property=\"og:url\" content=\"https:\/\/www.revellia.com\/sv\/posters\/poster-barnrum-namntavla-doptavla\/\" \/>\n<meta property=\"og:site_name\" content=\"Revellia\" \/>\n<meta property=\"og:image\" content=\"https:\/\/www.revellia.com\/wp-content\/uploads\/2023\/05\/birth-en.jpg\" \/>\n\t<meta property=\"og:image:width\" content=\"1301\" \/>\n\t<meta property=\"og:image:height\" content=\"868\" \/>\n\t<meta property=\"og:image:type\" content=\"image\/jpeg\" \/>\n<meta name=\"twitter:card\" content=\"summary_large_image\" \/>\n<script type=\"application\/ld+json\" class=\"yoast-schema-graph\">{\"@context\":\"https:\/\/schema.org\",\"@graph\":[{\"@type\":\"WebPage\",\"@id\":\"https:\/\/www.revellia.com\/sv\/posters\/poster-barnrum-namntavla-doptavla\/\",\"url\":\"https:\/\/www.revellia.com\/sv\/posters\/poster-barnrum-namntavla-doptavla\/\",\"name\":\"Poster Barnrum Namntavla \/ Doptavla - Revellia\",\"isPartOf\":{\"@id\":\"https:\/\/www.revellia.com\/sv\/#website\"},\"datePublished\":\"2023-11-10T16:11:33+00:00\",\"dateModified\":\"2023-11-10T16:11:33+00:00\",\"description\":\"En poster barnrum som framh\u00e4ver f\u00f6delseinformationen f\u00f6r ditt barn, vilket \u00e4r en utm\u00e4rkt dekorationsid\u00e9 f\u00f6r barnets rum.\",\"breadcrumb\":{\"@id\":\"https:\/\/www.revellia.com\/sv\/posters\/poster-barnrum-namntavla-doptavla\/#breadcrumb\"},\"inLanguage\":\"sv-SE\",\"potentialAction\":[{\"@type\":\"ReadAction\",\"target\":[\"https:\/\/www.revellia.com\/sv\/posters\/poster-barnrum-namntavla-doptavla\/\"]}]},{\"@type\":\"BreadcrumbList\",\"@id\":\"https:\/\/www.revellia.com\/sv\/posters\/poster-barnrum-namntavla-doptavla\/#breadcrumb\",\"itemListElement\":[{\"@type\":\"ListItem\",\"position\":1,\"name\":\"Home\",\"item\":\"https:\/\/www.revellia.com\/sv\/\"},{\"@type\":\"ListItem\",\"position\":2,\"name\":\"Posters\",\"item\":\"https:\/\/www.revellia.com\/sv\/posters\/\"},{\"@type\":\"ListItem\",\"position\":3,\"name\":\"Poster Barnrum Namntavla \/ Doptavla\"}]},{\"@type\":\"WebSite\",\"@id\":\"https:\/\/www.revellia.com\/sv\/#website\",\"url\":\"https:\/\/www.revellia.com\/sv\/\",\"name\":\"Revellia\",\"description\":\"Personalized original posters\",\"publisher\":{\"@id\":\"https:\/\/www.revellia.com\/sv\/#organization\"},\"potentialAction\":[{\"@type\":\"SearchAction\",\"target\":{\"@type\":\"EntryPoint\",\"urlTemplate\":\"https:\/\/www.revellia.com\/sv\/?s={search_term_string}\"},\"query-input\":\"required name=search_term_string\"}],\"inLanguage\":\"sv-SE\"},{\"@type\":\"Organization\",\"@id\":\"https:\/\/www.revellia.com\/sv\/#organization\",\"name\":\"Revellia\",\"url\":\"https:\/\/www.revellia.com\/sv\/\",\"logo\":{\"@type\":\"ImageObject\",\"inLanguage\":\"sv-SE\",\"@id\":\"https:\/\/www.revellia.com\/sv\/#\/schema\/logo\/image\/\",\"url\":\"https:\/\/www.revellia.com\/wp-content\/uploads\/2021\/02\/logo.png\",\"contentUrl\":\"https:\/\/www.revellia.com\/wp-content\/uploads\/2021\/02\/logo.png\",\"width\":437,\"height\":128,\"caption\":\"Revellia\"},\"image\":{\"@id\":\"https:\/\/www.revellia.com\/sv\/#\/schema\/logo\/image\/\"}}]}<\/script>\n<!-- \/ Yoast SEO plugin. -->","yoast_head_json":{"title":"Poster Barnrum Namntavla \/ Doptavla - Revellia","description":"En poster barnrum som framh\u00e4ver f\u00f6delseinformationen f\u00f6r ditt barn, vilket \u00e4r en utm\u00e4rkt dekorationsid\u00e9 f\u00f6r barnets rum.","robots":{"index":"index","follow":"follow","max-snippet":"max-snippet:-1","max-image-preview":"max-image-preview:large","max-video-preview":"max-video-preview:-1"},"canonical":"https:\/\/www.revellia.com\/sv\/posters\/poster-barnrum-namntavla-doptavla\/","og_locale":"sv_SE","og_type":"article","og_title":"Poster Barnrum Namntavla \/ Doptavla - Revellia","og_description":"En poster barnrum som framh\u00e4ver f\u00f6delseinformationen f\u00f6r ditt barn, vilket \u00e4r en utm\u00e4rkt dekorationsid\u00e9 f\u00f6r barnets rum.","og_url":"https:\/\/www.revellia.com\/sv\/posters\/poster-barnrum-namntavla-doptavla\/","og_site_name":"Revellia","og_image":[{"width":1301,"height":868,"url":"https:\/\/www.revellia.com\/wp-content\/uploads\/2023\/05\/birth-en.jpg","type":"image\/jpeg"}],"twitter_card":"summary_large_image","schema":{"@context":"https:\/\/schema.org","@graph":[{"@type":"WebPage","@id":"https:\/\/www.revellia.com\/sv\/posters\/poster-barnrum-namntavla-doptavla\/","url":"https:\/\/www.revellia.com\/sv\/posters\/poster-barnrum-namntavla-doptavla\/","name":"Poster Barnrum Namntavla \/ Doptavla - Revellia","isPartOf":{"@id":"https:\/\/www.revellia.com\/sv\/#website"},"datePublished":"2023-11-10T16:11:33+00:00","dateModified":"2023-11-10T16:11:33+00:00","description":"En poster barnrum som framh\u00e4ver f\u00f6delseinformationen f\u00f6r ditt barn, vilket \u00e4r en utm\u00e4rkt dekorationsid\u00e9 f\u00f6r barnets rum.","breadcrumb":{"@id":"https:\/\/www.revellia.com\/sv\/posters\/poster-barnrum-namntavla-doptavla\/#breadcrumb"},"inLanguage":"sv-SE","potentialAction":[{"@type":"ReadAction","target":["https:\/\/www.revellia.com\/sv\/posters\/poster-barnrum-namntavla-doptavla\/"]}]},{"@type":"BreadcrumbList","@id":"https:\/\/www.revellia.com\/sv\/posters\/poster-barnrum-namntavla-doptavla\/#breadcrumb","itemListElement":[{"@type":"ListItem","position":1,"name":"Home","item":"https:\/\/www.revellia.com\/sv\/"},{"@type":"ListItem","position":2,"name":"Posters","item":"https:\/\/www.revellia.com\/sv\/posters\/"},{"@type":"ListItem","position":3,"name":"Poster Barnrum Namntavla \/ Doptavla"}]},{"@type":"WebSite","@id":"https:\/\/www.revellia.com\/sv\/#website","url":"https:\/\/www.revellia.com\/sv\/","name":"Revellia","description":"Personalized original posters","publisher":{"@id":"https:\/\/www.revellia.com\/sv\/#organization"},"potentialAction":[{"@type":"SearchAction","target":{"@type":"EntryPoint","urlTemplate":"https:\/\/www.revellia.com\/sv\/?s={search_term_string}"},"query-input":"required name=search_term_string"}],"inLanguage":"sv-SE"},{"@type":"Organization","@id":"https:\/\/www.revellia.com\/sv\/#organization","name":"Revellia","url":"https:\/\/www.revellia.com\/sv\/","logo":{"@type":"ImageObject","inLanguage":"sv-SE","@id":"https:\/\/www.revellia.com\/sv\/#\/schema\/logo\/image\/","url":"https:\/\/www.revellia.com\/wp-content\/uploads\/2021\/02\/logo.png","contentUrl":"https:\/\/www.revellia.com\/wp-content\/uploads\/2021\/02\/logo.png","width":437,"height":128,"caption":"Revellia"},"image":{"@id":"https:\/\/www.revellia.com\/sv\/#\/schema\/logo\/image\/"}}]}},"_links":{"self":[{"href":"https:\/\/www.revellia.com\/sv\/wp-json\/wp\/v2\/pages\/2743","targetHints":{"allow":["GET"]}}],"collection":[{"href":"https:\/\/www.revellia.com\/sv\/wp-json\/wp\/v2\/pages"}],"about":[{"href":"https:\/\/www.revellia.com\/sv\/wp-json\/wp\/v2\/types\/page"}],"author":[{"embeddable":true,"href":"https:\/\/www.revellia.com\/sv\/wp-json\/wp\/v2\/users\/1"}],"replies":[{"embeddable":true,"href":"https:\/\/www.revellia.com\/sv\/wp-json\/wp\/v2\/comments?post=2743"}],"version-history":[{"count":1,"href":"https:\/\/www.revellia.com\/sv\/wp-json\/wp\/v2\/pages\/2743\/revisions"}],"predecessor-version":[{"id":2744,"href":"https:\/\/www.revellia.com\/sv\/wp-json\/wp\/v2\/pages\/2743\/revisions\/2744"}],"up":[{"embeddable":true,"href":"https:\/\/www.revellia.com\/sv\/wp-json\/wp\/v2\/pages\/2681"}],"wp:featuredmedia":[{"embeddable":true,"href":"https:\/\/www.revellia.com\/sv\/wp-json\/wp\/v2\/media\/2332"}],"wp:attachment":[{"href":"https:\/\/www.revellia.com\/sv\/wp-json\/wp\/v2\/media?parent=2743"}],"curies":[{"name":"wp","href":"https:\/\/api.w.org\/{rel}","templated":true}]}}