{"id":2647,"date":"2023-11-09T16:54:57","date_gmt":"2023-11-09T16:54:57","guid":{"rendered":"https:\/\/www.revellia.com\/?page_id=2647"},"modified":"2023-11-09T16:55:39","modified_gmt":"2023-11-09T16:55:39","slug":"faq","status":"publish","type":"page","link":"https:\/\/www.revellia.com\/sv\/faq\/","title":{"rendered":"Vanliga fr\u00e5gor"},"content":{"rendered":"","protected":false},"excerpt":{"rendered":"","protected":false},"author":1,"featured_media":0,"parent":0,"menu_order":0,"comment_status":"closed","ping_status":"closed","template":"","meta":{"powered_cache_disable_cache":false,"footnotes":""},"class_list":["post-2647","page","type-page","status-publish","hentry"],"yoast_head":"<!-- This site is optimized with the Yoast SEO plugin v21.4 - https:\/\/yoast.com\/wordpress\/plugins\/seo\/ -->\n<title>Vanliga fr\u00e5gor - Revellia<\/title>\n<meta name=\"description\" content=\"Vi besvarar alla era fr\u00e5gor i denna FAQ. Tveka inte att kontakta oss om ni har fler fr\u00e5gor.\" \/>\n<meta name=\"robots\" content=\"index, follow, max-snippet:-1, max-image-preview:large, max-video-preview:-1\" \/>\n<link rel=\"canonical\" href=\"https:\/\/www.revellia.com\/sv\/faq\/\" \/>\n<meta property=\"og:locale\" content=\"sv_SE\" \/>\n<meta property=\"og:type\" content=\"article\" \/>\n<meta property=\"og:title\" content=\"Vanliga fr\u00e5gor - Revellia\" \/>\n<meta property=\"og:description\" content=\"Vi besvarar alla era fr\u00e5gor i denna FAQ. Tveka inte att kontakta oss om ni har fler fr\u00e5gor.\" \/>\n<meta property=\"og:url\" content=\"https:\/\/www.revellia.com\/sv\/faq\/\" \/>\n<meta property=\"og:site_name\" content=\"Revellia\" \/>\n<meta property=\"article:modified_time\" content=\"2023-11-09T16:55:39+00:00\" \/>\n<meta name=\"twitter:card\" content=\"summary_large_image\" \/>\n<script type=\"application\/ld+json\" class=\"yoast-schema-graph\">{\"@context\":\"https:\/\/schema.org\",\"@graph\":[{\"@type\":\"WebPage\",\"@id\":\"https:\/\/www.revellia.com\/sv\/faq\/\",\"url\":\"https:\/\/www.revellia.com\/sv\/faq\/\",\"name\":\"Vanliga fr\u00e5gor - Revellia\",\"isPartOf\":{\"@id\":\"https:\/\/www.revellia.com\/sv\/#website\"},\"datePublished\":\"2023-11-09T16:54:57+00:00\",\"dateModified\":\"2023-11-09T16:55:39+00:00\",\"description\":\"Vi besvarar alla era fr\u00e5gor i denna FAQ. Tveka inte att kontakta oss om ni har fler fr\u00e5gor.\",\"breadcrumb\":{\"@id\":\"https:\/\/www.revellia.com\/sv\/faq\/#breadcrumb\"},\"inLanguage\":\"sv-SE\",\"potentialAction\":[{\"@type\":\"ReadAction\",\"target\":[\"https:\/\/www.revellia.com\/sv\/faq\/\"]}]},{\"@type\":\"BreadcrumbList\",\"@id\":\"https:\/\/www.revellia.com\/sv\/faq\/#breadcrumb\",\"itemListElement\":[{\"@type\":\"ListItem\",\"position\":1,\"name\":\"Home\",\"item\":\"https:\/\/www.revellia.com\/sv\/\"},{\"@type\":\"ListItem\",\"position\":2,\"name\":\"Vanliga fr\u00e5gor\"}]},{\"@type\":\"WebSite\",\"@id\":\"https:\/\/www.revellia.com\/sv\/#website\",\"url\":\"https:\/\/www.revellia.com\/sv\/\",\"name\":\"Revellia\",\"description\":\"Personalized original posters\",\"publisher\":{\"@id\":\"https:\/\/www.revellia.com\/sv\/#organization\"},\"potentialAction\":[{\"@type\":\"SearchAction\",\"target\":{\"@type\":\"EntryPoint\",\"urlTemplate\":\"https:\/\/www.revellia.com\/sv\/?s={search_term_string}\"},\"query-input\":\"required name=search_term_string\"}],\"inLanguage\":\"sv-SE\"},{\"@type\":\"Organization\",\"@id\":\"https:\/\/www.revellia.com\/sv\/#organization\",\"name\":\"Revellia\",\"url\":\"https:\/\/www.revellia.com\/sv\/\",\"logo\":{\"@type\":\"ImageObject\",\"inLanguage\":\"sv-SE\",\"@id\":\"https:\/\/www.revellia.com\/sv\/#\/schema\/logo\/image\/\",\"url\":\"https:\/\/www.revellia.com\/wp-content\/uploads\/2021\/02\/logo.png\",\"contentUrl\":\"https:\/\/www.revellia.com\/wp-content\/uploads\/2021\/02\/logo.png\",\"width\":437,\"height\":128,\"caption\":\"Revellia\"},\"image\":{\"@id\":\"https:\/\/www.revellia.com\/sv\/#\/schema\/logo\/image\/\"}}]}<\/script>\n<!-- \/ Yoast SEO plugin. -->","yoast_head_json":{"title":"Vanliga fr\u00e5gor - Revellia","description":"Vi besvarar alla era fr\u00e5gor i denna FAQ. Tveka inte att kontakta oss om ni har fler fr\u00e5gor.","robots":{"index":"index","follow":"follow","max-snippet":"max-snippet:-1","max-image-preview":"max-image-preview:large","max-video-preview":"max-video-preview:-1"},"canonical":"https:\/\/www.revellia.com\/sv\/faq\/","og_locale":"sv_SE","og_type":"article","og_title":"Vanliga fr\u00e5gor - Revellia","og_description":"Vi besvarar alla era fr\u00e5gor i denna FAQ. Tveka inte att kontakta oss om ni har fler fr\u00e5gor.","og_url":"https:\/\/www.revellia.com\/sv\/faq\/","og_site_name":"Revellia","article_modified_time":"2023-11-09T16:55:39+00:00","twitter_card":"summary_large_image","schema":{"@context":"https:\/\/schema.org","@graph":[{"@type":"WebPage","@id":"https:\/\/www.revellia.com\/sv\/faq\/","url":"https:\/\/www.revellia.com\/sv\/faq\/","name":"Vanliga fr\u00e5gor - Revellia","isPartOf":{"@id":"https:\/\/www.revellia.com\/sv\/#website"},"datePublished":"2023-11-09T16:54:57+00:00","dateModified":"2023-11-09T16:55:39+00:00","description":"Vi besvarar alla era fr\u00e5gor i denna FAQ. Tveka inte att kontakta oss om ni har fler fr\u00e5gor.","breadcrumb":{"@id":"https:\/\/www.revellia.com\/sv\/faq\/#breadcrumb"},"inLanguage":"sv-SE","potentialAction":[{"@type":"ReadAction","target":["https:\/\/www.revellia.com\/sv\/faq\/"]}]},{"@type":"BreadcrumbList","@id":"https:\/\/www.revellia.com\/sv\/faq\/#breadcrumb","itemListElement":[{"@type":"ListItem","position":1,"name":"Home","item":"https:\/\/www.revellia.com\/sv\/"},{"@type":"ListItem","position":2,"name":"Vanliga fr\u00e5gor"}]},{"@type":"WebSite","@id":"https:\/\/www.revellia.com\/sv\/#website","url":"https:\/\/www.revellia.com\/sv\/","name":"Revellia","description":"Personalized original posters","publisher":{"@id":"https:\/\/www.revellia.com\/sv\/#organization"},"potentialAction":[{"@type":"SearchAction","target":{"@type":"EntryPoint","urlTemplate":"https:\/\/www.revellia.com\/sv\/?s={search_term_string}"},"query-input":"required name=search_term_string"}],"inLanguage":"sv-SE"},{"@type":"Organization","@id":"https:\/\/www.revellia.com\/sv\/#organization","name":"Revellia","url":"https:\/\/www.revellia.com\/sv\/","logo":{"@type":"ImageObject","inLanguage":"sv-SE","@id":"https:\/\/www.revellia.com\/sv\/#\/schema\/logo\/image\/","url":"https:\/\/www.revellia.com\/wp-content\/uploads\/2021\/02\/logo.png","contentUrl":"https:\/\/www.revellia.com\/wp-content\/uploads\/2021\/02\/logo.png","width":437,"height":128,"caption":"Revellia"},"image":{"@id":"https:\/\/www.revellia.com\/sv\/#\/schema\/logo\/image\/"}}]}},"_links":{"self":[{"href":"https:\/\/www.revellia.com\/sv\/wp-json\/wp\/v2\/pages\/2647","targetHints":{"allow":["GET"]}}],"collection":[{"href":"https:\/\/www.revellia.com\/sv\/wp-json\/wp\/v2\/pages"}],"about":[{"href":"https:\/\/www.revellia.com\/sv\/wp-json\/wp\/v2\/types\/page"}],"author":[{"embeddable":true,"href":"https:\/\/www.revellia.com\/sv\/wp-json\/wp\/v2\/users\/1"}],"replies":[{"embeddable":true,"href":"https:\/\/www.revellia.com\/sv\/wp-json\/wp\/v2\/comments?post=2647"}],"version-history":[{"count":1,"href":"https:\/\/www.revellia.com\/sv\/wp-json\/wp\/v2\/pages\/2647\/revisions"}],"predecessor-version":[{"id":2650,"href":"https:\/\/www.revellia.com\/sv\/wp-json\/wp\/v2\/pages\/2647\/revisions\/2650"}],"wp:attachment":[{"href":"https:\/\/www.revellia.com\/sv\/wp-json\/wp\/v2\/media?parent=2647"}],"curies":[{"name":"wp","href":"https:\/\/api.w.org\/{rel}","templated":true}]}}