{"id":2641,"date":"2023-11-09T16:47:28","date_gmt":"2023-11-09T16:47:28","guid":{"rendered":"https:\/\/www.revellia.com\/?page_id=2641"},"modified":"2023-11-09T17:12:25","modified_gmt":"2023-11-09T17:12:25","slug":"reviews","status":"publish","type":"page","link":"https:\/\/www.revellia.com\/sv\/reviews\/","title":{"rendered":"Kundrecensioner"},"content":{"rendered":"","protected":false},"excerpt":{"rendered":"","protected":false},"author":1,"featured_media":0,"parent":0,"menu_order":0,"comment_status":"closed","ping_status":"closed","template":"","meta":{"powered_cache_disable_cache":false,"footnotes":""},"class_list":["post-2641","page","type-page","status-publish","hentry"],"yoast_head":"<!-- This site is optimized with the Yoast SEO plugin v21.4 - https:\/\/yoast.com\/wordpress\/plugins\/seo\/ -->\n<title>Kundrecensioner - Revellia<\/title>\n<meta name=\"description\" content=\"Vad tycker v\u00e5ra kunder om v\u00e5ra personliga affischer? Ta reda p\u00e5 det och skaffa din egen stj\u00e4rnkarta eller familjeportr\u00e4tt.\" \/>\n<meta name=\"robots\" content=\"index, follow, max-snippet:-1, max-image-preview:large, max-video-preview:-1\" \/>\n<link rel=\"canonical\" href=\"https:\/\/www.revellia.com\/sv\/reviews\/\" \/>\n<meta property=\"og:locale\" content=\"sv_SE\" \/>\n<meta property=\"og:type\" content=\"article\" \/>\n<meta property=\"og:title\" content=\"Kundrecensioner - Revellia\" \/>\n<meta property=\"og:description\" content=\"Vad tycker v\u00e5ra kunder om v\u00e5ra personliga affischer? Ta reda p\u00e5 det och skaffa din egen stj\u00e4rnkarta eller familjeportr\u00e4tt.\" \/>\n<meta property=\"og:url\" content=\"https:\/\/www.revellia.com\/sv\/reviews\/\" \/>\n<meta property=\"og:site_name\" content=\"Revellia\" \/>\n<meta property=\"article:modified_time\" content=\"2023-11-09T17:12:25+00:00\" \/>\n<meta name=\"twitter:card\" content=\"summary_large_image\" \/>\n<script type=\"application\/ld+json\" class=\"yoast-schema-graph\">{\"@context\":\"https:\/\/schema.org\",\"@graph\":[{\"@type\":\"WebPage\",\"@id\":\"https:\/\/www.revellia.com\/sv\/reviews\/\",\"url\":\"https:\/\/www.revellia.com\/sv\/reviews\/\",\"name\":\"Kundrecensioner - Revellia\",\"isPartOf\":{\"@id\":\"https:\/\/www.revellia.com\/sv\/#website\"},\"datePublished\":\"2023-11-09T16:47:28+00:00\",\"dateModified\":\"2023-11-09T17:12:25+00:00\",\"description\":\"Vad tycker v\u00e5ra kunder om v\u00e5ra personliga affischer? Ta reda p\u00e5 det och skaffa din egen stj\u00e4rnkarta eller familjeportr\u00e4tt.\",\"breadcrumb\":{\"@id\":\"https:\/\/www.revellia.com\/sv\/reviews\/#breadcrumb\"},\"inLanguage\":\"sv-SE\",\"potentialAction\":[{\"@type\":\"ReadAction\",\"target\":[\"https:\/\/www.revellia.com\/sv\/reviews\/\"]}]},{\"@type\":\"BreadcrumbList\",\"@id\":\"https:\/\/www.revellia.com\/sv\/reviews\/#breadcrumb\",\"itemListElement\":[{\"@type\":\"ListItem\",\"position\":1,\"name\":\"Home\",\"item\":\"https:\/\/www.revellia.com\/sv\/\"},{\"@type\":\"ListItem\",\"position\":2,\"name\":\"Kundrecensioner\"}]},{\"@type\":\"WebSite\",\"@id\":\"https:\/\/www.revellia.com\/sv\/#website\",\"url\":\"https:\/\/www.revellia.com\/sv\/\",\"name\":\"Revellia\",\"description\":\"Personalized original posters\",\"publisher\":{\"@id\":\"https:\/\/www.revellia.com\/sv\/#organization\"},\"potentialAction\":[{\"@type\":\"SearchAction\",\"target\":{\"@type\":\"EntryPoint\",\"urlTemplate\":\"https:\/\/www.revellia.com\/sv\/?s={search_term_string}\"},\"query-input\":\"required name=search_term_string\"}],\"inLanguage\":\"sv-SE\"},{\"@type\":\"Organization\",\"@id\":\"https:\/\/www.revellia.com\/sv\/#organization\",\"name\":\"Revellia\",\"url\":\"https:\/\/www.revellia.com\/sv\/\",\"logo\":{\"@type\":\"ImageObject\",\"inLanguage\":\"sv-SE\",\"@id\":\"https:\/\/www.revellia.com\/sv\/#\/schema\/logo\/image\/\",\"url\":\"https:\/\/www.revellia.com\/wp-content\/uploads\/2021\/02\/logo.png\",\"contentUrl\":\"https:\/\/www.revellia.com\/wp-content\/uploads\/2021\/02\/logo.png\",\"width\":437,\"height\":128,\"caption\":\"Revellia\"},\"image\":{\"@id\":\"https:\/\/www.revellia.com\/sv\/#\/schema\/logo\/image\/\"}}]}<\/script>\n<!-- \/ Yoast SEO plugin. -->","yoast_head_json":{"title":"Kundrecensioner - Revellia","description":"Vad tycker v\u00e5ra kunder om v\u00e5ra personliga affischer? Ta reda p\u00e5 det och skaffa din egen stj\u00e4rnkarta eller familjeportr\u00e4tt.","robots":{"index":"index","follow":"follow","max-snippet":"max-snippet:-1","max-image-preview":"max-image-preview:large","max-video-preview":"max-video-preview:-1"},"canonical":"https:\/\/www.revellia.com\/sv\/reviews\/","og_locale":"sv_SE","og_type":"article","og_title":"Kundrecensioner - Revellia","og_description":"Vad tycker v\u00e5ra kunder om v\u00e5ra personliga affischer? Ta reda p\u00e5 det och skaffa din egen stj\u00e4rnkarta eller familjeportr\u00e4tt.","og_url":"https:\/\/www.revellia.com\/sv\/reviews\/","og_site_name":"Revellia","article_modified_time":"2023-11-09T17:12:25+00:00","twitter_card":"summary_large_image","schema":{"@context":"https:\/\/schema.org","@graph":[{"@type":"WebPage","@id":"https:\/\/www.revellia.com\/sv\/reviews\/","url":"https:\/\/www.revellia.com\/sv\/reviews\/","name":"Kundrecensioner - Revellia","isPartOf":{"@id":"https:\/\/www.revellia.com\/sv\/#website"},"datePublished":"2023-11-09T16:47:28+00:00","dateModified":"2023-11-09T17:12:25+00:00","description":"Vad tycker v\u00e5ra kunder om v\u00e5ra personliga affischer? Ta reda p\u00e5 det och skaffa din egen stj\u00e4rnkarta eller familjeportr\u00e4tt.","breadcrumb":{"@id":"https:\/\/www.revellia.com\/sv\/reviews\/#breadcrumb"},"inLanguage":"sv-SE","potentialAction":[{"@type":"ReadAction","target":["https:\/\/www.revellia.com\/sv\/reviews\/"]}]},{"@type":"BreadcrumbList","@id":"https:\/\/www.revellia.com\/sv\/reviews\/#breadcrumb","itemListElement":[{"@type":"ListItem","position":1,"name":"Home","item":"https:\/\/www.revellia.com\/sv\/"},{"@type":"ListItem","position":2,"name":"Kundrecensioner"}]},{"@type":"WebSite","@id":"https:\/\/www.revellia.com\/sv\/#website","url":"https:\/\/www.revellia.com\/sv\/","name":"Revellia","description":"Personalized original posters","publisher":{"@id":"https:\/\/www.revellia.com\/sv\/#organization"},"potentialAction":[{"@type":"SearchAction","target":{"@type":"EntryPoint","urlTemplate":"https:\/\/www.revellia.com\/sv\/?s={search_term_string}"},"query-input":"required name=search_term_string"}],"inLanguage":"sv-SE"},{"@type":"Organization","@id":"https:\/\/www.revellia.com\/sv\/#organization","name":"Revellia","url":"https:\/\/www.revellia.com\/sv\/","logo":{"@type":"ImageObject","inLanguage":"sv-SE","@id":"https:\/\/www.revellia.com\/sv\/#\/schema\/logo\/image\/","url":"https:\/\/www.revellia.com\/wp-content\/uploads\/2021\/02\/logo.png","contentUrl":"https:\/\/www.revellia.com\/wp-content\/uploads\/2021\/02\/logo.png","width":437,"height":128,"caption":"Revellia"},"image":{"@id":"https:\/\/www.revellia.com\/sv\/#\/schema\/logo\/image\/"}}]}},"_links":{"self":[{"href":"https:\/\/www.revellia.com\/sv\/wp-json\/wp\/v2\/pages\/2641","targetHints":{"allow":["GET"]}}],"collection":[{"href":"https:\/\/www.revellia.com\/sv\/wp-json\/wp\/v2\/pages"}],"about":[{"href":"https:\/\/www.revellia.com\/sv\/wp-json\/wp\/v2\/types\/page"}],"author":[{"embeddable":true,"href":"https:\/\/www.revellia.com\/sv\/wp-json\/wp\/v2\/users\/1"}],"replies":[{"embeddable":true,"href":"https:\/\/www.revellia.com\/sv\/wp-json\/wp\/v2\/comments?post=2641"}],"version-history":[{"count":1,"href":"https:\/\/www.revellia.com\/sv\/wp-json\/wp\/v2\/pages\/2641\/revisions"}],"predecessor-version":[{"id":2644,"href":"https:\/\/www.revellia.com\/sv\/wp-json\/wp\/v2\/pages\/2641\/revisions\/2644"}],"wp:attachment":[{"href":"https:\/\/www.revellia.com\/sv\/wp-json\/wp\/v2\/media?parent=2641"}],"curies":[{"name":"wp","href":"https:\/\/api.w.org\/{rel}","templated":true}]}}