{"id":2611,"date":"2023-11-09T16:12:55","date_gmt":"2023-11-09T16:12:55","guid":{"rendered":"https:\/\/www.revellia.com\/?page_id=2611"},"modified":"2023-11-09T16:13:23","modified_gmt":"2023-11-09T16:13:23","slug":"cart","status":"publish","type":"page","link":"https:\/\/www.revellia.com\/sv\/cart\/","title":{"rendered":"Kundvagn"},"content":{"rendered":"\n","protected":false},"excerpt":{"rendered":"","protected":false},"author":1,"featured_media":0,"parent":0,"menu_order":0,"comment_status":"closed","ping_status":"closed","template":"","meta":{"powered_cache_disable_cache":false,"footnotes":""},"class_list":["post-2611","page","type-page","status-publish","hentry"],"yoast_head":"<!-- This site is optimized with the Yoast SEO plugin v21.4 - https:\/\/yoast.com\/wordpress\/plugins\/seo\/ -->\n<title>Kundvagn - Revellia<\/title>\n<meta name=\"description\" content=\"Din kundvagn p\u00e5 Revellia.com. Den inneh\u00e5ller s\u00e4kert vackra personliga affischer.\" \/>\n<meta name=\"robots\" content=\"noindex, follow\" \/>\n<meta property=\"og:locale\" content=\"sv_SE\" \/>\n<meta property=\"og:type\" content=\"article\" \/>\n<meta property=\"og:title\" content=\"Kundvagn - Revellia\" \/>\n<meta property=\"og:description\" content=\"Din kundvagn p\u00e5 Revellia.com. Den inneh\u00e5ller s\u00e4kert vackra personliga affischer.\" \/>\n<meta property=\"og:url\" content=\"https:\/\/www.revellia.com\/sv\/cart\/\" \/>\n<meta property=\"og:site_name\" content=\"Revellia\" \/>\n<meta property=\"article:modified_time\" content=\"2023-11-09T16:13:23+00:00\" \/>\n<meta name=\"twitter:card\" content=\"summary_large_image\" \/>\n<meta name=\"twitter:label1\" content=\"Ber\u00e4knad l\u00e4stid\" \/>\n\t<meta name=\"twitter:data1\" content=\"1 minut\" \/>\n<script type=\"application\/ld+json\" class=\"yoast-schema-graph\">{\"@context\":\"https:\/\/schema.org\",\"@graph\":[{\"@type\":\"WebPage\",\"@id\":\"https:\/\/www.revellia.com\/sv\/cart\/\",\"url\":\"https:\/\/www.revellia.com\/sv\/cart\/\",\"name\":\"Kundvagn - Revellia\",\"isPartOf\":{\"@id\":\"https:\/\/www.revellia.com\/sv\/#website\"},\"datePublished\":\"2023-11-09T16:12:55+00:00\",\"dateModified\":\"2023-11-09T16:13:23+00:00\",\"description\":\"Din kundvagn p\u00e5 Revellia.com. Den inneh\u00e5ller s\u00e4kert vackra personliga affischer.\",\"breadcrumb\":{\"@id\":\"https:\/\/www.revellia.com\/sv\/cart\/#breadcrumb\"},\"inLanguage\":\"sv-SE\",\"potentialAction\":[{\"@type\":\"ReadAction\",\"target\":[\"https:\/\/www.revellia.com\/sv\/cart\/\"]}]},{\"@type\":\"BreadcrumbList\",\"@id\":\"https:\/\/www.revellia.com\/sv\/cart\/#breadcrumb\",\"itemListElement\":[{\"@type\":\"ListItem\",\"position\":1,\"name\":\"Home\",\"item\":\"https:\/\/www.revellia.com\/sv\/\"},{\"@type\":\"ListItem\",\"position\":2,\"name\":\"Kundvagn\"}]},{\"@type\":\"WebSite\",\"@id\":\"https:\/\/www.revellia.com\/sv\/#website\",\"url\":\"https:\/\/www.revellia.com\/sv\/\",\"name\":\"Revellia\",\"description\":\"Personalized original posters\",\"publisher\":{\"@id\":\"https:\/\/www.revellia.com\/sv\/#organization\"},\"potentialAction\":[{\"@type\":\"SearchAction\",\"target\":{\"@type\":\"EntryPoint\",\"urlTemplate\":\"https:\/\/www.revellia.com\/sv\/?s={search_term_string}\"},\"query-input\":\"required name=search_term_string\"}],\"inLanguage\":\"sv-SE\"},{\"@type\":\"Organization\",\"@id\":\"https:\/\/www.revellia.com\/sv\/#organization\",\"name\":\"Revellia\",\"url\":\"https:\/\/www.revellia.com\/sv\/\",\"logo\":{\"@type\":\"ImageObject\",\"inLanguage\":\"sv-SE\",\"@id\":\"https:\/\/www.revellia.com\/sv\/#\/schema\/logo\/image\/\",\"url\":\"https:\/\/www.revellia.com\/wp-content\/uploads\/2021\/02\/logo.png\",\"contentUrl\":\"https:\/\/www.revellia.com\/wp-content\/uploads\/2021\/02\/logo.png\",\"width\":437,\"height\":128,\"caption\":\"Revellia\"},\"image\":{\"@id\":\"https:\/\/www.revellia.com\/sv\/#\/schema\/logo\/image\/\"}}]}<\/script>\n<!-- \/ Yoast SEO plugin. -->","yoast_head_json":{"title":"Kundvagn - Revellia","description":"Din kundvagn p\u00e5 Revellia.com. Den inneh\u00e5ller s\u00e4kert vackra personliga affischer.","robots":{"index":"noindex","follow":"follow"},"og_locale":"sv_SE","og_type":"article","og_title":"Kundvagn - Revellia","og_description":"Din kundvagn p\u00e5 Revellia.com. Den inneh\u00e5ller s\u00e4kert vackra personliga affischer.","og_url":"https:\/\/www.revellia.com\/sv\/cart\/","og_site_name":"Revellia","article_modified_time":"2023-11-09T16:13:23+00:00","twitter_card":"summary_large_image","twitter_misc":{"Ber\u00e4knad l\u00e4stid":"1 minut"},"schema":{"@context":"https:\/\/schema.org","@graph":[{"@type":"WebPage","@id":"https:\/\/www.revellia.com\/sv\/cart\/","url":"https:\/\/www.revellia.com\/sv\/cart\/","name":"Kundvagn - Revellia","isPartOf":{"@id":"https:\/\/www.revellia.com\/sv\/#website"},"datePublished":"2023-11-09T16:12:55+00:00","dateModified":"2023-11-09T16:13:23+00:00","description":"Din kundvagn p\u00e5 Revellia.com. Den inneh\u00e5ller s\u00e4kert vackra personliga affischer.","breadcrumb":{"@id":"https:\/\/www.revellia.com\/sv\/cart\/#breadcrumb"},"inLanguage":"sv-SE","potentialAction":[{"@type":"ReadAction","target":["https:\/\/www.revellia.com\/sv\/cart\/"]}]},{"@type":"BreadcrumbList","@id":"https:\/\/www.revellia.com\/sv\/cart\/#breadcrumb","itemListElement":[{"@type":"ListItem","position":1,"name":"Home","item":"https:\/\/www.revellia.com\/sv\/"},{"@type":"ListItem","position":2,"name":"Kundvagn"}]},{"@type":"WebSite","@id":"https:\/\/www.revellia.com\/sv\/#website","url":"https:\/\/www.revellia.com\/sv\/","name":"Revellia","description":"Personalized original posters","publisher":{"@id":"https:\/\/www.revellia.com\/sv\/#organization"},"potentialAction":[{"@type":"SearchAction","target":{"@type":"EntryPoint","urlTemplate":"https:\/\/www.revellia.com\/sv\/?s={search_term_string}"},"query-input":"required name=search_term_string"}],"inLanguage":"sv-SE"},{"@type":"Organization","@id":"https:\/\/www.revellia.com\/sv\/#organization","name":"Revellia","url":"https:\/\/www.revellia.com\/sv\/","logo":{"@type":"ImageObject","inLanguage":"sv-SE","@id":"https:\/\/www.revellia.com\/sv\/#\/schema\/logo\/image\/","url":"https:\/\/www.revellia.com\/wp-content\/uploads\/2021\/02\/logo.png","contentUrl":"https:\/\/www.revellia.com\/wp-content\/uploads\/2021\/02\/logo.png","width":437,"height":128,"caption":"Revellia"},"image":{"@id":"https:\/\/www.revellia.com\/sv\/#\/schema\/logo\/image\/"}}]}},"_links":{"self":[{"href":"https:\/\/www.revellia.com\/sv\/wp-json\/wp\/v2\/pages\/2611","targetHints":{"allow":["GET"]}}],"collection":[{"href":"https:\/\/www.revellia.com\/sv\/wp-json\/wp\/v2\/pages"}],"about":[{"href":"https:\/\/www.revellia.com\/sv\/wp-json\/wp\/v2\/types\/page"}],"author":[{"embeddable":true,"href":"https:\/\/www.revellia.com\/sv\/wp-json\/wp\/v2\/users\/1"}],"replies":[{"embeddable":true,"href":"https:\/\/www.revellia.com\/sv\/wp-json\/wp\/v2\/comments?post=2611"}],"version-history":[{"count":1,"href":"https:\/\/www.revellia.com\/sv\/wp-json\/wp\/v2\/pages\/2611\/revisions"}],"predecessor-version":[{"id":2615,"href":"https:\/\/www.revellia.com\/sv\/wp-json\/wp\/v2\/pages\/2611\/revisions\/2615"}],"wp:attachment":[{"href":"https:\/\/www.revellia.com\/sv\/wp-json\/wp\/v2\/media?parent=2611"}],"curies":[{"name":"wp","href":"https:\/\/api.w.org\/{rel}","templated":true}]}}