{"id":7137,"date":"2024-11-08T18:06:11","date_gmt":"2024-11-08T18:06:11","guid":{"rendered":"https:\/\/www.revellia.com\/?post_type=product&#038;p=7137"},"modified":"2024-11-08T18:06:38","modified_gmt":"2024-11-08T18:06:38","slug":"plakat-zgodnosci-fazy-ksiezyca","status":"publish","type":"product","link":"https:\/\/www.revellia.com\/pl\/produkt\/plakat-zgodnosci-fazy-ksiezyca\/","title":{"rendered":"Plakat zgodno\u015bci fazy ksi\u0119\u017cyca"},"content":{"rendered":"<p>Artystyczny plakat \u015bwi\u0119tuj\u0105cy kosmiczne po\u0142\u0105czenie mi\u0119dzy dwiema osobami, podkre\u015blaj\u0105cy, jak dopasowane s\u0105 Wasze fazy Ksi\u0119\u017cyca.<\/p>\n<p>Produkt dost\u0119pny jest jako wydrukowany plakat lub plik cyfrowy.<\/p>\n<p>Ramka nie jest wliczona.<\/p>\n<p>Plakat<\/p>\n<p>Wymiary: 21 x 30 cm (8 x 12&#8243;), 30 x 40 cm (12 x 16&#8243;) lub 50 x 70 cm (20 x 28&#8243;)<br \/>\nGramatura papieru: 200 g\/m\u00b2<br \/>\nPapier matowy, niepowlekany<br \/>\nPlik cyfrowy<\/p>\n<p>Format: PDF\/PNG A4<br \/>\nRozdzielczo\u015b\u0107: 4200 x 6000 px<\/p>\n","protected":false},"excerpt":{"rendered":"<p>Artystyczny plakat \u015bwi\u0119tuj\u0105cy kosmiczne po\u0142\u0105czenie mi\u0119dzy dwiema osobami, podkre\u015blaj\u0105cy, jak dopasowane s\u0105 Wasze fazy Ksi\u0119\u017cyca. Produkt dost\u0119pny jest jako wydrukowany plakat lub plik cyfrowy. Ramka nie jest wliczona. Plakat Wymiary: 21 x 30 cm (8 x 12&#8243;), 30 x 40 cm (12 x 16&#8243;) lub 50 x 70 cm (20 x 28&#8243;) Gramatura papieru: 200 [&hellip;]<\/p>\n","protected":false},"featured_media":7100,"template":"","meta":{"powered_cache_disable_cache":false},"product_cat":[71],"product_tag":[],"class_list":["post-7137","product","type-product","status-publish","has-post-thumbnail","hentry","product_cat-plakat-2"],"yoast_head":"<!-- This site is optimized with the Yoast SEO plugin v21.4 - https:\/\/yoast.com\/wordpress\/plugins\/seo\/ -->\n<title>Plakat zgodno\u015bci fazy ksi\u0119\u017cyca - Revellia<\/title>\n<meta name=\"description\" content=\"Stw\u00f3rz Plakat Kompatybilno\u015bci Faz Ksi\u0119\u017cyca \u2013 wyj\u0105tkowy prezent, aby uczci\u0107 wasze kosmiczne po\u0142\u0105czenie na specjalne okazje.\" \/>\n<meta name=\"robots\" content=\"noindex, nofollow\" \/>\n<meta property=\"og:locale\" content=\"pl_PL\" \/>\n<meta property=\"og:type\" content=\"article\" \/>\n<meta property=\"og:title\" content=\"Plakat zgodno\u015bci fazy ksi\u0119\u017cyca - Revellia\" \/>\n<meta property=\"og:description\" content=\"Stw\u00f3rz Plakat Kompatybilno\u015bci Faz Ksi\u0119\u017cyca \u2013 wyj\u0105tkowy prezent, aby uczci\u0107 wasze kosmiczne po\u0142\u0105czenie na specjalne okazje.\" \/>\n<meta property=\"og:url\" content=\"https:\/\/www.revellia.com\/pl\/produkt\/plakat-zgodnosci-fazy-ksiezyca\/\" \/>\n<meta property=\"og:site_name\" content=\"Revellia\" \/>\n<meta property=\"article:modified_time\" content=\"2024-11-08T18:06:38+00:00\" \/>\n<meta property=\"og:image\" content=\"https:\/\/www.revellia.com\/wp-content\/uploads\/2024\/11\/moon-phase-compatibility.jpg\" \/>\n\t<meta property=\"og:image:width\" content=\"1400\" \/>\n\t<meta property=\"og:image:height\" content=\"1120\" \/>\n\t<meta property=\"og:image:type\" content=\"image\/jpeg\" \/>\n<meta name=\"twitter:card\" content=\"summary_large_image\" \/>\n<meta name=\"twitter:label1\" content=\"Szacowany czas czytania\" \/>\n\t<meta name=\"twitter:data1\" content=\"1 minuta\" \/>\n<script type=\"application\/ld+json\" class=\"yoast-schema-graph\">{\"@context\":\"https:\/\/schema.org\",\"@graph\":[{\"@type\":\"WebPage\",\"@id\":\"https:\/\/www.revellia.com\/pl\/produkt\/plakat-zgodnosci-fazy-ksiezyca\/\",\"url\":\"https:\/\/www.revellia.com\/pl\/produkt\/plakat-zgodnosci-fazy-ksiezyca\/\",\"name\":\"Plakat zgodno\u015bci fazy ksi\u0119\u017cyca - Revellia\",\"isPartOf\":{\"@id\":\"https:\/\/www.revellia.com\/pl\/#website\"},\"datePublished\":\"2024-11-08T18:06:11+00:00\",\"dateModified\":\"2024-11-08T18:06:38+00:00\",\"description\":\"Stw\u00f3rz Plakat Kompatybilno\u015bci Faz Ksi\u0119\u017cyca \u2013 wyj\u0105tkowy prezent, aby uczci\u0107 wasze kosmiczne po\u0142\u0105czenie na specjalne okazje.\",\"breadcrumb\":{\"@id\":\"https:\/\/www.revellia.com\/pl\/produkt\/plakat-zgodnosci-fazy-ksiezyca\/#breadcrumb\"},\"inLanguage\":\"pl-PL\",\"potentialAction\":[{\"@type\":\"ReadAction\",\"target\":[\"https:\/\/www.revellia.com\/pl\/produkt\/plakat-zgodnosci-fazy-ksiezyca\/\"]}]},{\"@type\":\"BreadcrumbList\",\"@id\":\"https:\/\/www.revellia.com\/pl\/produkt\/plakat-zgodnosci-fazy-ksiezyca\/#breadcrumb\",\"itemListElement\":[{\"@type\":\"ListItem\",\"position\":1,\"name\":\"Home\",\"item\":\"https:\/\/www.revellia.com\/pl\/\"},{\"@type\":\"ListItem\",\"position\":2,\"name\":\"Sklep\",\"item\":\"https:\/\/www.revellia.com\/pl\/shop\/\"},{\"@type\":\"ListItem\",\"position\":3,\"name\":\"Plakat zgodno\u015bci fazy ksi\u0119\u017cyca\"}]},{\"@type\":\"WebSite\",\"@id\":\"https:\/\/www.revellia.com\/pl\/#website\",\"url\":\"https:\/\/www.revellia.com\/pl\/\",\"name\":\"Revellia\",\"description\":\"Personalized original posters\",\"publisher\":{\"@id\":\"https:\/\/www.revellia.com\/pl\/#organization\"},\"potentialAction\":[{\"@type\":\"SearchAction\",\"target\":{\"@type\":\"EntryPoint\",\"urlTemplate\":\"https:\/\/www.revellia.com\/pl\/?s={search_term_string}\"},\"query-input\":\"required name=search_term_string\"}],\"inLanguage\":\"pl-PL\"},{\"@type\":\"Organization\",\"@id\":\"https:\/\/www.revellia.com\/pl\/#organization\",\"name\":\"Revellia\",\"url\":\"https:\/\/www.revellia.com\/pl\/\",\"logo\":{\"@type\":\"ImageObject\",\"inLanguage\":\"pl-PL\",\"@id\":\"https:\/\/www.revellia.com\/pl\/#\/schema\/logo\/image\/\",\"url\":\"https:\/\/www.revellia.com\/wp-content\/uploads\/2021\/02\/logo.png\",\"contentUrl\":\"https:\/\/www.revellia.com\/wp-content\/uploads\/2021\/02\/logo.png\",\"width\":437,\"height\":128,\"caption\":\"Revellia\"},\"image\":{\"@id\":\"https:\/\/www.revellia.com\/pl\/#\/schema\/logo\/image\/\"}}]}<\/script>\n<!-- \/ Yoast SEO plugin. -->","yoast_head_json":{"title":"Plakat zgodno\u015bci fazy ksi\u0119\u017cyca - Revellia","description":"Stw\u00f3rz Plakat Kompatybilno\u015bci Faz Ksi\u0119\u017cyca \u2013 wyj\u0105tkowy prezent, aby uczci\u0107 wasze kosmiczne po\u0142\u0105czenie na specjalne okazje.","robots":{"index":"noindex","follow":"nofollow"},"og_locale":"pl_PL","og_type":"article","og_title":"Plakat zgodno\u015bci fazy ksi\u0119\u017cyca - Revellia","og_description":"Stw\u00f3rz Plakat Kompatybilno\u015bci Faz Ksi\u0119\u017cyca \u2013 wyj\u0105tkowy prezent, aby uczci\u0107 wasze kosmiczne po\u0142\u0105czenie na specjalne okazje.","og_url":"https:\/\/www.revellia.com\/pl\/produkt\/plakat-zgodnosci-fazy-ksiezyca\/","og_site_name":"Revellia","article_modified_time":"2024-11-08T18:06:38+00:00","og_image":[{"width":1400,"height":1120,"url":"https:\/\/www.revellia.com\/wp-content\/uploads\/2024\/11\/moon-phase-compatibility.jpg","type":"image\/jpeg"}],"twitter_card":"summary_large_image","twitter_misc":{"Szacowany czas czytania":"1 minuta"},"schema":{"@context":"https:\/\/schema.org","@graph":[{"@type":"WebPage","@id":"https:\/\/www.revellia.com\/pl\/produkt\/plakat-zgodnosci-fazy-ksiezyca\/","url":"https:\/\/www.revellia.com\/pl\/produkt\/plakat-zgodnosci-fazy-ksiezyca\/","name":"Plakat zgodno\u015bci fazy ksi\u0119\u017cyca - Revellia","isPartOf":{"@id":"https:\/\/www.revellia.com\/pl\/#website"},"datePublished":"2024-11-08T18:06:11+00:00","dateModified":"2024-11-08T18:06:38+00:00","description":"Stw\u00f3rz Plakat Kompatybilno\u015bci Faz Ksi\u0119\u017cyca \u2013 wyj\u0105tkowy prezent, aby uczci\u0107 wasze kosmiczne po\u0142\u0105czenie na specjalne okazje.","breadcrumb":{"@id":"https:\/\/www.revellia.com\/pl\/produkt\/plakat-zgodnosci-fazy-ksiezyca\/#breadcrumb"},"inLanguage":"pl-PL","potentialAction":[{"@type":"ReadAction","target":["https:\/\/www.revellia.com\/pl\/produkt\/plakat-zgodnosci-fazy-ksiezyca\/"]}]},{"@type":"BreadcrumbList","@id":"https:\/\/www.revellia.com\/pl\/produkt\/plakat-zgodnosci-fazy-ksiezyca\/#breadcrumb","itemListElement":[{"@type":"ListItem","position":1,"name":"Home","item":"https:\/\/www.revellia.com\/pl\/"},{"@type":"ListItem","position":2,"name":"Sklep","item":"https:\/\/www.revellia.com\/pl\/shop\/"},{"@type":"ListItem","position":3,"name":"Plakat zgodno\u015bci fazy ksi\u0119\u017cyca"}]},{"@type":"WebSite","@id":"https:\/\/www.revellia.com\/pl\/#website","url":"https:\/\/www.revellia.com\/pl\/","name":"Revellia","description":"Personalized original posters","publisher":{"@id":"https:\/\/www.revellia.com\/pl\/#organization"},"potentialAction":[{"@type":"SearchAction","target":{"@type":"EntryPoint","urlTemplate":"https:\/\/www.revellia.com\/pl\/?s={search_term_string}"},"query-input":"required name=search_term_string"}],"inLanguage":"pl-PL"},{"@type":"Organization","@id":"https:\/\/www.revellia.com\/pl\/#organization","name":"Revellia","url":"https:\/\/www.revellia.com\/pl\/","logo":{"@type":"ImageObject","inLanguage":"pl-PL","@id":"https:\/\/www.revellia.com\/pl\/#\/schema\/logo\/image\/","url":"https:\/\/www.revellia.com\/wp-content\/uploads\/2021\/02\/logo.png","contentUrl":"https:\/\/www.revellia.com\/wp-content\/uploads\/2021\/02\/logo.png","width":437,"height":128,"caption":"Revellia"},"image":{"@id":"https:\/\/www.revellia.com\/pl\/#\/schema\/logo\/image\/"}}]}},"_links":{"self":[{"href":"https:\/\/www.revellia.com\/pl\/wp-json\/wp\/v2\/product\/7137","targetHints":{"allow":["GET"]}}],"collection":[{"href":"https:\/\/www.revellia.com\/pl\/wp-json\/wp\/v2\/product"}],"about":[{"href":"https:\/\/www.revellia.com\/pl\/wp-json\/wp\/v2\/types\/product"}],"wp:featuredmedia":[{"embeddable":true,"href":"https:\/\/www.revellia.com\/pl\/wp-json\/wp\/v2\/media\/7100"}],"wp:attachment":[{"href":"https:\/\/www.revellia.com\/pl\/wp-json\/wp\/v2\/media?parent=7137"}],"wp:term":[{"taxonomy":"product_cat","embeddable":true,"href":"https:\/\/www.revellia.com\/pl\/wp-json\/wp\/v2\/product_cat?post=7137"},{"taxonomy":"product_tag","embeddable":true,"href":"https:\/\/www.revellia.com\/pl\/wp-json\/wp\/v2\/product_tag?post=7137"}],"curies":[{"name":"wp","href":"https:\/\/api.w.org\/{rel}","templated":true}]}}