{"id":5296,"date":"2024-08-08T15:51:25","date_gmt":"2024-08-08T15:51:25","guid":{"rendered":"https:\/\/www.revellia.com\/?post_type=product&#038;p=5296"},"modified":"2024-08-08T15:51:45","modified_gmt":"2024-08-08T15:51:45","slug":"plakat-znaku-zodiaku","status":"publish","type":"product","link":"https:\/\/www.revellia.com\/pl\/produkt\/plakat-znaku-zodiaku\/","title":{"rendered":"Plakat znaku zodiaku"},"content":{"rendered":"<p>Pi\u0119kny plakat artystyczny podkre\u015blaj\u0105cy cechy astrologiczne Twojego znaku, idealny do dodania osobistego akcentu do Twojej przestrzeni.<\/p>\n<p>Produkt dost\u0119pny jest w formie plakatu lub pliku elektronicznego.<\/p>\n<p>Ramka nie jest wliczona.<\/p>\n<p>Plakat<\/p>\n<p>Wymiary: 21 x 30 cm, 30 x 40 cm lub 50 x 70 cm<br \/>\nGramatura papieru: 200 g\/m\u00b2<br \/>\nWyko\u0144czenie: Matowe, niepowlekane<\/p>\n<p>Plik elektroniczny<\/p>\n<p>Format: PDF\/PNG A4<br \/>\nRozdzielczo\u015b\u0107: 4200 x 6000 px<\/p>\n","protected":false},"excerpt":{"rendered":"<p>Pi\u0119kny plakat artystyczny podkre\u015blaj\u0105cy cechy astrologiczne Twojego znaku, idealny do dodania osobistego akcentu do Twojej przestrzeni. Produkt dost\u0119pny jest w formie plakatu lub pliku elektronicznego. Ramka nie jest wliczona. Plakat Wymiary: 21 x 30 cm, 30 x 40 cm lub 50 x 70 cm Gramatura papieru: 200 g\/m\u00b2 Wyko\u0144czenie: Matowe, niepowlekane Plik elektroniczny Format: PDF\/PNG [&hellip;]<\/p>\n","protected":false},"featured_media":5249,"template":"","meta":{"powered_cache_disable_cache":false},"product_cat":[71],"product_tag":[],"class_list":["post-5296","product","type-product","status-publish","has-post-thumbnail","hentry","product_cat-plakat-2"],"yoast_head":"<!-- This site is optimized with the Yoast SEO plugin v21.4 - https:\/\/yoast.com\/wordpress\/plugins\/seo\/ -->\n<title>Plakat znaku zodiaku - Revellia<\/title>\n<meta name=\"description\" content=\"Plakat znaku zodiaku podkre\u015blaj\u0105cy Tw\u00f3j znak astrologiczny, unikalny i pi\u0119kny, drukowany na wysokiej jako\u015bci papierze, idealny do Twojego wn\u0119trza.\" \/>\n<meta name=\"robots\" content=\"noindex, nofollow\" \/>\n<meta property=\"og:locale\" content=\"pl_PL\" \/>\n<meta property=\"og:type\" content=\"article\" \/>\n<meta property=\"og:title\" content=\"Plakat znaku zodiaku - Revellia\" \/>\n<meta property=\"og:description\" content=\"Plakat znaku zodiaku podkre\u015blaj\u0105cy Tw\u00f3j znak astrologiczny, unikalny i pi\u0119kny, drukowany na wysokiej jako\u015bci papierze, idealny do Twojego wn\u0119trza.\" \/>\n<meta property=\"og:url\" content=\"https:\/\/www.revellia.com\/pl\/produkt\/plakat-znaku-zodiaku\/\" \/>\n<meta property=\"og:site_name\" content=\"Revellia\" \/>\n<meta property=\"article:modified_time\" content=\"2024-08-08T15:51:45+00:00\" \/>\n<meta property=\"og:image\" content=\"https:\/\/www.revellia.com\/wp-content\/uploads\/2024\/08\/astro-en.jpg\" \/>\n\t<meta property=\"og:image:width\" content=\"1301\" \/>\n\t<meta property=\"og:image:height\" content=\"868\" \/>\n\t<meta property=\"og:image:type\" content=\"image\/jpeg\" \/>\n<meta name=\"twitter:card\" content=\"summary_large_image\" \/>\n<meta name=\"twitter:label1\" content=\"Szacowany czas czytania\" \/>\n\t<meta name=\"twitter:data1\" content=\"1 minuta\" \/>\n<script type=\"application\/ld+json\" class=\"yoast-schema-graph\">{\"@context\":\"https:\/\/schema.org\",\"@graph\":[{\"@type\":\"WebPage\",\"@id\":\"https:\/\/www.revellia.com\/pl\/produkt\/plakat-znaku-zodiaku\/\",\"url\":\"https:\/\/www.revellia.com\/pl\/produkt\/plakat-znaku-zodiaku\/\",\"name\":\"Plakat znaku zodiaku - Revellia\",\"isPartOf\":{\"@id\":\"https:\/\/www.revellia.com\/pl\/#website\"},\"datePublished\":\"2024-08-08T15:51:25+00:00\",\"dateModified\":\"2024-08-08T15:51:45+00:00\",\"description\":\"Plakat znaku zodiaku podkre\u015blaj\u0105cy Tw\u00f3j znak astrologiczny, unikalny i pi\u0119kny, drukowany na wysokiej jako\u015bci papierze, idealny do Twojego wn\u0119trza.\",\"breadcrumb\":{\"@id\":\"https:\/\/www.revellia.com\/pl\/produkt\/plakat-znaku-zodiaku\/#breadcrumb\"},\"inLanguage\":\"pl-PL\",\"potentialAction\":[{\"@type\":\"ReadAction\",\"target\":[\"https:\/\/www.revellia.com\/pl\/produkt\/plakat-znaku-zodiaku\/\"]}]},{\"@type\":\"BreadcrumbList\",\"@id\":\"https:\/\/www.revellia.com\/pl\/produkt\/plakat-znaku-zodiaku\/#breadcrumb\",\"itemListElement\":[{\"@type\":\"ListItem\",\"position\":1,\"name\":\"Home\",\"item\":\"https:\/\/www.revellia.com\/pl\/\"},{\"@type\":\"ListItem\",\"position\":2,\"name\":\"Sklep\",\"item\":\"https:\/\/www.revellia.com\/pl\/shop\/\"},{\"@type\":\"ListItem\",\"position\":3,\"name\":\"Plakat znaku zodiaku\"}]},{\"@type\":\"WebSite\",\"@id\":\"https:\/\/www.revellia.com\/pl\/#website\",\"url\":\"https:\/\/www.revellia.com\/pl\/\",\"name\":\"Revellia\",\"description\":\"Personalized original posters\",\"publisher\":{\"@id\":\"https:\/\/www.revellia.com\/pl\/#organization\"},\"potentialAction\":[{\"@type\":\"SearchAction\",\"target\":{\"@type\":\"EntryPoint\",\"urlTemplate\":\"https:\/\/www.revellia.com\/pl\/?s={search_term_string}\"},\"query-input\":\"required name=search_term_string\"}],\"inLanguage\":\"pl-PL\"},{\"@type\":\"Organization\",\"@id\":\"https:\/\/www.revellia.com\/pl\/#organization\",\"name\":\"Revellia\",\"url\":\"https:\/\/www.revellia.com\/pl\/\",\"logo\":{\"@type\":\"ImageObject\",\"inLanguage\":\"pl-PL\",\"@id\":\"https:\/\/www.revellia.com\/pl\/#\/schema\/logo\/image\/\",\"url\":\"https:\/\/www.revellia.com\/wp-content\/uploads\/2021\/02\/logo.png\",\"contentUrl\":\"https:\/\/www.revellia.com\/wp-content\/uploads\/2021\/02\/logo.png\",\"width\":437,\"height\":128,\"caption\":\"Revellia\"},\"image\":{\"@id\":\"https:\/\/www.revellia.com\/pl\/#\/schema\/logo\/image\/\"}}]}<\/script>\n<!-- \/ Yoast SEO plugin. -->","yoast_head_json":{"title":"Plakat znaku zodiaku - Revellia","description":"Plakat znaku zodiaku podkre\u015blaj\u0105cy Tw\u00f3j znak astrologiczny, unikalny i pi\u0119kny, drukowany na wysokiej jako\u015bci papierze, idealny do Twojego wn\u0119trza.","robots":{"index":"noindex","follow":"nofollow"},"og_locale":"pl_PL","og_type":"article","og_title":"Plakat znaku zodiaku - Revellia","og_description":"Plakat znaku zodiaku podkre\u015blaj\u0105cy Tw\u00f3j znak astrologiczny, unikalny i pi\u0119kny, drukowany na wysokiej jako\u015bci papierze, idealny do Twojego wn\u0119trza.","og_url":"https:\/\/www.revellia.com\/pl\/produkt\/plakat-znaku-zodiaku\/","og_site_name":"Revellia","article_modified_time":"2024-08-08T15:51:45+00:00","og_image":[{"width":1301,"height":868,"url":"https:\/\/www.revellia.com\/wp-content\/uploads\/2024\/08\/astro-en.jpg","type":"image\/jpeg"}],"twitter_card":"summary_large_image","twitter_misc":{"Szacowany czas czytania":"1 minuta"},"schema":{"@context":"https:\/\/schema.org","@graph":[{"@type":"WebPage","@id":"https:\/\/www.revellia.com\/pl\/produkt\/plakat-znaku-zodiaku\/","url":"https:\/\/www.revellia.com\/pl\/produkt\/plakat-znaku-zodiaku\/","name":"Plakat znaku zodiaku - Revellia","isPartOf":{"@id":"https:\/\/www.revellia.com\/pl\/#website"},"datePublished":"2024-08-08T15:51:25+00:00","dateModified":"2024-08-08T15:51:45+00:00","description":"Plakat znaku zodiaku podkre\u015blaj\u0105cy Tw\u00f3j znak astrologiczny, unikalny i pi\u0119kny, drukowany na wysokiej jako\u015bci papierze, idealny do Twojego wn\u0119trza.","breadcrumb":{"@id":"https:\/\/www.revellia.com\/pl\/produkt\/plakat-znaku-zodiaku\/#breadcrumb"},"inLanguage":"pl-PL","potentialAction":[{"@type":"ReadAction","target":["https:\/\/www.revellia.com\/pl\/produkt\/plakat-znaku-zodiaku\/"]}]},{"@type":"BreadcrumbList","@id":"https:\/\/www.revellia.com\/pl\/produkt\/plakat-znaku-zodiaku\/#breadcrumb","itemListElement":[{"@type":"ListItem","position":1,"name":"Home","item":"https:\/\/www.revellia.com\/pl\/"},{"@type":"ListItem","position":2,"name":"Sklep","item":"https:\/\/www.revellia.com\/pl\/shop\/"},{"@type":"ListItem","position":3,"name":"Plakat znaku zodiaku"}]},{"@type":"WebSite","@id":"https:\/\/www.revellia.com\/pl\/#website","url":"https:\/\/www.revellia.com\/pl\/","name":"Revellia","description":"Personalized original posters","publisher":{"@id":"https:\/\/www.revellia.com\/pl\/#organization"},"potentialAction":[{"@type":"SearchAction","target":{"@type":"EntryPoint","urlTemplate":"https:\/\/www.revellia.com\/pl\/?s={search_term_string}"},"query-input":"required name=search_term_string"}],"inLanguage":"pl-PL"},{"@type":"Organization","@id":"https:\/\/www.revellia.com\/pl\/#organization","name":"Revellia","url":"https:\/\/www.revellia.com\/pl\/","logo":{"@type":"ImageObject","inLanguage":"pl-PL","@id":"https:\/\/www.revellia.com\/pl\/#\/schema\/logo\/image\/","url":"https:\/\/www.revellia.com\/wp-content\/uploads\/2021\/02\/logo.png","contentUrl":"https:\/\/www.revellia.com\/wp-content\/uploads\/2021\/02\/logo.png","width":437,"height":128,"caption":"Revellia"},"image":{"@id":"https:\/\/www.revellia.com\/pl\/#\/schema\/logo\/image\/"}}]}},"_links":{"self":[{"href":"https:\/\/www.revellia.com\/pl\/wp-json\/wp\/v2\/product\/5296","targetHints":{"allow":["GET"]}}],"collection":[{"href":"https:\/\/www.revellia.com\/pl\/wp-json\/wp\/v2\/product"}],"about":[{"href":"https:\/\/www.revellia.com\/pl\/wp-json\/wp\/v2\/types\/product"}],"wp:featuredmedia":[{"embeddable":true,"href":"https:\/\/www.revellia.com\/pl\/wp-json\/wp\/v2\/media\/5249"}],"wp:attachment":[{"href":"https:\/\/www.revellia.com\/pl\/wp-json\/wp\/v2\/media?parent=5296"}],"wp:term":[{"taxonomy":"product_cat","embeddable":true,"href":"https:\/\/www.revellia.com\/pl\/wp-json\/wp\/v2\/product_cat?post=5296"},{"taxonomy":"product_tag","embeddable":true,"href":"https:\/\/www.revellia.com\/pl\/wp-json\/wp\/v2\/product_tag?post=5296"}],"curies":[{"name":"wp","href":"https:\/\/api.w.org\/{rel}","templated":true}]}}