{"id":2532,"date":"2023-11-09T14:13:54","date_gmt":"2023-11-09T14:13:54","guid":{"rendered":"https:\/\/www.revellia.com\/?post_type=product&#038;p=2532"},"modified":"2023-11-09T14:13:55","modified_gmt":"2023-11-09T14:13:55","slug":"personalizowany-portret-rodzinny","status":"publish","type":"product","link":"https:\/\/www.revellia.com\/pl\/produkt\/personalizowany-portret-rodzinny\/","title":{"rendered":"Personalizowany portret rodzinny"},"content":{"rendered":"<p>Pi\u0119kny plakat przedstawiaj\u0105cy Twoj\u0105 rodzin\u0119 w artystyczny spos\u00f3b.<\/p>\n<p>Produkt dost\u0119pny jest w formie plakatu lub pliku elektronicznego.<\/p>\n<p>Ramka nie jest wliczona.<\/p>\n<p>Plakat<\/p>\n<ul>\n<li>Wymiary: 21 x 30 cm, 30 x 40 cm lub 50 x 70 cm<\/li>\n<li>Gramatura papieru: 200 g\/m\u00b2<\/li>\n<li>Wyko\u0144czenie: Matowe, niepowlekane<\/li>\n<\/ul>\n<p>Plik elektroniczny<\/p>\n<ul>\n<li>Format: PDF\/PNG A4<\/li>\n<li>Rozdzielczo\u015b\u0107: 4200 x 6000 px<\/li>\n<\/ul>\n<div id=\"gtx-trans\" style=\"position: absolute; left: -37px; top: -2px;\">\n<div class=\"gtx-trans-icon\"><\/div>\n<\/div>\n","protected":false},"excerpt":{"rendered":"<p>Pi\u0119kny plakat przedstawiaj\u0105cy Twoj\u0105 rodzin\u0119 w artystyczny spos\u00f3b. Produkt dost\u0119pny jest w formie plakatu lub pliku elektronicznego. Ramka nie jest wliczona. Plakat Wymiary: 21 x 30 cm, 30 x 40 cm lub 50 x 70 cm Gramatura papieru: 200 g\/m\u00b2 Wyko\u0144czenie: Matowe, niepowlekane Plik elektroniczny Format: PDF\/PNG A4 Rozdzielczo\u015b\u0107: 4200 x 6000 px<\/p>\n","protected":false},"featured_media":2299,"template":"","meta":{"powered_cache_disable_cache":false},"product_cat":[71],"product_tag":[],"class_list":["post-2532","product","type-product","status-publish","has-post-thumbnail","hentry","product_cat-plakat-2"],"yoast_head":"<!-- This site is optimized with the Yoast SEO plugin v21.4 - https:\/\/yoast.com\/wordpress\/plugins\/seo\/ -->\n<title>Personalizowany portret rodzinny - Revellia<\/title>\n<meta name=\"description\" content=\"Stw\u00f3rz personalizowany portret rodzinny. Unikalny, oryginalny i artystyczny prezent, kt\u00f3ry z pewno\u015bci\u0105 ucieszy Twoich bliskich.\" \/>\n<meta name=\"robots\" content=\"noindex, nofollow\" \/>\n<meta property=\"og:locale\" content=\"pl_PL\" \/>\n<meta property=\"og:type\" content=\"article\" \/>\n<meta property=\"og:title\" content=\"Personalizowany portret rodzinny - Revellia\" \/>\n<meta property=\"og:description\" content=\"Stw\u00f3rz personalizowany portret rodzinny. Unikalny, oryginalny i artystyczny prezent, kt\u00f3ry z pewno\u015bci\u0105 ucieszy Twoich bliskich.\" \/>\n<meta property=\"og:url\" content=\"https:\/\/www.revellia.com\/pl\/produkt\/personalizowany-portret-rodzinny\/\" \/>\n<meta property=\"og:site_name\" content=\"Revellia\" \/>\n<meta property=\"article:modified_time\" content=\"2023-11-09T14:13:55+00:00\" \/>\n<meta property=\"og:image\" content=\"https:\/\/www.revellia.com\/wp-content\/uploads\/2021\/02\/family-portrait.jpg\" \/>\n\t<meta property=\"og:image:width\" content=\"1618\" \/>\n\t<meta property=\"og:image:height\" content=\"1080\" \/>\n\t<meta property=\"og:image:type\" content=\"image\/jpeg\" \/>\n<meta name=\"twitter:card\" content=\"summary_large_image\" \/>\n<meta name=\"twitter:label1\" content=\"Szacowany czas czytania\" \/>\n\t<meta name=\"twitter:data1\" content=\"1 minuta\" \/>\n<script type=\"application\/ld+json\" class=\"yoast-schema-graph\">{\"@context\":\"https:\/\/schema.org\",\"@graph\":[{\"@type\":\"WebPage\",\"@id\":\"https:\/\/www.revellia.com\/pl\/produkt\/personalizowany-portret-rodzinny\/\",\"url\":\"https:\/\/www.revellia.com\/pl\/produkt\/personalizowany-portret-rodzinny\/\",\"name\":\"Personalizowany portret rodzinny - Revellia\",\"isPartOf\":{\"@id\":\"https:\/\/www.revellia.com\/pl\/#website\"},\"datePublished\":\"2023-11-09T14:13:54+00:00\",\"dateModified\":\"2023-11-09T14:13:55+00:00\",\"description\":\"Stw\u00f3rz personalizowany portret rodzinny. Unikalny, oryginalny i artystyczny prezent, kt\u00f3ry z pewno\u015bci\u0105 ucieszy Twoich bliskich.\",\"breadcrumb\":{\"@id\":\"https:\/\/www.revellia.com\/pl\/produkt\/personalizowany-portret-rodzinny\/#breadcrumb\"},\"inLanguage\":\"pl-PL\",\"potentialAction\":[{\"@type\":\"ReadAction\",\"target\":[\"https:\/\/www.revellia.com\/pl\/produkt\/personalizowany-portret-rodzinny\/\"]}]},{\"@type\":\"BreadcrumbList\",\"@id\":\"https:\/\/www.revellia.com\/pl\/produkt\/personalizowany-portret-rodzinny\/#breadcrumb\",\"itemListElement\":[{\"@type\":\"ListItem\",\"position\":1,\"name\":\"Home\",\"item\":\"https:\/\/www.revellia.com\/pl\/\"},{\"@type\":\"ListItem\",\"position\":2,\"name\":\"Sklep\",\"item\":\"https:\/\/www.revellia.com\/pl\/shop\/\"},{\"@type\":\"ListItem\",\"position\":3,\"name\":\"Personalizowany portret rodzinny\"}]},{\"@type\":\"WebSite\",\"@id\":\"https:\/\/www.revellia.com\/pl\/#website\",\"url\":\"https:\/\/www.revellia.com\/pl\/\",\"name\":\"Revellia\",\"description\":\"Personalized original posters\",\"publisher\":{\"@id\":\"https:\/\/www.revellia.com\/pl\/#organization\"},\"potentialAction\":[{\"@type\":\"SearchAction\",\"target\":{\"@type\":\"EntryPoint\",\"urlTemplate\":\"https:\/\/www.revellia.com\/pl\/?s={search_term_string}\"},\"query-input\":\"required name=search_term_string\"}],\"inLanguage\":\"pl-PL\"},{\"@type\":\"Organization\",\"@id\":\"https:\/\/www.revellia.com\/pl\/#organization\",\"name\":\"Revellia\",\"url\":\"https:\/\/www.revellia.com\/pl\/\",\"logo\":{\"@type\":\"ImageObject\",\"inLanguage\":\"pl-PL\",\"@id\":\"https:\/\/www.revellia.com\/pl\/#\/schema\/logo\/image\/\",\"url\":\"https:\/\/www.revellia.com\/wp-content\/uploads\/2021\/02\/logo.png\",\"contentUrl\":\"https:\/\/www.revellia.com\/wp-content\/uploads\/2021\/02\/logo.png\",\"width\":437,\"height\":128,\"caption\":\"Revellia\"},\"image\":{\"@id\":\"https:\/\/www.revellia.com\/pl\/#\/schema\/logo\/image\/\"}}]}<\/script>\n<!-- \/ Yoast SEO plugin. -->","yoast_head_json":{"title":"Personalizowany portret rodzinny - Revellia","description":"Stw\u00f3rz personalizowany portret rodzinny. Unikalny, oryginalny i artystyczny prezent, kt\u00f3ry z pewno\u015bci\u0105 ucieszy Twoich bliskich.","robots":{"index":"noindex","follow":"nofollow"},"og_locale":"pl_PL","og_type":"article","og_title":"Personalizowany portret rodzinny - Revellia","og_description":"Stw\u00f3rz personalizowany portret rodzinny. Unikalny, oryginalny i artystyczny prezent, kt\u00f3ry z pewno\u015bci\u0105 ucieszy Twoich bliskich.","og_url":"https:\/\/www.revellia.com\/pl\/produkt\/personalizowany-portret-rodzinny\/","og_site_name":"Revellia","article_modified_time":"2023-11-09T14:13:55+00:00","og_image":[{"width":1618,"height":1080,"url":"https:\/\/www.revellia.com\/wp-content\/uploads\/2021\/02\/family-portrait.jpg","type":"image\/jpeg"}],"twitter_card":"summary_large_image","twitter_misc":{"Szacowany czas czytania":"1 minuta"},"schema":{"@context":"https:\/\/schema.org","@graph":[{"@type":"WebPage","@id":"https:\/\/www.revellia.com\/pl\/produkt\/personalizowany-portret-rodzinny\/","url":"https:\/\/www.revellia.com\/pl\/produkt\/personalizowany-portret-rodzinny\/","name":"Personalizowany portret rodzinny - Revellia","isPartOf":{"@id":"https:\/\/www.revellia.com\/pl\/#website"},"datePublished":"2023-11-09T14:13:54+00:00","dateModified":"2023-11-09T14:13:55+00:00","description":"Stw\u00f3rz personalizowany portret rodzinny. Unikalny, oryginalny i artystyczny prezent, kt\u00f3ry z pewno\u015bci\u0105 ucieszy Twoich bliskich.","breadcrumb":{"@id":"https:\/\/www.revellia.com\/pl\/produkt\/personalizowany-portret-rodzinny\/#breadcrumb"},"inLanguage":"pl-PL","potentialAction":[{"@type":"ReadAction","target":["https:\/\/www.revellia.com\/pl\/produkt\/personalizowany-portret-rodzinny\/"]}]},{"@type":"BreadcrumbList","@id":"https:\/\/www.revellia.com\/pl\/produkt\/personalizowany-portret-rodzinny\/#breadcrumb","itemListElement":[{"@type":"ListItem","position":1,"name":"Home","item":"https:\/\/www.revellia.com\/pl\/"},{"@type":"ListItem","position":2,"name":"Sklep","item":"https:\/\/www.revellia.com\/pl\/shop\/"},{"@type":"ListItem","position":3,"name":"Personalizowany portret rodzinny"}]},{"@type":"WebSite","@id":"https:\/\/www.revellia.com\/pl\/#website","url":"https:\/\/www.revellia.com\/pl\/","name":"Revellia","description":"Personalized original posters","publisher":{"@id":"https:\/\/www.revellia.com\/pl\/#organization"},"potentialAction":[{"@type":"SearchAction","target":{"@type":"EntryPoint","urlTemplate":"https:\/\/www.revellia.com\/pl\/?s={search_term_string}"},"query-input":"required name=search_term_string"}],"inLanguage":"pl-PL"},{"@type":"Organization","@id":"https:\/\/www.revellia.com\/pl\/#organization","name":"Revellia","url":"https:\/\/www.revellia.com\/pl\/","logo":{"@type":"ImageObject","inLanguage":"pl-PL","@id":"https:\/\/www.revellia.com\/pl\/#\/schema\/logo\/image\/","url":"https:\/\/www.revellia.com\/wp-content\/uploads\/2021\/02\/logo.png","contentUrl":"https:\/\/www.revellia.com\/wp-content\/uploads\/2021\/02\/logo.png","width":437,"height":128,"caption":"Revellia"},"image":{"@id":"https:\/\/www.revellia.com\/pl\/#\/schema\/logo\/image\/"}}]}},"_links":{"self":[{"href":"https:\/\/www.revellia.com\/pl\/wp-json\/wp\/v2\/product\/2532","targetHints":{"allow":["GET"]}}],"collection":[{"href":"https:\/\/www.revellia.com\/pl\/wp-json\/wp\/v2\/product"}],"about":[{"href":"https:\/\/www.revellia.com\/pl\/wp-json\/wp\/v2\/types\/product"}],"wp:featuredmedia":[{"embeddable":true,"href":"https:\/\/www.revellia.com\/pl\/wp-json\/wp\/v2\/media\/2299"}],"wp:attachment":[{"href":"https:\/\/www.revellia.com\/pl\/wp-json\/wp\/v2\/media?parent=2532"}],"wp:term":[{"taxonomy":"product_cat","embeddable":true,"href":"https:\/\/www.revellia.com\/pl\/wp-json\/wp\/v2\/product_cat?post=2532"},{"taxonomy":"product_tag","embeddable":true,"href":"https:\/\/www.revellia.com\/pl\/wp-json\/wp\/v2\/product_tag?post=2532"}],"curies":[{"name":"wp","href":"https:\/\/api.w.org\/{rel}","templated":true}]}}