{"id":2506,"date":"2023-11-08T17:37:58","date_gmt":"2023-11-08T17:37:58","guid":{"rendered":"https:\/\/www.revellia.com\/?post_type=product&#038;p=2506"},"modified":"2023-11-09T14:16:13","modified_gmt":"2023-11-09T14:16:13","slug":"personalizowana-mapa-gwiazd","status":"publish","type":"product","link":"https:\/\/www.revellia.com\/pl\/produkt\/personalizowana-mapa-gwiazd\/","title":{"rendered":"Personalizowana mapa gwiazd"},"content":{"rendered":"<p>Pi\u0119kny plakat przedstawiaj\u0105cy gwia\u017adziste niebo widziane z miejsca i w dniu, kt\u00f3re mo\u017cesz wybra\u0107.<\/p>\n<p>Produkt dost\u0119pny jest w formie plakatu lub pliku elektronicznego.<\/p>\n<p>Ramka nie jest wliczona.<\/p>\n<p>Plakat<\/p>\n<ul>\n<li>Wymiary: 21 x 30 cm, 30 x 40 cm lub 50 x 70 cm<\/li>\n<li>Gramatura papieru: 200 g\/m\u00b2<\/li>\n<li>Wyko\u0144czenie: Matowe, niepowlekane<\/li>\n<\/ul>\n<p>Plik elektroniczny<\/p>\n<ul>\n<li>Format: PDF\/PNG A4<\/li>\n<li>Rozdzielczo\u015b\u0107: 4200 x 6000 px<\/li>\n<\/ul>\n","protected":false},"excerpt":{"rendered":"<p>Pi\u0119kny plakat przedstawiaj\u0105cy gwia\u017adziste niebo widziane z miejsca i w dniu, kt\u00f3re mo\u017cesz wybra\u0107. Produkt dost\u0119pny jest w formie plakatu lub pliku elektronicznego. Ramka nie jest wliczona. Plakat Wymiary: 21 x 30 cm, 30 x 40 cm lub 50 x 70 cm Gramatura papieru: 200 g\/m\u00b2 Wyko\u0144czenie: Matowe, niepowlekane Plik elektroniczny Format: PDF\/PNG A4 Rozdzielczo\u015b\u0107: [&hellip;]<\/p>\n","protected":false},"featured_media":2115,"template":"","meta":{"powered_cache_disable_cache":false},"product_cat":[71],"product_tag":[],"class_list":["post-2506","product","type-product","status-publish","has-post-thumbnail","hentry","product_cat-plakat-2"],"yoast_head":"<!-- This site is optimized with the Yoast SEO plugin v21.4 - https:\/\/yoast.com\/wordpress\/plugins\/seo\/ -->\n<title>Personalizowana mapa gwiazd - Revellia<\/title>\n<meta name=\"description\" content=\"Stw\u00f3rzcie plakat z map\u0105 gwiazd ukazuj\u0105cy niebo tak jak by\u0142o widoczne z wybranego miejsca i momentu co przypomni wam o pi\u0119knej chwili.\" \/>\n<meta name=\"robots\" content=\"noindex, nofollow\" \/>\n<meta property=\"og:locale\" content=\"pl_PL\" \/>\n<meta property=\"og:type\" content=\"article\" \/>\n<meta property=\"og:title\" content=\"Personalizowana mapa gwiazd - Revellia\" \/>\n<meta property=\"og:description\" content=\"Stw\u00f3rzcie plakat z map\u0105 gwiazd ukazuj\u0105cy niebo tak jak by\u0142o widoczne z wybranego miejsca i momentu co przypomni wam o pi\u0119knej chwili.\" \/>\n<meta property=\"og:url\" content=\"https:\/\/www.revellia.com\/pl\/produkt\/personalizowana-mapa-gwiazd\/\" \/>\n<meta property=\"og:site_name\" content=\"Revellia\" \/>\n<meta property=\"article:modified_time\" content=\"2023-11-09T14:16:13+00:00\" \/>\n<meta property=\"og:image\" content=\"https:\/\/www.revellia.com\/wp-content\/uploads\/2021\/02\/product.jpg\" \/>\n\t<meta property=\"og:image:width\" content=\"1376\" \/>\n\t<meta property=\"og:image:height\" content=\"1392\" \/>\n\t<meta property=\"og:image:type\" content=\"image\/jpeg\" \/>\n<meta name=\"twitter:card\" content=\"summary_large_image\" \/>\n<meta name=\"twitter:label1\" content=\"Szacowany czas czytania\" \/>\n\t<meta name=\"twitter:data1\" content=\"1 minuta\" \/>\n<script type=\"application\/ld+json\" class=\"yoast-schema-graph\">{\"@context\":\"https:\/\/schema.org\",\"@graph\":[{\"@type\":\"WebPage\",\"@id\":\"https:\/\/www.revellia.com\/pl\/produkt\/personalizowana-mapa-gwiazd\/\",\"url\":\"https:\/\/www.revellia.com\/pl\/produkt\/personalizowana-mapa-gwiazd\/\",\"name\":\"Personalizowana mapa gwiazd - Revellia\",\"isPartOf\":{\"@id\":\"https:\/\/www.revellia.com\/pl\/#website\"},\"datePublished\":\"2023-11-08T17:37:58+00:00\",\"dateModified\":\"2023-11-09T14:16:13+00:00\",\"description\":\"Stw\u00f3rzcie plakat z map\u0105 gwiazd ukazuj\u0105cy niebo tak jak by\u0142o widoczne z wybranego miejsca i momentu co przypomni wam o pi\u0119knej chwili.\",\"breadcrumb\":{\"@id\":\"https:\/\/www.revellia.com\/pl\/produkt\/personalizowana-mapa-gwiazd\/#breadcrumb\"},\"inLanguage\":\"pl-PL\",\"potentialAction\":[{\"@type\":\"ReadAction\",\"target\":[\"https:\/\/www.revellia.com\/pl\/produkt\/personalizowana-mapa-gwiazd\/\"]}]},{\"@type\":\"BreadcrumbList\",\"@id\":\"https:\/\/www.revellia.com\/pl\/produkt\/personalizowana-mapa-gwiazd\/#breadcrumb\",\"itemListElement\":[{\"@type\":\"ListItem\",\"position\":1,\"name\":\"Home\",\"item\":\"https:\/\/www.revellia.com\/pl\/\"},{\"@type\":\"ListItem\",\"position\":2,\"name\":\"Sklep\",\"item\":\"https:\/\/www.revellia.com\/pl\/shop\/\"},{\"@type\":\"ListItem\",\"position\":3,\"name\":\"Personalizowana mapa gwiazd\"}]},{\"@type\":\"WebSite\",\"@id\":\"https:\/\/www.revellia.com\/pl\/#website\",\"url\":\"https:\/\/www.revellia.com\/pl\/\",\"name\":\"Revellia\",\"description\":\"Personalized original posters\",\"publisher\":{\"@id\":\"https:\/\/www.revellia.com\/pl\/#organization\"},\"potentialAction\":[{\"@type\":\"SearchAction\",\"target\":{\"@type\":\"EntryPoint\",\"urlTemplate\":\"https:\/\/www.revellia.com\/pl\/?s={search_term_string}\"},\"query-input\":\"required name=search_term_string\"}],\"inLanguage\":\"pl-PL\"},{\"@type\":\"Organization\",\"@id\":\"https:\/\/www.revellia.com\/pl\/#organization\",\"name\":\"Revellia\",\"url\":\"https:\/\/www.revellia.com\/pl\/\",\"logo\":{\"@type\":\"ImageObject\",\"inLanguage\":\"pl-PL\",\"@id\":\"https:\/\/www.revellia.com\/pl\/#\/schema\/logo\/image\/\",\"url\":\"https:\/\/www.revellia.com\/wp-content\/uploads\/2021\/02\/logo.png\",\"contentUrl\":\"https:\/\/www.revellia.com\/wp-content\/uploads\/2021\/02\/logo.png\",\"width\":437,\"height\":128,\"caption\":\"Revellia\"},\"image\":{\"@id\":\"https:\/\/www.revellia.com\/pl\/#\/schema\/logo\/image\/\"}}]}<\/script>\n<!-- \/ Yoast SEO plugin. -->","yoast_head_json":{"title":"Personalizowana mapa gwiazd - Revellia","description":"Stw\u00f3rzcie plakat z map\u0105 gwiazd ukazuj\u0105cy niebo tak jak by\u0142o widoczne z wybranego miejsca i momentu co przypomni wam o pi\u0119knej chwili.","robots":{"index":"noindex","follow":"nofollow"},"og_locale":"pl_PL","og_type":"article","og_title":"Personalizowana mapa gwiazd - Revellia","og_description":"Stw\u00f3rzcie plakat z map\u0105 gwiazd ukazuj\u0105cy niebo tak jak by\u0142o widoczne z wybranego miejsca i momentu co przypomni wam o pi\u0119knej chwili.","og_url":"https:\/\/www.revellia.com\/pl\/produkt\/personalizowana-mapa-gwiazd\/","og_site_name":"Revellia","article_modified_time":"2023-11-09T14:16:13+00:00","og_image":[{"width":1376,"height":1392,"url":"https:\/\/www.revellia.com\/wp-content\/uploads\/2021\/02\/product.jpg","type":"image\/jpeg"}],"twitter_card":"summary_large_image","twitter_misc":{"Szacowany czas czytania":"1 minuta"},"schema":{"@context":"https:\/\/schema.org","@graph":[{"@type":"WebPage","@id":"https:\/\/www.revellia.com\/pl\/produkt\/personalizowana-mapa-gwiazd\/","url":"https:\/\/www.revellia.com\/pl\/produkt\/personalizowana-mapa-gwiazd\/","name":"Personalizowana mapa gwiazd - Revellia","isPartOf":{"@id":"https:\/\/www.revellia.com\/pl\/#website"},"datePublished":"2023-11-08T17:37:58+00:00","dateModified":"2023-11-09T14:16:13+00:00","description":"Stw\u00f3rzcie plakat z map\u0105 gwiazd ukazuj\u0105cy niebo tak jak by\u0142o widoczne z wybranego miejsca i momentu co przypomni wam o pi\u0119knej chwili.","breadcrumb":{"@id":"https:\/\/www.revellia.com\/pl\/produkt\/personalizowana-mapa-gwiazd\/#breadcrumb"},"inLanguage":"pl-PL","potentialAction":[{"@type":"ReadAction","target":["https:\/\/www.revellia.com\/pl\/produkt\/personalizowana-mapa-gwiazd\/"]}]},{"@type":"BreadcrumbList","@id":"https:\/\/www.revellia.com\/pl\/produkt\/personalizowana-mapa-gwiazd\/#breadcrumb","itemListElement":[{"@type":"ListItem","position":1,"name":"Home","item":"https:\/\/www.revellia.com\/pl\/"},{"@type":"ListItem","position":2,"name":"Sklep","item":"https:\/\/www.revellia.com\/pl\/shop\/"},{"@type":"ListItem","position":3,"name":"Personalizowana mapa gwiazd"}]},{"@type":"WebSite","@id":"https:\/\/www.revellia.com\/pl\/#website","url":"https:\/\/www.revellia.com\/pl\/","name":"Revellia","description":"Personalized original posters","publisher":{"@id":"https:\/\/www.revellia.com\/pl\/#organization"},"potentialAction":[{"@type":"SearchAction","target":{"@type":"EntryPoint","urlTemplate":"https:\/\/www.revellia.com\/pl\/?s={search_term_string}"},"query-input":"required name=search_term_string"}],"inLanguage":"pl-PL"},{"@type":"Organization","@id":"https:\/\/www.revellia.com\/pl\/#organization","name":"Revellia","url":"https:\/\/www.revellia.com\/pl\/","logo":{"@type":"ImageObject","inLanguage":"pl-PL","@id":"https:\/\/www.revellia.com\/pl\/#\/schema\/logo\/image\/","url":"https:\/\/www.revellia.com\/wp-content\/uploads\/2021\/02\/logo.png","contentUrl":"https:\/\/www.revellia.com\/wp-content\/uploads\/2021\/02\/logo.png","width":437,"height":128,"caption":"Revellia"},"image":{"@id":"https:\/\/www.revellia.com\/pl\/#\/schema\/logo\/image\/"}}]}},"_links":{"self":[{"href":"https:\/\/www.revellia.com\/pl\/wp-json\/wp\/v2\/product\/2506","targetHints":{"allow":["GET"]}}],"collection":[{"href":"https:\/\/www.revellia.com\/pl\/wp-json\/wp\/v2\/product"}],"about":[{"href":"https:\/\/www.revellia.com\/pl\/wp-json\/wp\/v2\/types\/product"}],"wp:featuredmedia":[{"embeddable":true,"href":"https:\/\/www.revellia.com\/pl\/wp-json\/wp\/v2\/media\/2115"}],"wp:attachment":[{"href":"https:\/\/www.revellia.com\/pl\/wp-json\/wp\/v2\/media?parent=2506"}],"wp:term":[{"taxonomy":"product_cat","embeddable":true,"href":"https:\/\/www.revellia.com\/pl\/wp-json\/wp\/v2\/product_cat?post=2506"},{"taxonomy":"product_tag","embeddable":true,"href":"https:\/\/www.revellia.com\/pl\/wp-json\/wp\/v2\/product_tag?post=2506"}],"curies":[{"name":"wp","href":"https:\/\/api.w.org\/{rel}","templated":true}]}}