{"id":2490,"date":"2023-11-08T16:25:33","date_gmt":"2023-11-08T16:25:33","guid":{"rendered":"https:\/\/www.revellia.com\/?post_type=product&#038;p=2490"},"modified":"2023-11-08T16:25:33","modified_gmt":"2023-11-08T16:25:33","slug":"plakat-metryczka-dla-dziecka-do-pokoju-niemowlecego","status":"publish","type":"product","link":"https:\/\/www.revellia.com\/pl\/produkt\/plakat-metryczka-dla-dziecka-do-pokoju-niemowlecego\/","title":{"rendered":"Plakat metryczka dla dziecka do pokoju niemowl\u0119cego"},"content":{"rendered":"<p>Wspania\u0142y artystyczny plakat podkre\u015blaj\u0105cy dane urodzenia Twojego dziecka, stanowi\u0105cy \u015bwietny pomys\u0142 na dekoracj\u0119 do pokoju niemowl\u0119cego.<\/p>\n<p>Produkt dost\u0119pny jest w formie plakatu lub pliku elektronicznego.<\/p>\n<p>Ramka nie jest wliczona.<\/p>\n<p>Plakat<\/p>\n<ul>\n<li>Wymiary: 21 x 30 cm, 30 x 40 cm lub 50 x 70 cm<\/li>\n<li>Gramatura papieru: 200 g\/m\u00b2<\/li>\n<li>Wyko\u0144czenie: Matowe, niepowlekane<\/li>\n<\/ul>\n<p>Plik elektroniczny<\/p>\n<ul>\n<li>Format: PDF\/PNG A4<\/li>\n<li>Rozdzielczo\u015b\u0107: 4200 x 6000 px<\/li>\n<\/ul>\n","protected":false},"excerpt":{"rendered":"<p>Wspania\u0142y artystyczny plakat podkre\u015blaj\u0105cy dane urodzenia Twojego dziecka, stanowi\u0105cy \u015bwietny pomys\u0142 na dekoracj\u0119 do pokoju niemowl\u0119cego. Produkt dost\u0119pny jest w formie plakatu lub pliku elektronicznego. Ramka nie jest wliczona. Plakat Wymiary: 21 x 30 cm, 30 x 40 cm lub 50 x 70 cm Gramatura papieru: 200 g\/m\u00b2 Wyko\u0144czenie: Matowe, niepowlekane Plik elektroniczny Format: PDF\/PNG [&hellip;]<\/p>\n","protected":false},"featured_media":2331,"template":"","meta":{"powered_cache_disable_cache":false},"product_cat":[71],"product_tag":[],"class_list":["post-2490","product","type-product","status-publish","has-post-thumbnail","hentry","product_cat-plakat-2"],"yoast_head":"<!-- This site is optimized with the Yoast SEO plugin v21.4 - https:\/\/yoast.com\/wordpress\/plugins\/seo\/ -->\n<title>Plakat metryczka dla dziecka do pokoju niemowl\u0119cego - Revellia<\/title>\n<meta name=\"description\" content=\"Plakat z Metryczk\u0105 dla Dziecka podkre\u015blaj\u0105cy wa\u017cne informacje o narodzinach idealny do ozdobienia \u015bcian w pokoju niemowl\u0119cego\" \/>\n<meta name=\"robots\" content=\"noindex, nofollow\" \/>\n<meta property=\"og:locale\" content=\"pl_PL\" \/>\n<meta property=\"og:type\" content=\"article\" \/>\n<meta property=\"og:title\" content=\"Plakat metryczka dla dziecka do pokoju niemowl\u0119cego - Revellia\" \/>\n<meta property=\"og:description\" content=\"Plakat z Metryczk\u0105 dla Dziecka podkre\u015blaj\u0105cy wa\u017cne informacje o narodzinach idealny do ozdobienia \u015bcian w pokoju niemowl\u0119cego\" \/>\n<meta property=\"og:url\" content=\"https:\/\/www.revellia.com\/pl\/produkt\/plakat-metryczka-dla-dziecka-do-pokoju-niemowlecego\/\" \/>\n<meta property=\"og:site_name\" content=\"Revellia\" \/>\n<meta property=\"og:image\" content=\"https:\/\/www.revellia.com\/wp-content\/uploads\/2023\/05\/birth-en.jpg\" \/>\n\t<meta property=\"og:image:width\" content=\"1301\" \/>\n\t<meta property=\"og:image:height\" content=\"868\" \/>\n\t<meta property=\"og:image:type\" content=\"image\/jpeg\" \/>\n<meta name=\"twitter:card\" content=\"summary_large_image\" \/>\n<meta name=\"twitter:label1\" content=\"Szacowany czas czytania\" \/>\n\t<meta name=\"twitter:data1\" content=\"1 minuta\" \/>\n<script type=\"application\/ld+json\" class=\"yoast-schema-graph\">{\"@context\":\"https:\/\/schema.org\",\"@graph\":[{\"@type\":\"WebPage\",\"@id\":\"https:\/\/www.revellia.com\/pl\/produkt\/plakat-metryczka-dla-dziecka-do-pokoju-niemowlecego\/\",\"url\":\"https:\/\/www.revellia.com\/pl\/produkt\/plakat-metryczka-dla-dziecka-do-pokoju-niemowlecego\/\",\"name\":\"Plakat metryczka dla dziecka do pokoju niemowl\u0119cego - Revellia\",\"isPartOf\":{\"@id\":\"https:\/\/www.revellia.com\/pl\/#website\"},\"datePublished\":\"2023-11-08T16:25:33+00:00\",\"dateModified\":\"2023-11-08T16:25:33+00:00\",\"description\":\"Plakat z Metryczk\u0105 dla Dziecka podkre\u015blaj\u0105cy wa\u017cne informacje o narodzinach idealny do ozdobienia \u015bcian w pokoju niemowl\u0119cego\",\"breadcrumb\":{\"@id\":\"https:\/\/www.revellia.com\/pl\/produkt\/plakat-metryczka-dla-dziecka-do-pokoju-niemowlecego\/#breadcrumb\"},\"inLanguage\":\"pl-PL\",\"potentialAction\":[{\"@type\":\"ReadAction\",\"target\":[\"https:\/\/www.revellia.com\/pl\/produkt\/plakat-metryczka-dla-dziecka-do-pokoju-niemowlecego\/\"]}]},{\"@type\":\"BreadcrumbList\",\"@id\":\"https:\/\/www.revellia.com\/pl\/produkt\/plakat-metryczka-dla-dziecka-do-pokoju-niemowlecego\/#breadcrumb\",\"itemListElement\":[{\"@type\":\"ListItem\",\"position\":1,\"name\":\"Home\",\"item\":\"https:\/\/www.revellia.com\/pl\/\"},{\"@type\":\"ListItem\",\"position\":2,\"name\":\"Sklep\",\"item\":\"https:\/\/www.revellia.com\/pl\/shop\/\"},{\"@type\":\"ListItem\",\"position\":3,\"name\":\"Plakat metryczka dla dziecka do pokoju niemowl\u0119cego\"}]},{\"@type\":\"WebSite\",\"@id\":\"https:\/\/www.revellia.com\/pl\/#website\",\"url\":\"https:\/\/www.revellia.com\/pl\/\",\"name\":\"Revellia\",\"description\":\"Personalized original posters\",\"publisher\":{\"@id\":\"https:\/\/www.revellia.com\/pl\/#organization\"},\"potentialAction\":[{\"@type\":\"SearchAction\",\"target\":{\"@type\":\"EntryPoint\",\"urlTemplate\":\"https:\/\/www.revellia.com\/pl\/?s={search_term_string}\"},\"query-input\":\"required name=search_term_string\"}],\"inLanguage\":\"pl-PL\"},{\"@type\":\"Organization\",\"@id\":\"https:\/\/www.revellia.com\/pl\/#organization\",\"name\":\"Revellia\",\"url\":\"https:\/\/www.revellia.com\/pl\/\",\"logo\":{\"@type\":\"ImageObject\",\"inLanguage\":\"pl-PL\",\"@id\":\"https:\/\/www.revellia.com\/pl\/#\/schema\/logo\/image\/\",\"url\":\"https:\/\/www.revellia.com\/wp-content\/uploads\/2021\/02\/logo.png\",\"contentUrl\":\"https:\/\/www.revellia.com\/wp-content\/uploads\/2021\/02\/logo.png\",\"width\":437,\"height\":128,\"caption\":\"Revellia\"},\"image\":{\"@id\":\"https:\/\/www.revellia.com\/pl\/#\/schema\/logo\/image\/\"}}]}<\/script>\n<!-- \/ Yoast SEO plugin. -->","yoast_head_json":{"title":"Plakat metryczka dla dziecka do pokoju niemowl\u0119cego - Revellia","description":"Plakat z Metryczk\u0105 dla Dziecka podkre\u015blaj\u0105cy wa\u017cne informacje o narodzinach idealny do ozdobienia \u015bcian w pokoju niemowl\u0119cego","robots":{"index":"noindex","follow":"nofollow"},"og_locale":"pl_PL","og_type":"article","og_title":"Plakat metryczka dla dziecka do pokoju niemowl\u0119cego - Revellia","og_description":"Plakat z Metryczk\u0105 dla Dziecka podkre\u015blaj\u0105cy wa\u017cne informacje o narodzinach idealny do ozdobienia \u015bcian w pokoju niemowl\u0119cego","og_url":"https:\/\/www.revellia.com\/pl\/produkt\/plakat-metryczka-dla-dziecka-do-pokoju-niemowlecego\/","og_site_name":"Revellia","og_image":[{"width":1301,"height":868,"url":"https:\/\/www.revellia.com\/wp-content\/uploads\/2023\/05\/birth-en.jpg","type":"image\/jpeg"}],"twitter_card":"summary_large_image","twitter_misc":{"Szacowany czas czytania":"1 minuta"},"schema":{"@context":"https:\/\/schema.org","@graph":[{"@type":"WebPage","@id":"https:\/\/www.revellia.com\/pl\/produkt\/plakat-metryczka-dla-dziecka-do-pokoju-niemowlecego\/","url":"https:\/\/www.revellia.com\/pl\/produkt\/plakat-metryczka-dla-dziecka-do-pokoju-niemowlecego\/","name":"Plakat metryczka dla dziecka do pokoju niemowl\u0119cego - Revellia","isPartOf":{"@id":"https:\/\/www.revellia.com\/pl\/#website"},"datePublished":"2023-11-08T16:25:33+00:00","dateModified":"2023-11-08T16:25:33+00:00","description":"Plakat z Metryczk\u0105 dla Dziecka podkre\u015blaj\u0105cy wa\u017cne informacje o narodzinach idealny do ozdobienia \u015bcian w pokoju niemowl\u0119cego","breadcrumb":{"@id":"https:\/\/www.revellia.com\/pl\/produkt\/plakat-metryczka-dla-dziecka-do-pokoju-niemowlecego\/#breadcrumb"},"inLanguage":"pl-PL","potentialAction":[{"@type":"ReadAction","target":["https:\/\/www.revellia.com\/pl\/produkt\/plakat-metryczka-dla-dziecka-do-pokoju-niemowlecego\/"]}]},{"@type":"BreadcrumbList","@id":"https:\/\/www.revellia.com\/pl\/produkt\/plakat-metryczka-dla-dziecka-do-pokoju-niemowlecego\/#breadcrumb","itemListElement":[{"@type":"ListItem","position":1,"name":"Home","item":"https:\/\/www.revellia.com\/pl\/"},{"@type":"ListItem","position":2,"name":"Sklep","item":"https:\/\/www.revellia.com\/pl\/shop\/"},{"@type":"ListItem","position":3,"name":"Plakat metryczka dla dziecka do pokoju niemowl\u0119cego"}]},{"@type":"WebSite","@id":"https:\/\/www.revellia.com\/pl\/#website","url":"https:\/\/www.revellia.com\/pl\/","name":"Revellia","description":"Personalized original posters","publisher":{"@id":"https:\/\/www.revellia.com\/pl\/#organization"},"potentialAction":[{"@type":"SearchAction","target":{"@type":"EntryPoint","urlTemplate":"https:\/\/www.revellia.com\/pl\/?s={search_term_string}"},"query-input":"required name=search_term_string"}],"inLanguage":"pl-PL"},{"@type":"Organization","@id":"https:\/\/www.revellia.com\/pl\/#organization","name":"Revellia","url":"https:\/\/www.revellia.com\/pl\/","logo":{"@type":"ImageObject","inLanguage":"pl-PL","@id":"https:\/\/www.revellia.com\/pl\/#\/schema\/logo\/image\/","url":"https:\/\/www.revellia.com\/wp-content\/uploads\/2021\/02\/logo.png","contentUrl":"https:\/\/www.revellia.com\/wp-content\/uploads\/2021\/02\/logo.png","width":437,"height":128,"caption":"Revellia"},"image":{"@id":"https:\/\/www.revellia.com\/pl\/#\/schema\/logo\/image\/"}}]}},"_links":{"self":[{"href":"https:\/\/www.revellia.com\/pl\/wp-json\/wp\/v2\/product\/2490","targetHints":{"allow":["GET"]}}],"collection":[{"href":"https:\/\/www.revellia.com\/pl\/wp-json\/wp\/v2\/product"}],"about":[{"href":"https:\/\/www.revellia.com\/pl\/wp-json\/wp\/v2\/types\/product"}],"wp:featuredmedia":[{"embeddable":true,"href":"https:\/\/www.revellia.com\/pl\/wp-json\/wp\/v2\/media\/2331"}],"wp:attachment":[{"href":"https:\/\/www.revellia.com\/pl\/wp-json\/wp\/v2\/media?parent=2490"}],"wp:term":[{"taxonomy":"product_cat","embeddable":true,"href":"https:\/\/www.revellia.com\/pl\/wp-json\/wp\/v2\/product_cat?post=2490"},{"taxonomy":"product_tag","embeddable":true,"href":"https:\/\/www.revellia.com\/pl\/wp-json\/wp\/v2\/product_tag?post=2490"}],"curies":[{"name":"wp","href":"https:\/\/api.w.org\/{rel}","templated":true}]}}