{"id":2391,"date":"2023-11-07T15:58:35","date_gmt":"2023-11-07T15:58:35","guid":{"rendered":"https:\/\/www.revellia.com\/?post_type=product&#038;p=2391"},"modified":"2023-11-10T16:04:14","modified_gmt":"2023-11-10T16:04:14","slug":"plakat-z-personalizowana-definicja","status":"publish","type":"product","link":"https:\/\/www.revellia.com\/pl\/produkt\/plakat-z-personalizowana-definicja\/","title":{"rendered":"Plakat z personalizowan\u0105 definicj\u0105"},"content":{"rendered":"<p>Przepi\u0119kny plakat przedstawiaj\u0105cy artystycznie opracowan\u0105, personalizowan\u0105 definicj\u0119.<\/p>\n<p>Produkt dost\u0119pny jest w formie plakatu lub pliku elektronicznego.<\/p>\n<p>Ramka nie jest wliczona.<\/p>\n<p>Plakat<\/p>\n<ul>\n<li>Wymiary: 21 x 30 cm, 30 x 40 cm lub 50 x 70 cm<\/li>\n<li>Gramatura papieru: 200 g\/m\u00b2<\/li>\n<li>Wyko\u0144czenie: Matowe, niepowlekane<\/li>\n<\/ul>\n<p>Plik elektroniczny<\/p>\n<ul>\n<li>Format: PDF\/PNG A4<\/li>\n<li>Rozdzielczo\u015b\u0107: 4200 x 6000 px<\/li>\n<\/ul>\n","protected":false},"excerpt":{"rendered":"<p>Przepi\u0119kny plakat przedstawiaj\u0105cy artystycznie opracowan\u0105, personalizowan\u0105 definicj\u0119. Produkt dost\u0119pny jest w formie plakatu lub pliku elektronicznego. Ramka nie jest wliczona. Plakat Wymiary: 21 x 30 cm, 30 x 40 cm lub 50 x 70 cm Gramatura papieru: 200 g\/m\u00b2 Wyko\u0144czenie: Matowe, niepowlekane Plik elektroniczny Format: PDF\/PNG A4 Rozdzielczo\u015b\u0107: 4200 x 6000 px<\/p>\n","protected":false},"featured_media":2215,"template":"","meta":{"powered_cache_disable_cache":false},"product_cat":[71],"product_tag":[],"class_list":["post-2391","product","type-product","status-publish","has-post-thumbnail","hentry","product_cat-plakat-2"],"yoast_head":"<!-- This site is optimized with the Yoast SEO plugin v21.4 - https:\/\/yoast.com\/wordpress\/plugins\/seo\/ -->\n<title>Plakat z personalizowan\u0105 definicj\u0105 - Revellia<\/title>\n<meta name=\"description\" content=\"Stw\u00f3rz wspania\u0142y plakat z Twoj\u0105 w\u0142asn\u0105, spersonalizowan\u0105 definicj\u0105. Oryginalna affisz, kt\u00f3ra doda troch\u0119 humoru na Twoje \u015bciany.\" \/>\n<meta name=\"robots\" content=\"noindex, nofollow\" \/>\n<meta property=\"og:locale\" content=\"pl_PL\" \/>\n<meta property=\"og:type\" content=\"article\" \/>\n<meta property=\"og:title\" content=\"Plakat z personalizowan\u0105 definicj\u0105 - Revellia\" \/>\n<meta property=\"og:description\" content=\"Stw\u00f3rz wspania\u0142y plakat z Twoj\u0105 w\u0142asn\u0105, spersonalizowan\u0105 definicj\u0105. Oryginalna affisz, kt\u00f3ra doda troch\u0119 humoru na Twoje \u015bciany.\" \/>\n<meta property=\"og:url\" content=\"https:\/\/www.revellia.com\/pl\/produkt\/plakat-z-personalizowana-definicja\/\" \/>\n<meta property=\"og:site_name\" content=\"Revellia\" \/>\n<meta property=\"article:modified_time\" content=\"2023-11-10T16:04:14+00:00\" \/>\n<meta property=\"og:image\" content=\"https:\/\/www.revellia.com\/wp-content\/uploads\/2021\/05\/1.jpg\" \/>\n\t<meta property=\"og:image:width\" content=\"1920\" \/>\n\t<meta property=\"og:image:height\" content=\"1280\" \/>\n\t<meta property=\"og:image:type\" content=\"image\/jpeg\" \/>\n<meta name=\"twitter:card\" content=\"summary_large_image\" \/>\n<meta name=\"twitter:label1\" content=\"Szacowany czas czytania\" \/>\n\t<meta name=\"twitter:data1\" content=\"1 minuta\" \/>\n<script type=\"application\/ld+json\" class=\"yoast-schema-graph\">{\"@context\":\"https:\/\/schema.org\",\"@graph\":[{\"@type\":\"WebPage\",\"@id\":\"https:\/\/www.revellia.com\/pl\/produkt\/plakat-z-personalizowana-definicja\/\",\"url\":\"https:\/\/www.revellia.com\/pl\/produkt\/plakat-z-personalizowana-definicja\/\",\"name\":\"Plakat z personalizowan\u0105 definicj\u0105 - Revellia\",\"isPartOf\":{\"@id\":\"https:\/\/www.revellia.com\/pl\/#website\"},\"datePublished\":\"2023-11-07T15:58:35+00:00\",\"dateModified\":\"2023-11-10T16:04:14+00:00\",\"description\":\"Stw\u00f3rz wspania\u0142y plakat z Twoj\u0105 w\u0142asn\u0105, spersonalizowan\u0105 definicj\u0105. Oryginalna affisz, kt\u00f3ra doda troch\u0119 humoru na Twoje \u015bciany.\",\"breadcrumb\":{\"@id\":\"https:\/\/www.revellia.com\/pl\/produkt\/plakat-z-personalizowana-definicja\/#breadcrumb\"},\"inLanguage\":\"pl-PL\",\"potentialAction\":[{\"@type\":\"ReadAction\",\"target\":[\"https:\/\/www.revellia.com\/pl\/produkt\/plakat-z-personalizowana-definicja\/\"]}]},{\"@type\":\"BreadcrumbList\",\"@id\":\"https:\/\/www.revellia.com\/pl\/produkt\/plakat-z-personalizowana-definicja\/#breadcrumb\",\"itemListElement\":[{\"@type\":\"ListItem\",\"position\":1,\"name\":\"Home\",\"item\":\"https:\/\/www.revellia.com\/pl\/\"},{\"@type\":\"ListItem\",\"position\":2,\"name\":\"Sklep\",\"item\":\"https:\/\/www.revellia.com\/pl\/shop\/\"},{\"@type\":\"ListItem\",\"position\":3,\"name\":\"Plakat z personalizowan\u0105 definicj\u0105\"}]},{\"@type\":\"WebSite\",\"@id\":\"https:\/\/www.revellia.com\/pl\/#website\",\"url\":\"https:\/\/www.revellia.com\/pl\/\",\"name\":\"Revellia\",\"description\":\"Personalized original posters\",\"publisher\":{\"@id\":\"https:\/\/www.revellia.com\/pl\/#organization\"},\"potentialAction\":[{\"@type\":\"SearchAction\",\"target\":{\"@type\":\"EntryPoint\",\"urlTemplate\":\"https:\/\/www.revellia.com\/pl\/?s={search_term_string}\"},\"query-input\":\"required name=search_term_string\"}],\"inLanguage\":\"pl-PL\"},{\"@type\":\"Organization\",\"@id\":\"https:\/\/www.revellia.com\/pl\/#organization\",\"name\":\"Revellia\",\"url\":\"https:\/\/www.revellia.com\/pl\/\",\"logo\":{\"@type\":\"ImageObject\",\"inLanguage\":\"pl-PL\",\"@id\":\"https:\/\/www.revellia.com\/pl\/#\/schema\/logo\/image\/\",\"url\":\"https:\/\/www.revellia.com\/wp-content\/uploads\/2021\/02\/logo.png\",\"contentUrl\":\"https:\/\/www.revellia.com\/wp-content\/uploads\/2021\/02\/logo.png\",\"width\":437,\"height\":128,\"caption\":\"Revellia\"},\"image\":{\"@id\":\"https:\/\/www.revellia.com\/pl\/#\/schema\/logo\/image\/\"}}]}<\/script>\n<!-- \/ Yoast SEO plugin. -->","yoast_head_json":{"title":"Plakat z personalizowan\u0105 definicj\u0105 - Revellia","description":"Stw\u00f3rz wspania\u0142y plakat z Twoj\u0105 w\u0142asn\u0105, spersonalizowan\u0105 definicj\u0105. Oryginalna affisz, kt\u00f3ra doda troch\u0119 humoru na Twoje \u015bciany.","robots":{"index":"noindex","follow":"nofollow"},"og_locale":"pl_PL","og_type":"article","og_title":"Plakat z personalizowan\u0105 definicj\u0105 - Revellia","og_description":"Stw\u00f3rz wspania\u0142y plakat z Twoj\u0105 w\u0142asn\u0105, spersonalizowan\u0105 definicj\u0105. Oryginalna affisz, kt\u00f3ra doda troch\u0119 humoru na Twoje \u015bciany.","og_url":"https:\/\/www.revellia.com\/pl\/produkt\/plakat-z-personalizowana-definicja\/","og_site_name":"Revellia","article_modified_time":"2023-11-10T16:04:14+00:00","og_image":[{"width":1920,"height":1280,"url":"https:\/\/www.revellia.com\/wp-content\/uploads\/2021\/05\/1.jpg","type":"image\/jpeg"}],"twitter_card":"summary_large_image","twitter_misc":{"Szacowany czas czytania":"1 minuta"},"schema":{"@context":"https:\/\/schema.org","@graph":[{"@type":"WebPage","@id":"https:\/\/www.revellia.com\/pl\/produkt\/plakat-z-personalizowana-definicja\/","url":"https:\/\/www.revellia.com\/pl\/produkt\/plakat-z-personalizowana-definicja\/","name":"Plakat z personalizowan\u0105 definicj\u0105 - Revellia","isPartOf":{"@id":"https:\/\/www.revellia.com\/pl\/#website"},"datePublished":"2023-11-07T15:58:35+00:00","dateModified":"2023-11-10T16:04:14+00:00","description":"Stw\u00f3rz wspania\u0142y plakat z Twoj\u0105 w\u0142asn\u0105, spersonalizowan\u0105 definicj\u0105. Oryginalna affisz, kt\u00f3ra doda troch\u0119 humoru na Twoje \u015bciany.","breadcrumb":{"@id":"https:\/\/www.revellia.com\/pl\/produkt\/plakat-z-personalizowana-definicja\/#breadcrumb"},"inLanguage":"pl-PL","potentialAction":[{"@type":"ReadAction","target":["https:\/\/www.revellia.com\/pl\/produkt\/plakat-z-personalizowana-definicja\/"]}]},{"@type":"BreadcrumbList","@id":"https:\/\/www.revellia.com\/pl\/produkt\/plakat-z-personalizowana-definicja\/#breadcrumb","itemListElement":[{"@type":"ListItem","position":1,"name":"Home","item":"https:\/\/www.revellia.com\/pl\/"},{"@type":"ListItem","position":2,"name":"Sklep","item":"https:\/\/www.revellia.com\/pl\/shop\/"},{"@type":"ListItem","position":3,"name":"Plakat z personalizowan\u0105 definicj\u0105"}]},{"@type":"WebSite","@id":"https:\/\/www.revellia.com\/pl\/#website","url":"https:\/\/www.revellia.com\/pl\/","name":"Revellia","description":"Personalized original posters","publisher":{"@id":"https:\/\/www.revellia.com\/pl\/#organization"},"potentialAction":[{"@type":"SearchAction","target":{"@type":"EntryPoint","urlTemplate":"https:\/\/www.revellia.com\/pl\/?s={search_term_string}"},"query-input":"required name=search_term_string"}],"inLanguage":"pl-PL"},{"@type":"Organization","@id":"https:\/\/www.revellia.com\/pl\/#organization","name":"Revellia","url":"https:\/\/www.revellia.com\/pl\/","logo":{"@type":"ImageObject","inLanguage":"pl-PL","@id":"https:\/\/www.revellia.com\/pl\/#\/schema\/logo\/image\/","url":"https:\/\/www.revellia.com\/wp-content\/uploads\/2021\/02\/logo.png","contentUrl":"https:\/\/www.revellia.com\/wp-content\/uploads\/2021\/02\/logo.png","width":437,"height":128,"caption":"Revellia"},"image":{"@id":"https:\/\/www.revellia.com\/pl\/#\/schema\/logo\/image\/"}}]}},"_links":{"self":[{"href":"https:\/\/www.revellia.com\/pl\/wp-json\/wp\/v2\/product\/2391","targetHints":{"allow":["GET"]}}],"collection":[{"href":"https:\/\/www.revellia.com\/pl\/wp-json\/wp\/v2\/product"}],"about":[{"href":"https:\/\/www.revellia.com\/pl\/wp-json\/wp\/v2\/types\/product"}],"wp:featuredmedia":[{"embeddable":true,"href":"https:\/\/www.revellia.com\/pl\/wp-json\/wp\/v2\/media\/2215"}],"wp:attachment":[{"href":"https:\/\/www.revellia.com\/pl\/wp-json\/wp\/v2\/media?parent=2391"}],"wp:term":[{"taxonomy":"product_cat","embeddable":true,"href":"https:\/\/www.revellia.com\/pl\/wp-json\/wp\/v2\/product_cat?post=2391"},{"taxonomy":"product_tag","embeddable":true,"href":"https:\/\/www.revellia.com\/pl\/wp-json\/wp\/v2\/product_tag?post=2391"}],"curies":[{"name":"wp","href":"https:\/\/api.w.org\/{rel}","templated":true}]}}