{"id":2740,"date":"2023-11-10T15:55:47","date_gmt":"2023-11-10T15:55:47","guid":{"rendered":"https:\/\/www.revellia.com\/?page_id=2740"},"modified":"2023-11-10T15:55:47","modified_gmt":"2023-11-10T15:55:47","slug":"personalizowany-rodzinny-plakat-w-stylu-znaku-ulicznego","status":"publish","type":"page","link":"https:\/\/www.revellia.com\/pl\/plakaty\/personalizowany-rodzinny-plakat-w-stylu-znaku-ulicznego\/","title":{"rendered":"Personalizowany Rodzinny Plakat w Stylu Znaku Ulicznego"},"content":{"rendered":"","protected":false},"excerpt":{"rendered":"","protected":false},"author":1,"featured_media":2259,"parent":2679,"menu_order":0,"comment_status":"closed","ping_status":"closed","template":"","meta":{"footnotes":"","powered_cache_disable_cache":false},"yoast_head":"<!-- This site is optimized with the Yoast SEO plugin v21.4 - https:\/\/yoast.com\/wordpress\/plugins\/seo\/ -->\n<title>Personalizowany Rodzinny Plakat w Stylu Znaku Ulicznego - Revellia<\/title>\n<meta name=\"description\" content=\"Personalizuj rodzinny plakat, przedstawiaj\u0105cy imiona cz\u0142onk\u00f3w twojej rodziny na znaku skrzy\u017cowania w stylu nowojorskim.\" \/>\n<meta name=\"robots\" content=\"index, follow, max-snippet:-1, max-image-preview:large, max-video-preview:-1\" \/>\n<link rel=\"canonical\" href=\"https:\/\/www.revellia.com\/pl\/plakaty\/personalizowany-rodzinny-plakat-w-stylu-znaku-ulicznego\/\" \/>\n<meta property=\"og:locale\" content=\"pl_PL\" \/>\n<meta property=\"og:type\" content=\"article\" \/>\n<meta property=\"og:title\" content=\"Personalizowany Rodzinny Plakat w Stylu Znaku Ulicznego - Revellia\" \/>\n<meta property=\"og:description\" content=\"Personalizuj rodzinny plakat, przedstawiaj\u0105cy imiona cz\u0142onk\u00f3w twojej rodziny na znaku skrzy\u017cowania w stylu nowojorskim.\" \/>\n<meta property=\"og:url\" content=\"https:\/\/www.revellia.com\/pl\/plakaty\/personalizowany-rodzinny-plakat-w-stylu-znaku-ulicznego\/\" \/>\n<meta property=\"og:site_name\" content=\"Revellia\" \/>\n<meta property=\"og:image\" content=\"https:\/\/www.revellia.com\/wp-content\/uploads\/2022\/08\/tableau-prenom.jpg\" \/>\n\t<meta property=\"og:image:width\" content=\"1583\" \/>\n\t<meta property=\"og:image:height\" content=\"1334\" \/>\n\t<meta property=\"og:image:type\" content=\"image\/jpeg\" \/>\n<meta name=\"twitter:card\" content=\"summary_large_image\" \/>\n<script type=\"application\/ld+json\" class=\"yoast-schema-graph\">{\"@context\":\"https:\/\/schema.org\",\"@graph\":[{\"@type\":\"WebPage\",\"@id\":\"https:\/\/www.revellia.com\/pl\/plakaty\/personalizowany-rodzinny-plakat-w-stylu-znaku-ulicznego\/\",\"url\":\"https:\/\/www.revellia.com\/pl\/plakaty\/personalizowany-rodzinny-plakat-w-stylu-znaku-ulicznego\/\",\"name\":\"Personalizowany Rodzinny Plakat w Stylu Znaku Ulicznego - Revellia\",\"isPartOf\":{\"@id\":\"https:\/\/www.revellia.com\/pl\/#website\"},\"datePublished\":\"2023-11-10T15:55:47+00:00\",\"dateModified\":\"2023-11-10T15:55:47+00:00\",\"description\":\"Personalizuj rodzinny plakat, przedstawiaj\u0105cy imiona cz\u0142onk\u00f3w twojej rodziny na znaku skrzy\u017cowania w stylu nowojorskim.\",\"breadcrumb\":{\"@id\":\"https:\/\/www.revellia.com\/pl\/plakaty\/personalizowany-rodzinny-plakat-w-stylu-znaku-ulicznego\/#breadcrumb\"},\"inLanguage\":\"pl-PL\",\"potentialAction\":[{\"@type\":\"ReadAction\",\"target\":[\"https:\/\/www.revellia.com\/pl\/plakaty\/personalizowany-rodzinny-plakat-w-stylu-znaku-ulicznego\/\"]}]},{\"@type\":\"BreadcrumbList\",\"@id\":\"https:\/\/www.revellia.com\/pl\/plakaty\/personalizowany-rodzinny-plakat-w-stylu-znaku-ulicznego\/#breadcrumb\",\"itemListElement\":[{\"@type\":\"ListItem\",\"position\":1,\"name\":\"Home\",\"item\":\"https:\/\/www.revellia.com\/pl\/\"},{\"@type\":\"ListItem\",\"position\":2,\"name\":\"Plakaty\",\"item\":\"https:\/\/www.revellia.com\/pl\/plakaty\/\"},{\"@type\":\"ListItem\",\"position\":3,\"name\":\"Personalizowany Rodzinny Plakat w Stylu Znaku Ulicznego\"}]},{\"@type\":\"WebSite\",\"@id\":\"https:\/\/www.revellia.com\/pl\/#website\",\"url\":\"https:\/\/www.revellia.com\/pl\/\",\"name\":\"Revellia\",\"description\":\"Personalized original posters\",\"publisher\":{\"@id\":\"https:\/\/www.revellia.com\/pl\/#organization\"},\"potentialAction\":[{\"@type\":\"SearchAction\",\"target\":{\"@type\":\"EntryPoint\",\"urlTemplate\":\"https:\/\/www.revellia.com\/pl\/?s={search_term_string}\"},\"query-input\":\"required name=search_term_string\"}],\"inLanguage\":\"pl-PL\"},{\"@type\":\"Organization\",\"@id\":\"https:\/\/www.revellia.com\/pl\/#organization\",\"name\":\"Revellia\",\"url\":\"https:\/\/www.revellia.com\/pl\/\",\"logo\":{\"@type\":\"ImageObject\",\"inLanguage\":\"pl-PL\",\"@id\":\"https:\/\/www.revellia.com\/pl\/#\/schema\/logo\/image\/\",\"url\":\"https:\/\/www.revellia.com\/wp-content\/uploads\/2021\/02\/logo.png\",\"contentUrl\":\"https:\/\/www.revellia.com\/wp-content\/uploads\/2021\/02\/logo.png\",\"width\":437,\"height\":128,\"caption\":\"Revellia\"},\"image\":{\"@id\":\"https:\/\/www.revellia.com\/pl\/#\/schema\/logo\/image\/\"}}]}<\/script>\n<!-- \/ Yoast SEO plugin. -->","yoast_head_json":{"title":"Personalizowany Rodzinny Plakat w Stylu Znaku Ulicznego - Revellia","description":"Personalizuj rodzinny plakat, przedstawiaj\u0105cy imiona cz\u0142onk\u00f3w twojej rodziny na znaku skrzy\u017cowania w stylu nowojorskim.","robots":{"index":"index","follow":"follow","max-snippet":"max-snippet:-1","max-image-preview":"max-image-preview:large","max-video-preview":"max-video-preview:-1"},"canonical":"https:\/\/www.revellia.com\/pl\/plakaty\/personalizowany-rodzinny-plakat-w-stylu-znaku-ulicznego\/","og_locale":"pl_PL","og_type":"article","og_title":"Personalizowany Rodzinny Plakat w Stylu Znaku Ulicznego - Revellia","og_description":"Personalizuj rodzinny plakat, przedstawiaj\u0105cy imiona cz\u0142onk\u00f3w twojej rodziny na znaku skrzy\u017cowania w stylu nowojorskim.","og_url":"https:\/\/www.revellia.com\/pl\/plakaty\/personalizowany-rodzinny-plakat-w-stylu-znaku-ulicznego\/","og_site_name":"Revellia","og_image":[{"width":1583,"height":1334,"url":"https:\/\/www.revellia.com\/wp-content\/uploads\/2022\/08\/tableau-prenom.jpg","type":"image\/jpeg"}],"twitter_card":"summary_large_image","schema":{"@context":"https:\/\/schema.org","@graph":[{"@type":"WebPage","@id":"https:\/\/www.revellia.com\/pl\/plakaty\/personalizowany-rodzinny-plakat-w-stylu-znaku-ulicznego\/","url":"https:\/\/www.revellia.com\/pl\/plakaty\/personalizowany-rodzinny-plakat-w-stylu-znaku-ulicznego\/","name":"Personalizowany Rodzinny Plakat w Stylu Znaku Ulicznego - Revellia","isPartOf":{"@id":"https:\/\/www.revellia.com\/pl\/#website"},"datePublished":"2023-11-10T15:55:47+00:00","dateModified":"2023-11-10T15:55:47+00:00","description":"Personalizuj rodzinny plakat, przedstawiaj\u0105cy imiona cz\u0142onk\u00f3w twojej rodziny na znaku skrzy\u017cowania w stylu nowojorskim.","breadcrumb":{"@id":"https:\/\/www.revellia.com\/pl\/plakaty\/personalizowany-rodzinny-plakat-w-stylu-znaku-ulicznego\/#breadcrumb"},"inLanguage":"pl-PL","potentialAction":[{"@type":"ReadAction","target":["https:\/\/www.revellia.com\/pl\/plakaty\/personalizowany-rodzinny-plakat-w-stylu-znaku-ulicznego\/"]}]},{"@type":"BreadcrumbList","@id":"https:\/\/www.revellia.com\/pl\/plakaty\/personalizowany-rodzinny-plakat-w-stylu-znaku-ulicznego\/#breadcrumb","itemListElement":[{"@type":"ListItem","position":1,"name":"Home","item":"https:\/\/www.revellia.com\/pl\/"},{"@type":"ListItem","position":2,"name":"Plakaty","item":"https:\/\/www.revellia.com\/pl\/plakaty\/"},{"@type":"ListItem","position":3,"name":"Personalizowany Rodzinny Plakat w Stylu Znaku Ulicznego"}]},{"@type":"WebSite","@id":"https:\/\/www.revellia.com\/pl\/#website","url":"https:\/\/www.revellia.com\/pl\/","name":"Revellia","description":"Personalized original posters","publisher":{"@id":"https:\/\/www.revellia.com\/pl\/#organization"},"potentialAction":[{"@type":"SearchAction","target":{"@type":"EntryPoint","urlTemplate":"https:\/\/www.revellia.com\/pl\/?s={search_term_string}"},"query-input":"required name=search_term_string"}],"inLanguage":"pl-PL"},{"@type":"Organization","@id":"https:\/\/www.revellia.com\/pl\/#organization","name":"Revellia","url":"https:\/\/www.revellia.com\/pl\/","logo":{"@type":"ImageObject","inLanguage":"pl-PL","@id":"https:\/\/www.revellia.com\/pl\/#\/schema\/logo\/image\/","url":"https:\/\/www.revellia.com\/wp-content\/uploads\/2021\/02\/logo.png","contentUrl":"https:\/\/www.revellia.com\/wp-content\/uploads\/2021\/02\/logo.png","width":437,"height":128,"caption":"Revellia"},"image":{"@id":"https:\/\/www.revellia.com\/pl\/#\/schema\/logo\/image\/"}}]}},"_links":{"self":[{"href":"https:\/\/www.revellia.com\/pl\/wp-json\/wp\/v2\/pages\/2740"}],"collection":[{"href":"https:\/\/www.revellia.com\/pl\/wp-json\/wp\/v2\/pages"}],"about":[{"href":"https:\/\/www.revellia.com\/pl\/wp-json\/wp\/v2\/types\/page"}],"author":[{"embeddable":true,"href":"https:\/\/www.revellia.com\/pl\/wp-json\/wp\/v2\/users\/1"}],"replies":[{"embeddable":true,"href":"https:\/\/www.revellia.com\/pl\/wp-json\/wp\/v2\/comments?post=2740"}],"version-history":[{"count":1,"href":"https:\/\/www.revellia.com\/pl\/wp-json\/wp\/v2\/pages\/2740\/revisions"}],"predecessor-version":[{"id":2741,"href":"https:\/\/www.revellia.com\/pl\/wp-json\/wp\/v2\/pages\/2740\/revisions\/2741"}],"up":[{"embeddable":true,"href":"https:\/\/www.revellia.com\/pl\/wp-json\/wp\/v2\/pages\/2679"}],"wp:featuredmedia":[{"embeddable":true,"href":"https:\/\/www.revellia.com\/pl\/wp-json\/wp\/v2\/media\/2259"}],"wp:attachment":[{"href":"https:\/\/www.revellia.com\/pl\/wp-json\/wp\/v2\/media?parent=2740"}],"curies":[{"name":"wp","href":"https:\/\/api.w.org\/{rel}","templated":true}]}}