{"id":2726,"date":"2023-11-10T15:37:34","date_gmt":"2023-11-10T15:37:34","guid":{"rendered":"https:\/\/www.revellia.com\/?page_id=2726"},"modified":"2023-11-10T15:37:49","modified_gmt":"2023-11-10T15:37:49","slug":"plakat-metryczka-dla-dziecka-do-pokoju-niemowlecego","status":"publish","type":"page","link":"https:\/\/www.revellia.com\/pl\/plakaty\/plakat-metryczka-dla-dziecka-do-pokoju-niemowlecego\/","title":{"rendered":"Plakat Metryczka dla Dziecka do Pokoju Niemowl\u0119cego"},"content":{"rendered":"","protected":false},"excerpt":{"rendered":"","protected":false},"author":1,"featured_media":2331,"parent":2679,"menu_order":0,"comment_status":"closed","ping_status":"closed","template":"","meta":{"footnotes":"","powered_cache_disable_cache":false},"yoast_head":"<!-- This site is optimized with the Yoast SEO plugin v21.4 - https:\/\/yoast.com\/wordpress\/plugins\/seo\/ -->\n<title>Plakat Metryczka dla Dziecka do Pokoju Niemowl\u0119cego - Revellia<\/title>\n<meta name=\"description\" content=\"Plakat z Metryczk\u0105 dla Dziecka, podkre\u015blaj\u0105cy wa\u017cne informacje o narodzinach, idealny do dekoracji \u015bcian w pokoju niemowl\u0119cym.\" \/>\n<meta name=\"robots\" content=\"index, follow, max-snippet:-1, max-image-preview:large, max-video-preview:-1\" \/>\n<link rel=\"canonical\" href=\"https:\/\/www.revellia.com\/pl\/plakaty\/plakat-metryczka-dla-dziecka-do-pokoju-niemowlecego\/\" \/>\n<meta property=\"og:locale\" content=\"pl_PL\" \/>\n<meta property=\"og:type\" content=\"article\" \/>\n<meta property=\"og:title\" content=\"Plakat Metryczka dla Dziecka do Pokoju Niemowl\u0119cego - Revellia\" \/>\n<meta property=\"og:description\" content=\"Plakat z Metryczk\u0105 dla Dziecka, podkre\u015blaj\u0105cy wa\u017cne informacje o narodzinach, idealny do dekoracji \u015bcian w pokoju niemowl\u0119cym.\" \/>\n<meta property=\"og:url\" content=\"https:\/\/www.revellia.com\/pl\/plakaty\/plakat-metryczka-dla-dziecka-do-pokoju-niemowlecego\/\" \/>\n<meta property=\"og:site_name\" content=\"Revellia\" \/>\n<meta property=\"article:modified_time\" content=\"2023-11-10T15:37:49+00:00\" \/>\n<meta property=\"og:image\" content=\"https:\/\/www.revellia.com\/wp-content\/uploads\/2023\/05\/birth-en.jpg\" \/>\n\t<meta property=\"og:image:width\" content=\"1301\" \/>\n\t<meta property=\"og:image:height\" content=\"868\" \/>\n\t<meta property=\"og:image:type\" content=\"image\/jpeg\" \/>\n<meta name=\"twitter:card\" content=\"summary_large_image\" \/>\n<script type=\"application\/ld+json\" class=\"yoast-schema-graph\">{\"@context\":\"https:\/\/schema.org\",\"@graph\":[{\"@type\":\"WebPage\",\"@id\":\"https:\/\/www.revellia.com\/pl\/plakaty\/plakat-metryczka-dla-dziecka-do-pokoju-niemowlecego\/\",\"url\":\"https:\/\/www.revellia.com\/pl\/plakaty\/plakat-metryczka-dla-dziecka-do-pokoju-niemowlecego\/\",\"name\":\"Plakat Metryczka dla Dziecka do Pokoju Niemowl\u0119cego - Revellia\",\"isPartOf\":{\"@id\":\"https:\/\/www.revellia.com\/pl\/#website\"},\"datePublished\":\"2023-11-10T15:37:34+00:00\",\"dateModified\":\"2023-11-10T15:37:49+00:00\",\"description\":\"Plakat z Metryczk\u0105 dla Dziecka, podkre\u015blaj\u0105cy wa\u017cne informacje o narodzinach, idealny do dekoracji \u015bcian w pokoju niemowl\u0119cym.\",\"breadcrumb\":{\"@id\":\"https:\/\/www.revellia.com\/pl\/plakaty\/plakat-metryczka-dla-dziecka-do-pokoju-niemowlecego\/#breadcrumb\"},\"inLanguage\":\"pl-PL\",\"potentialAction\":[{\"@type\":\"ReadAction\",\"target\":[\"https:\/\/www.revellia.com\/pl\/plakaty\/plakat-metryczka-dla-dziecka-do-pokoju-niemowlecego\/\"]}]},{\"@type\":\"BreadcrumbList\",\"@id\":\"https:\/\/www.revellia.com\/pl\/plakaty\/plakat-metryczka-dla-dziecka-do-pokoju-niemowlecego\/#breadcrumb\",\"itemListElement\":[{\"@type\":\"ListItem\",\"position\":1,\"name\":\"Home\",\"item\":\"https:\/\/www.revellia.com\/pl\/\"},{\"@type\":\"ListItem\",\"position\":2,\"name\":\"Plakaty\",\"item\":\"https:\/\/www.revellia.com\/pl\/plakaty\/\"},{\"@type\":\"ListItem\",\"position\":3,\"name\":\"Plakat Metryczka dla Dziecka do Pokoju Niemowl\u0119cego\"}]},{\"@type\":\"WebSite\",\"@id\":\"https:\/\/www.revellia.com\/pl\/#website\",\"url\":\"https:\/\/www.revellia.com\/pl\/\",\"name\":\"Revellia\",\"description\":\"Personalized original posters\",\"publisher\":{\"@id\":\"https:\/\/www.revellia.com\/pl\/#organization\"},\"potentialAction\":[{\"@type\":\"SearchAction\",\"target\":{\"@type\":\"EntryPoint\",\"urlTemplate\":\"https:\/\/www.revellia.com\/pl\/?s={search_term_string}\"},\"query-input\":\"required name=search_term_string\"}],\"inLanguage\":\"pl-PL\"},{\"@type\":\"Organization\",\"@id\":\"https:\/\/www.revellia.com\/pl\/#organization\",\"name\":\"Revellia\",\"url\":\"https:\/\/www.revellia.com\/pl\/\",\"logo\":{\"@type\":\"ImageObject\",\"inLanguage\":\"pl-PL\",\"@id\":\"https:\/\/www.revellia.com\/pl\/#\/schema\/logo\/image\/\",\"url\":\"https:\/\/www.revellia.com\/wp-content\/uploads\/2021\/02\/logo.png\",\"contentUrl\":\"https:\/\/www.revellia.com\/wp-content\/uploads\/2021\/02\/logo.png\",\"width\":437,\"height\":128,\"caption\":\"Revellia\"},\"image\":{\"@id\":\"https:\/\/www.revellia.com\/pl\/#\/schema\/logo\/image\/\"}}]}<\/script>\n<!-- \/ Yoast SEO plugin. -->","yoast_head_json":{"title":"Plakat Metryczka dla Dziecka do Pokoju Niemowl\u0119cego - Revellia","description":"Plakat z Metryczk\u0105 dla Dziecka, podkre\u015blaj\u0105cy wa\u017cne informacje o narodzinach, idealny do dekoracji \u015bcian w pokoju niemowl\u0119cym.","robots":{"index":"index","follow":"follow","max-snippet":"max-snippet:-1","max-image-preview":"max-image-preview:large","max-video-preview":"max-video-preview:-1"},"canonical":"https:\/\/www.revellia.com\/pl\/plakaty\/plakat-metryczka-dla-dziecka-do-pokoju-niemowlecego\/","og_locale":"pl_PL","og_type":"article","og_title":"Plakat Metryczka dla Dziecka do Pokoju Niemowl\u0119cego - Revellia","og_description":"Plakat z Metryczk\u0105 dla Dziecka, podkre\u015blaj\u0105cy wa\u017cne informacje o narodzinach, idealny do dekoracji \u015bcian w pokoju niemowl\u0119cym.","og_url":"https:\/\/www.revellia.com\/pl\/plakaty\/plakat-metryczka-dla-dziecka-do-pokoju-niemowlecego\/","og_site_name":"Revellia","article_modified_time":"2023-11-10T15:37:49+00:00","og_image":[{"width":1301,"height":868,"url":"https:\/\/www.revellia.com\/wp-content\/uploads\/2023\/05\/birth-en.jpg","type":"image\/jpeg"}],"twitter_card":"summary_large_image","schema":{"@context":"https:\/\/schema.org","@graph":[{"@type":"WebPage","@id":"https:\/\/www.revellia.com\/pl\/plakaty\/plakat-metryczka-dla-dziecka-do-pokoju-niemowlecego\/","url":"https:\/\/www.revellia.com\/pl\/plakaty\/plakat-metryczka-dla-dziecka-do-pokoju-niemowlecego\/","name":"Plakat Metryczka dla Dziecka do Pokoju Niemowl\u0119cego - Revellia","isPartOf":{"@id":"https:\/\/www.revellia.com\/pl\/#website"},"datePublished":"2023-11-10T15:37:34+00:00","dateModified":"2023-11-10T15:37:49+00:00","description":"Plakat z Metryczk\u0105 dla Dziecka, podkre\u015blaj\u0105cy wa\u017cne informacje o narodzinach, idealny do dekoracji \u015bcian w pokoju niemowl\u0119cym.","breadcrumb":{"@id":"https:\/\/www.revellia.com\/pl\/plakaty\/plakat-metryczka-dla-dziecka-do-pokoju-niemowlecego\/#breadcrumb"},"inLanguage":"pl-PL","potentialAction":[{"@type":"ReadAction","target":["https:\/\/www.revellia.com\/pl\/plakaty\/plakat-metryczka-dla-dziecka-do-pokoju-niemowlecego\/"]}]},{"@type":"BreadcrumbList","@id":"https:\/\/www.revellia.com\/pl\/plakaty\/plakat-metryczka-dla-dziecka-do-pokoju-niemowlecego\/#breadcrumb","itemListElement":[{"@type":"ListItem","position":1,"name":"Home","item":"https:\/\/www.revellia.com\/pl\/"},{"@type":"ListItem","position":2,"name":"Plakaty","item":"https:\/\/www.revellia.com\/pl\/plakaty\/"},{"@type":"ListItem","position":3,"name":"Plakat Metryczka dla Dziecka do Pokoju Niemowl\u0119cego"}]},{"@type":"WebSite","@id":"https:\/\/www.revellia.com\/pl\/#website","url":"https:\/\/www.revellia.com\/pl\/","name":"Revellia","description":"Personalized original posters","publisher":{"@id":"https:\/\/www.revellia.com\/pl\/#organization"},"potentialAction":[{"@type":"SearchAction","target":{"@type":"EntryPoint","urlTemplate":"https:\/\/www.revellia.com\/pl\/?s={search_term_string}"},"query-input":"required name=search_term_string"}],"inLanguage":"pl-PL"},{"@type":"Organization","@id":"https:\/\/www.revellia.com\/pl\/#organization","name":"Revellia","url":"https:\/\/www.revellia.com\/pl\/","logo":{"@type":"ImageObject","inLanguage":"pl-PL","@id":"https:\/\/www.revellia.com\/pl\/#\/schema\/logo\/image\/","url":"https:\/\/www.revellia.com\/wp-content\/uploads\/2021\/02\/logo.png","contentUrl":"https:\/\/www.revellia.com\/wp-content\/uploads\/2021\/02\/logo.png","width":437,"height":128,"caption":"Revellia"},"image":{"@id":"https:\/\/www.revellia.com\/pl\/#\/schema\/logo\/image\/"}}]}},"_links":{"self":[{"href":"https:\/\/www.revellia.com\/pl\/wp-json\/wp\/v2\/pages\/2726"}],"collection":[{"href":"https:\/\/www.revellia.com\/pl\/wp-json\/wp\/v2\/pages"}],"about":[{"href":"https:\/\/www.revellia.com\/pl\/wp-json\/wp\/v2\/types\/page"}],"author":[{"embeddable":true,"href":"https:\/\/www.revellia.com\/pl\/wp-json\/wp\/v2\/users\/1"}],"replies":[{"embeddable":true,"href":"https:\/\/www.revellia.com\/pl\/wp-json\/wp\/v2\/comments?post=2726"}],"version-history":[{"count":1,"href":"https:\/\/www.revellia.com\/pl\/wp-json\/wp\/v2\/pages\/2726\/revisions"}],"predecessor-version":[{"id":2727,"href":"https:\/\/www.revellia.com\/pl\/wp-json\/wp\/v2\/pages\/2726\/revisions\/2727"}],"up":[{"embeddable":true,"href":"https:\/\/www.revellia.com\/pl\/wp-json\/wp\/v2\/pages\/2679"}],"wp:featuredmedia":[{"embeddable":true,"href":"https:\/\/www.revellia.com\/pl\/wp-json\/wp\/v2\/media\/2331"}],"wp:attachment":[{"href":"https:\/\/www.revellia.com\/pl\/wp-json\/wp\/v2\/media?parent=2726"}],"curies":[{"name":"wp","href":"https:\/\/api.w.org\/{rel}","templated":true}]}}