{"id":2610,"date":"2023-11-09T16:12:52","date_gmt":"2023-11-09T16:12:52","guid":{"rendered":"https:\/\/www.revellia.com\/?page_id=2610"},"modified":"2023-11-09T16:13:26","modified_gmt":"2023-11-09T16:13:26","slug":"cart","status":"publish","type":"page","link":"https:\/\/www.revellia.com\/pl\/cart\/","title":{"rendered":"Koszyk"},"content":{"rendered":"\n","protected":false},"excerpt":{"rendered":"","protected":false},"author":1,"featured_media":0,"parent":0,"menu_order":0,"comment_status":"closed","ping_status":"closed","template":"","meta":{"footnotes":"","powered_cache_disable_cache":false},"yoast_head":"<!-- This site is optimized with the Yoast SEO plugin v21.4 - https:\/\/yoast.com\/wordpress\/plugins\/seo\/ -->\n<title>Koszyk - Revellia<\/title>\n<meta name=\"description\" content=\"Tw\u00f3j koszyk na Revellia.com. Z pewno\u015bci\u0105 zawiera pi\u0119kne spersonalizowane plakaty.\" \/>\n<meta name=\"robots\" content=\"noindex, follow\" \/>\n<meta property=\"og:locale\" content=\"pl_PL\" \/>\n<meta property=\"og:type\" content=\"article\" \/>\n<meta property=\"og:title\" content=\"Koszyk - Revellia\" \/>\n<meta property=\"og:description\" content=\"Tw\u00f3j koszyk na Revellia.com. Z pewno\u015bci\u0105 zawiera pi\u0119kne spersonalizowane plakaty.\" \/>\n<meta property=\"og:url\" content=\"https:\/\/www.revellia.com\/pl\/cart\/\" \/>\n<meta property=\"og:site_name\" content=\"Revellia\" \/>\n<meta property=\"article:modified_time\" content=\"2023-11-09T16:13:26+00:00\" \/>\n<meta name=\"twitter:card\" content=\"summary_large_image\" \/>\n<meta name=\"twitter:label1\" content=\"Szacowany czas czytania\" \/>\n\t<meta name=\"twitter:data1\" content=\"1 minuta\" \/>\n<script type=\"application\/ld+json\" class=\"yoast-schema-graph\">{\"@context\":\"https:\/\/schema.org\",\"@graph\":[{\"@type\":\"WebPage\",\"@id\":\"https:\/\/www.revellia.com\/pl\/cart\/\",\"url\":\"https:\/\/www.revellia.com\/pl\/cart\/\",\"name\":\"Koszyk - Revellia\",\"isPartOf\":{\"@id\":\"https:\/\/www.revellia.com\/pl\/#website\"},\"datePublished\":\"2023-11-09T16:12:52+00:00\",\"dateModified\":\"2023-11-09T16:13:26+00:00\",\"description\":\"Tw\u00f3j koszyk na Revellia.com. Z pewno\u015bci\u0105 zawiera pi\u0119kne spersonalizowane plakaty.\",\"breadcrumb\":{\"@id\":\"https:\/\/www.revellia.com\/pl\/cart\/#breadcrumb\"},\"inLanguage\":\"pl-PL\",\"potentialAction\":[{\"@type\":\"ReadAction\",\"target\":[\"https:\/\/www.revellia.com\/pl\/cart\/\"]}]},{\"@type\":\"BreadcrumbList\",\"@id\":\"https:\/\/www.revellia.com\/pl\/cart\/#breadcrumb\",\"itemListElement\":[{\"@type\":\"ListItem\",\"position\":1,\"name\":\"Home\",\"item\":\"https:\/\/www.revellia.com\/pl\/\"},{\"@type\":\"ListItem\",\"position\":2,\"name\":\"Koszyk\"}]},{\"@type\":\"WebSite\",\"@id\":\"https:\/\/www.revellia.com\/pl\/#website\",\"url\":\"https:\/\/www.revellia.com\/pl\/\",\"name\":\"Revellia\",\"description\":\"Personalized original posters\",\"publisher\":{\"@id\":\"https:\/\/www.revellia.com\/pl\/#organization\"},\"potentialAction\":[{\"@type\":\"SearchAction\",\"target\":{\"@type\":\"EntryPoint\",\"urlTemplate\":\"https:\/\/www.revellia.com\/pl\/?s={search_term_string}\"},\"query-input\":\"required name=search_term_string\"}],\"inLanguage\":\"pl-PL\"},{\"@type\":\"Organization\",\"@id\":\"https:\/\/www.revellia.com\/pl\/#organization\",\"name\":\"Revellia\",\"url\":\"https:\/\/www.revellia.com\/pl\/\",\"logo\":{\"@type\":\"ImageObject\",\"inLanguage\":\"pl-PL\",\"@id\":\"https:\/\/www.revellia.com\/pl\/#\/schema\/logo\/image\/\",\"url\":\"https:\/\/www.revellia.com\/wp-content\/uploads\/2021\/02\/logo.png\",\"contentUrl\":\"https:\/\/www.revellia.com\/wp-content\/uploads\/2021\/02\/logo.png\",\"width\":437,\"height\":128,\"caption\":\"Revellia\"},\"image\":{\"@id\":\"https:\/\/www.revellia.com\/pl\/#\/schema\/logo\/image\/\"}}]}<\/script>\n<!-- \/ Yoast SEO plugin. -->","yoast_head_json":{"title":"Koszyk - Revellia","description":"Tw\u00f3j koszyk na Revellia.com. Z pewno\u015bci\u0105 zawiera pi\u0119kne spersonalizowane plakaty.","robots":{"index":"noindex","follow":"follow"},"og_locale":"pl_PL","og_type":"article","og_title":"Koszyk - Revellia","og_description":"Tw\u00f3j koszyk na Revellia.com. Z pewno\u015bci\u0105 zawiera pi\u0119kne spersonalizowane plakaty.","og_url":"https:\/\/www.revellia.com\/pl\/cart\/","og_site_name":"Revellia","article_modified_time":"2023-11-09T16:13:26+00:00","twitter_card":"summary_large_image","twitter_misc":{"Szacowany czas czytania":"1 minuta"},"schema":{"@context":"https:\/\/schema.org","@graph":[{"@type":"WebPage","@id":"https:\/\/www.revellia.com\/pl\/cart\/","url":"https:\/\/www.revellia.com\/pl\/cart\/","name":"Koszyk - Revellia","isPartOf":{"@id":"https:\/\/www.revellia.com\/pl\/#website"},"datePublished":"2023-11-09T16:12:52+00:00","dateModified":"2023-11-09T16:13:26+00:00","description":"Tw\u00f3j koszyk na Revellia.com. Z pewno\u015bci\u0105 zawiera pi\u0119kne spersonalizowane plakaty.","breadcrumb":{"@id":"https:\/\/www.revellia.com\/pl\/cart\/#breadcrumb"},"inLanguage":"pl-PL","potentialAction":[{"@type":"ReadAction","target":["https:\/\/www.revellia.com\/pl\/cart\/"]}]},{"@type":"BreadcrumbList","@id":"https:\/\/www.revellia.com\/pl\/cart\/#breadcrumb","itemListElement":[{"@type":"ListItem","position":1,"name":"Home","item":"https:\/\/www.revellia.com\/pl\/"},{"@type":"ListItem","position":2,"name":"Koszyk"}]},{"@type":"WebSite","@id":"https:\/\/www.revellia.com\/pl\/#website","url":"https:\/\/www.revellia.com\/pl\/","name":"Revellia","description":"Personalized original posters","publisher":{"@id":"https:\/\/www.revellia.com\/pl\/#organization"},"potentialAction":[{"@type":"SearchAction","target":{"@type":"EntryPoint","urlTemplate":"https:\/\/www.revellia.com\/pl\/?s={search_term_string}"},"query-input":"required name=search_term_string"}],"inLanguage":"pl-PL"},{"@type":"Organization","@id":"https:\/\/www.revellia.com\/pl\/#organization","name":"Revellia","url":"https:\/\/www.revellia.com\/pl\/","logo":{"@type":"ImageObject","inLanguage":"pl-PL","@id":"https:\/\/www.revellia.com\/pl\/#\/schema\/logo\/image\/","url":"https:\/\/www.revellia.com\/wp-content\/uploads\/2021\/02\/logo.png","contentUrl":"https:\/\/www.revellia.com\/wp-content\/uploads\/2021\/02\/logo.png","width":437,"height":128,"caption":"Revellia"},"image":{"@id":"https:\/\/www.revellia.com\/pl\/#\/schema\/logo\/image\/"}}]}},"_links":{"self":[{"href":"https:\/\/www.revellia.com\/pl\/wp-json\/wp\/v2\/pages\/2610"}],"collection":[{"href":"https:\/\/www.revellia.com\/pl\/wp-json\/wp\/v2\/pages"}],"about":[{"href":"https:\/\/www.revellia.com\/pl\/wp-json\/wp\/v2\/types\/page"}],"author":[{"embeddable":true,"href":"https:\/\/www.revellia.com\/pl\/wp-json\/wp\/v2\/users\/1"}],"replies":[{"embeddable":true,"href":"https:\/\/www.revellia.com\/pl\/wp-json\/wp\/v2\/comments?post=2610"}],"version-history":[{"count":1,"href":"https:\/\/www.revellia.com\/pl\/wp-json\/wp\/v2\/pages\/2610\/revisions"}],"predecessor-version":[{"id":2614,"href":"https:\/\/www.revellia.com\/pl\/wp-json\/wp\/v2\/pages\/2610\/revisions\/2614"}],"wp:attachment":[{"href":"https:\/\/www.revellia.com\/pl\/wp-json\/wp\/v2\/media?parent=2610"}],"curies":[{"name":"wp","href":"https:\/\/api.w.org\/{rel}","templated":true}]}}