{"id":7103,"date":"2024-11-08T17:11:34","date_gmt":"2024-11-08T17:11:34","guid":{"rendered":"https:\/\/www.revellia.com\/?post_type=product&#038;p=7103"},"modified":"2024-11-12T17:06:51","modified_gmt":"2024-11-12T17:06:51","slug":"lune-compatibilite-date-de-naissance","status":"publish","type":"product","link":"https:\/\/www.revellia.com\/fr\/produit\/lune-compatibilite-date-de-naissance\/","title":{"rendered":"Affiche de compatibilit\u00e9 des phases lunaires"},"content":{"rendered":"<p>Un poster artistique c\u00e9l\u00e9brant la connexion cosmique entre deux personnes, mettant en lumi\u00e8re l&#8217;alignement de vos phases lunaires.<\/p>\n<p>Ce produit est disponible en version imprim\u00e9e ou en fichier num\u00e9rique.<\/p>\n<p>Cadre non inclus.<\/p>\n<p>Poster<\/p>\n<p>Dimensions : 21 x 30 cm (8 x 12&#8243;), 30 x 40 cm (12 x 16&#8243;) ou 50 x 70 cm (20 x 28&#8243;)<br \/>\nPapier : 200 g\/m\u00b2<br \/>\nPapier mat non couch\u00e9<br \/>\nFichier num\u00e9rique<\/p>\n<p>Format : PDF\/PNG A4<br \/>\nR\u00e9solution : 4200 x 6000 px<\/p>\n","protected":false},"excerpt":{"rendered":"<p>Un poster artistique c\u00e9l\u00e9brant la connexion cosmique entre deux personnes, mettant en lumi\u00e8re l&#8217;alignement de vos phases lunaires. Ce produit est disponible en version imprim\u00e9e ou en fichier num\u00e9rique. Cadre non inclus. Poster Dimensions : 21 x 30 cm (8 x 12&#8243;), 30 x 40 cm (12 x 16&#8243;) ou 50 x 70 cm (20 [&hellip;]<\/p>\n","protected":false},"featured_media":7097,"template":"","meta":{"powered_cache_disable_cache":false},"product_cat":[24],"product_tag":[],"class_list":["post-7103","product","type-product","status-publish","has-post-thumbnail","hentry","product_cat-posters-fr"],"yoast_head":"<!-- This site is optimized with the Yoast SEO plugin v21.4 - https:\/\/yoast.com\/wordpress\/plugins\/seo\/ -->\n<title>Affiche de compatibilit\u00e9 des phases lunaires - Revellia<\/title>\n<meta name=\"description\" content=\"Cr\u00e9ez une Affiche de Compatibilit\u00e9 de la Lune par Date de Naissance. C\u00e9l\u00e9brez votre lien en d\u00e9couvrant comment vos phases de lune s&#039;alignent.\" \/>\n<meta name=\"robots\" content=\"noindex, nofollow\" \/>\n<meta property=\"og:locale\" content=\"fr_FR\" \/>\n<meta property=\"og:type\" content=\"article\" \/>\n<meta property=\"og:title\" content=\"Affiche de compatibilit\u00e9 des phases lunaires - Revellia\" \/>\n<meta property=\"og:description\" content=\"Cr\u00e9ez une Affiche de Compatibilit\u00e9 de la Lune par Date de Naissance. C\u00e9l\u00e9brez votre lien en d\u00e9couvrant comment vos phases de lune s&#039;alignent.\" \/>\n<meta property=\"og:url\" content=\"https:\/\/www.revellia.com\/fr\/produit\/lune-compatibilite-date-de-naissance\/\" \/>\n<meta property=\"og:site_name\" content=\"Revellia\" \/>\n<meta property=\"article:modified_time\" content=\"2024-11-12T17:06:51+00:00\" \/>\n<meta property=\"og:image\" content=\"https:\/\/www.revellia.com\/wp-content\/uploads\/2024\/11\/moon-phase-compatibility.jpg\" \/>\n\t<meta property=\"og:image:width\" content=\"1400\" \/>\n\t<meta property=\"og:image:height\" content=\"1120\" \/>\n\t<meta property=\"og:image:type\" content=\"image\/jpeg\" \/>\n<meta name=\"twitter:card\" content=\"summary_large_image\" \/>\n<meta name=\"twitter:label1\" content=\"Dur\u00e9e de lecture estim\u00e9e\" \/>\n\t<meta name=\"twitter:data1\" content=\"1 minute\" \/>\n<script type=\"application\/ld+json\" class=\"yoast-schema-graph\">{\"@context\":\"https:\/\/schema.org\",\"@graph\":[{\"@type\":\"WebPage\",\"@id\":\"https:\/\/www.revellia.com\/fr\/produit\/lune-compatibilite-date-de-naissance\/\",\"url\":\"https:\/\/www.revellia.com\/fr\/produit\/lune-compatibilite-date-de-naissance\/\",\"name\":\"Affiche de compatibilit\u00e9 des phases lunaires - Revellia\",\"isPartOf\":{\"@id\":\"https:\/\/www.revellia.com\/fr\/#website\"},\"datePublished\":\"2024-11-08T17:11:34+00:00\",\"dateModified\":\"2024-11-12T17:06:51+00:00\",\"description\":\"Cr\u00e9ez une Affiche de Compatibilit\u00e9 de la Lune par Date de Naissance. C\u00e9l\u00e9brez votre lien en d\u00e9couvrant comment vos phases de lune s'alignent.\",\"breadcrumb\":{\"@id\":\"https:\/\/www.revellia.com\/fr\/produit\/lune-compatibilite-date-de-naissance\/#breadcrumb\"},\"inLanguage\":\"fr-FR\",\"potentialAction\":[{\"@type\":\"ReadAction\",\"target\":[\"https:\/\/www.revellia.com\/fr\/produit\/lune-compatibilite-date-de-naissance\/\"]}]},{\"@type\":\"BreadcrumbList\",\"@id\":\"https:\/\/www.revellia.com\/fr\/produit\/lune-compatibilite-date-de-naissance\/#breadcrumb\",\"itemListElement\":[{\"@type\":\"ListItem\",\"position\":1,\"name\":\"Home\",\"item\":\"https:\/\/www.revellia.com\/fr\/\"},{\"@type\":\"ListItem\",\"position\":2,\"name\":\"Boutique\",\"item\":\"https:\/\/www.revellia.com\/fr\/shop\/\"},{\"@type\":\"ListItem\",\"position\":3,\"name\":\"Affiche de compatibilit\u00e9 des phases lunaires\"}]},{\"@type\":\"WebSite\",\"@id\":\"https:\/\/www.revellia.com\/fr\/#website\",\"url\":\"https:\/\/www.revellia.com\/fr\/\",\"name\":\"Revellia\",\"description\":\"Personalized original posters\",\"publisher\":{\"@id\":\"https:\/\/www.revellia.com\/fr\/#organization\"},\"potentialAction\":[{\"@type\":\"SearchAction\",\"target\":{\"@type\":\"EntryPoint\",\"urlTemplate\":\"https:\/\/www.revellia.com\/fr\/?s={search_term_string}\"},\"query-input\":\"required name=search_term_string\"}],\"inLanguage\":\"fr-FR\"},{\"@type\":\"Organization\",\"@id\":\"https:\/\/www.revellia.com\/fr\/#organization\",\"name\":\"Revellia\",\"url\":\"https:\/\/www.revellia.com\/fr\/\",\"logo\":{\"@type\":\"ImageObject\",\"inLanguage\":\"fr-FR\",\"@id\":\"https:\/\/www.revellia.com\/fr\/#\/schema\/logo\/image\/\",\"url\":\"https:\/\/www.revellia.com\/wp-content\/uploads\/2021\/02\/logo.png\",\"contentUrl\":\"https:\/\/www.revellia.com\/wp-content\/uploads\/2021\/02\/logo.png\",\"width\":437,\"height\":128,\"caption\":\"Revellia\"},\"image\":{\"@id\":\"https:\/\/www.revellia.com\/fr\/#\/schema\/logo\/image\/\"}}]}<\/script>\n<!-- \/ Yoast SEO plugin. -->","yoast_head_json":{"title":"Affiche de compatibilit\u00e9 des phases lunaires - Revellia","description":"Cr\u00e9ez une Affiche de Compatibilit\u00e9 de la Lune par Date de Naissance. C\u00e9l\u00e9brez votre lien en d\u00e9couvrant comment vos phases de lune s'alignent.","robots":{"index":"noindex","follow":"nofollow"},"og_locale":"fr_FR","og_type":"article","og_title":"Affiche de compatibilit\u00e9 des phases lunaires - Revellia","og_description":"Cr\u00e9ez une Affiche de Compatibilit\u00e9 de la Lune par Date de Naissance. C\u00e9l\u00e9brez votre lien en d\u00e9couvrant comment vos phases de lune s'alignent.","og_url":"https:\/\/www.revellia.com\/fr\/produit\/lune-compatibilite-date-de-naissance\/","og_site_name":"Revellia","article_modified_time":"2024-11-12T17:06:51+00:00","og_image":[{"width":1400,"height":1120,"url":"https:\/\/www.revellia.com\/wp-content\/uploads\/2024\/11\/moon-phase-compatibility.jpg","type":"image\/jpeg"}],"twitter_card":"summary_large_image","twitter_misc":{"Dur\u00e9e de lecture estim\u00e9e":"1 minute"},"schema":{"@context":"https:\/\/schema.org","@graph":[{"@type":"WebPage","@id":"https:\/\/www.revellia.com\/fr\/produit\/lune-compatibilite-date-de-naissance\/","url":"https:\/\/www.revellia.com\/fr\/produit\/lune-compatibilite-date-de-naissance\/","name":"Affiche de compatibilit\u00e9 des phases lunaires - Revellia","isPartOf":{"@id":"https:\/\/www.revellia.com\/fr\/#website"},"datePublished":"2024-11-08T17:11:34+00:00","dateModified":"2024-11-12T17:06:51+00:00","description":"Cr\u00e9ez une Affiche de Compatibilit\u00e9 de la Lune par Date de Naissance. C\u00e9l\u00e9brez votre lien en d\u00e9couvrant comment vos phases de lune s'alignent.","breadcrumb":{"@id":"https:\/\/www.revellia.com\/fr\/produit\/lune-compatibilite-date-de-naissance\/#breadcrumb"},"inLanguage":"fr-FR","potentialAction":[{"@type":"ReadAction","target":["https:\/\/www.revellia.com\/fr\/produit\/lune-compatibilite-date-de-naissance\/"]}]},{"@type":"BreadcrumbList","@id":"https:\/\/www.revellia.com\/fr\/produit\/lune-compatibilite-date-de-naissance\/#breadcrumb","itemListElement":[{"@type":"ListItem","position":1,"name":"Home","item":"https:\/\/www.revellia.com\/fr\/"},{"@type":"ListItem","position":2,"name":"Boutique","item":"https:\/\/www.revellia.com\/fr\/shop\/"},{"@type":"ListItem","position":3,"name":"Affiche de compatibilit\u00e9 des phases lunaires"}]},{"@type":"WebSite","@id":"https:\/\/www.revellia.com\/fr\/#website","url":"https:\/\/www.revellia.com\/fr\/","name":"Revellia","description":"Personalized original posters","publisher":{"@id":"https:\/\/www.revellia.com\/fr\/#organization"},"potentialAction":[{"@type":"SearchAction","target":{"@type":"EntryPoint","urlTemplate":"https:\/\/www.revellia.com\/fr\/?s={search_term_string}"},"query-input":"required name=search_term_string"}],"inLanguage":"fr-FR"},{"@type":"Organization","@id":"https:\/\/www.revellia.com\/fr\/#organization","name":"Revellia","url":"https:\/\/www.revellia.com\/fr\/","logo":{"@type":"ImageObject","inLanguage":"fr-FR","@id":"https:\/\/www.revellia.com\/fr\/#\/schema\/logo\/image\/","url":"https:\/\/www.revellia.com\/wp-content\/uploads\/2021\/02\/logo.png","contentUrl":"https:\/\/www.revellia.com\/wp-content\/uploads\/2021\/02\/logo.png","width":437,"height":128,"caption":"Revellia"},"image":{"@id":"https:\/\/www.revellia.com\/fr\/#\/schema\/logo\/image\/"}}]}},"_links":{"self":[{"href":"https:\/\/www.revellia.com\/fr\/wp-json\/wp\/v2\/product\/7103","targetHints":{"allow":["GET"]}}],"collection":[{"href":"https:\/\/www.revellia.com\/fr\/wp-json\/wp\/v2\/product"}],"about":[{"href":"https:\/\/www.revellia.com\/fr\/wp-json\/wp\/v2\/types\/product"}],"wp:featuredmedia":[{"embeddable":true,"href":"https:\/\/www.revellia.com\/fr\/wp-json\/wp\/v2\/media\/7097"}],"wp:attachment":[{"href":"https:\/\/www.revellia.com\/fr\/wp-json\/wp\/v2\/media?parent=7103"}],"wp:term":[{"taxonomy":"product_cat","embeddable":true,"href":"https:\/\/www.revellia.com\/fr\/wp-json\/wp\/v2\/product_cat?post=7103"},{"taxonomy":"product_tag","embeddable":true,"href":"https:\/\/www.revellia.com\/fr\/wp-json\/wp\/v2\/product_tag?post=7103"}],"curies":[{"name":"wp","href":"https:\/\/api.w.org\/{rel}","templated":true}]}}