{"id":543,"date":"2022-08-26T16:26:22","date_gmt":"2022-08-26T16:26:22","guid":{"rendered":"https:\/\/www.revellia.com\/product\/affiche-lieu-de-rencontre\/"},"modified":"2024-08-07T11:35:58","modified_gmt":"2024-08-07T11:35:58","slug":"affiche-lieu-de-rencontre","status":"publish","type":"product","link":"https:\/\/www.revellia.com\/fr\/produit\/affiche-lieu-de-rencontre\/","title":{"rendered":"Affiche lieu de rencontre personnalis\u00e9e"},"content":{"rendered":"<p>Un magnifique poster repr\u00e9sentant la carte du lieu o\u00f9 vous avez rencontr\u00e9 l&#8217;amour de votre vie.<\/p>\n<p>Ce produit est disponible sous forme de poster ou de fichier \u00e9lectronique.<\/p>\n<p>Cadre non-inclus.<\/p>\n<p>Poster<\/p>\n<p>&#8211; Dimensions: 21 x 30 cm, 30 x 40 cm ou 50 x 70 cm<br \/>\n&#8211; Poids du papier: 200 g\/m\u00b2<br \/>\n&#8211; Finition: Mat non-couch\u00e9<\/p>\n<p>Fichier \u00e9lectronique<\/p>\n<p>&#8211; Format: PDF\/PNG A4<br \/>\n&#8211; R\u00e9solution: 4200 x 6000 px<\/p>\n","protected":false},"excerpt":{"rendered":"<p>Un magnifique poster repr\u00e9sentant la carte du lieu o\u00f9 vous avez rencontr\u00e9 l&#8217;amour de votre vie. Ce produit est disponible sous forme de poster ou de fichier \u00e9lectronique. Cadre non-inclus. Poster &#8211; Dimensions: 21 x 30 cm, 30 x 40 cm ou 50 x 70 cm &#8211; Poids du papier: 200 g\/m\u00b2 &#8211; Finition: Mat [&hellip;]<\/p>\n","protected":false},"featured_media":602,"template":"","meta":{"powered_cache_disable_cache":false},"product_cat":[24],"product_tag":[],"class_list":["post-543","product","type-product","status-publish","has-post-thumbnail","hentry","product_cat-posters-fr"],"yoast_head":"<!-- This site is optimized with the Yoast SEO plugin v21.4 - https:\/\/yoast.com\/wordpress\/plugins\/seo\/ -->\n<title>Affiche lieu de rencontre - Revellia<\/title>\n<meta name=\"description\" content=\"Cr\u00e9ez une affiche lieu de rencontre de l&#039;endroit o\u00f9 votre couple s\u2019est rencontr\u00e9 pour la premi\u00e8re fois et offrez un cadeau personnalis\u00e9 pour votre couple.\" \/>\n<meta name=\"robots\" content=\"noindex, nofollow\" \/>\n<meta property=\"og:locale\" content=\"fr_FR\" \/>\n<meta property=\"og:type\" content=\"article\" \/>\n<meta property=\"og:title\" content=\"Affiche lieu de rencontre - Revellia\" \/>\n<meta property=\"og:description\" content=\"Cr\u00e9ez une affiche lieu de rencontre de l&#039;endroit o\u00f9 votre couple s\u2019est rencontr\u00e9 pour la premi\u00e8re fois et offrez un cadeau personnalis\u00e9 pour votre couple.\" \/>\n<meta property=\"og:url\" content=\"https:\/\/www.revellia.com\/fr\/produit\/affiche-lieu-de-rencontre\/\" \/>\n<meta property=\"og:site_name\" content=\"Revellia\" \/>\n<meta property=\"article:modified_time\" content=\"2024-08-07T11:35:58+00:00\" \/>\n<meta property=\"og:image\" content=\"https:\/\/www.revellia.com\/wp-content\/uploads\/2022\/08\/personalized-where-we-met-map.jpg\" \/>\n\t<meta property=\"og:image:width\" content=\"720\" \/>\n\t<meta property=\"og:image:height\" content=\"752\" \/>\n\t<meta property=\"og:image:type\" content=\"image\/jpeg\" \/>\n<meta name=\"twitter:card\" content=\"summary_large_image\" \/>\n<meta name=\"twitter:label1\" content=\"Dur\u00e9e de lecture estim\u00e9e\" \/>\n\t<meta name=\"twitter:data1\" content=\"1 minute\" \/>\n<script type=\"application\/ld+json\" class=\"yoast-schema-graph\">{\"@context\":\"https:\/\/schema.org\",\"@graph\":[{\"@type\":\"WebPage\",\"@id\":\"https:\/\/www.revellia.com\/fr\/produit\/affiche-lieu-de-rencontre\/\",\"url\":\"https:\/\/www.revellia.com\/fr\/produit\/affiche-lieu-de-rencontre\/\",\"name\":\"Affiche lieu de rencontre - Revellia\",\"isPartOf\":{\"@id\":\"https:\/\/www.revellia.com\/fr\/#website\"},\"datePublished\":\"2022-08-26T16:26:22+00:00\",\"dateModified\":\"2024-08-07T11:35:58+00:00\",\"description\":\"Cr\u00e9ez une affiche lieu de rencontre de l'endroit o\u00f9 votre couple s\u2019est rencontr\u00e9 pour la premi\u00e8re fois et offrez un cadeau personnalis\u00e9 pour votre couple.\",\"breadcrumb\":{\"@id\":\"https:\/\/www.revellia.com\/fr\/produit\/affiche-lieu-de-rencontre\/#breadcrumb\"},\"inLanguage\":\"fr-FR\",\"potentialAction\":[{\"@type\":\"ReadAction\",\"target\":[\"https:\/\/www.revellia.com\/fr\/produit\/affiche-lieu-de-rencontre\/\"]}]},{\"@type\":\"BreadcrumbList\",\"@id\":\"https:\/\/www.revellia.com\/fr\/produit\/affiche-lieu-de-rencontre\/#breadcrumb\",\"itemListElement\":[{\"@type\":\"ListItem\",\"position\":1,\"name\":\"Home\",\"item\":\"https:\/\/www.revellia.com\/fr\/\"},{\"@type\":\"ListItem\",\"position\":2,\"name\":\"Boutique\",\"item\":\"https:\/\/www.revellia.com\/fr\/shop\/\"},{\"@type\":\"ListItem\",\"position\":3,\"name\":\"Affiche lieu de rencontre personnalis\u00e9e\"}]},{\"@type\":\"WebSite\",\"@id\":\"https:\/\/www.revellia.com\/fr\/#website\",\"url\":\"https:\/\/www.revellia.com\/fr\/\",\"name\":\"Revellia\",\"description\":\"Personalized original posters\",\"publisher\":{\"@id\":\"https:\/\/www.revellia.com\/fr\/#organization\"},\"potentialAction\":[{\"@type\":\"SearchAction\",\"target\":{\"@type\":\"EntryPoint\",\"urlTemplate\":\"https:\/\/www.revellia.com\/fr\/?s={search_term_string}\"},\"query-input\":\"required name=search_term_string\"}],\"inLanguage\":\"fr-FR\"},{\"@type\":\"Organization\",\"@id\":\"https:\/\/www.revellia.com\/fr\/#organization\",\"name\":\"Revellia\",\"url\":\"https:\/\/www.revellia.com\/fr\/\",\"logo\":{\"@type\":\"ImageObject\",\"inLanguage\":\"fr-FR\",\"@id\":\"https:\/\/www.revellia.com\/fr\/#\/schema\/logo\/image\/\",\"url\":\"https:\/\/www.revellia.com\/wp-content\/uploads\/2021\/02\/logo.png\",\"contentUrl\":\"https:\/\/www.revellia.com\/wp-content\/uploads\/2021\/02\/logo.png\",\"width\":437,\"height\":128,\"caption\":\"Revellia\"},\"image\":{\"@id\":\"https:\/\/www.revellia.com\/fr\/#\/schema\/logo\/image\/\"}}]}<\/script>\n<!-- \/ Yoast SEO plugin. -->","yoast_head_json":{"title":"Affiche lieu de rencontre - Revellia","description":"Cr\u00e9ez une affiche lieu de rencontre de l'endroit o\u00f9 votre couple s\u2019est rencontr\u00e9 pour la premi\u00e8re fois et offrez un cadeau personnalis\u00e9 pour votre couple.","robots":{"index":"noindex","follow":"nofollow"},"og_locale":"fr_FR","og_type":"article","og_title":"Affiche lieu de rencontre - Revellia","og_description":"Cr\u00e9ez une affiche lieu de rencontre de l'endroit o\u00f9 votre couple s\u2019est rencontr\u00e9 pour la premi\u00e8re fois et offrez un cadeau personnalis\u00e9 pour votre couple.","og_url":"https:\/\/www.revellia.com\/fr\/produit\/affiche-lieu-de-rencontre\/","og_site_name":"Revellia","article_modified_time":"2024-08-07T11:35:58+00:00","og_image":[{"width":720,"height":752,"url":"https:\/\/www.revellia.com\/wp-content\/uploads\/2022\/08\/personalized-where-we-met-map.jpg","type":"image\/jpeg"}],"twitter_card":"summary_large_image","twitter_misc":{"Dur\u00e9e de lecture estim\u00e9e":"1 minute"},"schema":{"@context":"https:\/\/schema.org","@graph":[{"@type":"WebPage","@id":"https:\/\/www.revellia.com\/fr\/produit\/affiche-lieu-de-rencontre\/","url":"https:\/\/www.revellia.com\/fr\/produit\/affiche-lieu-de-rencontre\/","name":"Affiche lieu de rencontre - Revellia","isPartOf":{"@id":"https:\/\/www.revellia.com\/fr\/#website"},"datePublished":"2022-08-26T16:26:22+00:00","dateModified":"2024-08-07T11:35:58+00:00","description":"Cr\u00e9ez une affiche lieu de rencontre de l'endroit o\u00f9 votre couple s\u2019est rencontr\u00e9 pour la premi\u00e8re fois et offrez un cadeau personnalis\u00e9 pour votre couple.","breadcrumb":{"@id":"https:\/\/www.revellia.com\/fr\/produit\/affiche-lieu-de-rencontre\/#breadcrumb"},"inLanguage":"fr-FR","potentialAction":[{"@type":"ReadAction","target":["https:\/\/www.revellia.com\/fr\/produit\/affiche-lieu-de-rencontre\/"]}]},{"@type":"BreadcrumbList","@id":"https:\/\/www.revellia.com\/fr\/produit\/affiche-lieu-de-rencontre\/#breadcrumb","itemListElement":[{"@type":"ListItem","position":1,"name":"Home","item":"https:\/\/www.revellia.com\/fr\/"},{"@type":"ListItem","position":2,"name":"Boutique","item":"https:\/\/www.revellia.com\/fr\/shop\/"},{"@type":"ListItem","position":3,"name":"Affiche lieu de rencontre personnalis\u00e9e"}]},{"@type":"WebSite","@id":"https:\/\/www.revellia.com\/fr\/#website","url":"https:\/\/www.revellia.com\/fr\/","name":"Revellia","description":"Personalized original posters","publisher":{"@id":"https:\/\/www.revellia.com\/fr\/#organization"},"potentialAction":[{"@type":"SearchAction","target":{"@type":"EntryPoint","urlTemplate":"https:\/\/www.revellia.com\/fr\/?s={search_term_string}"},"query-input":"required name=search_term_string"}],"inLanguage":"fr-FR"},{"@type":"Organization","@id":"https:\/\/www.revellia.com\/fr\/#organization","name":"Revellia","url":"https:\/\/www.revellia.com\/fr\/","logo":{"@type":"ImageObject","inLanguage":"fr-FR","@id":"https:\/\/www.revellia.com\/fr\/#\/schema\/logo\/image\/","url":"https:\/\/www.revellia.com\/wp-content\/uploads\/2021\/02\/logo.png","contentUrl":"https:\/\/www.revellia.com\/wp-content\/uploads\/2021\/02\/logo.png","width":437,"height":128,"caption":"Revellia"},"image":{"@id":"https:\/\/www.revellia.com\/fr\/#\/schema\/logo\/image\/"}}]}},"_links":{"self":[{"href":"https:\/\/www.revellia.com\/fr\/wp-json\/wp\/v2\/product\/543","targetHints":{"allow":["GET"]}}],"collection":[{"href":"https:\/\/www.revellia.com\/fr\/wp-json\/wp\/v2\/product"}],"about":[{"href":"https:\/\/www.revellia.com\/fr\/wp-json\/wp\/v2\/types\/product"}],"wp:featuredmedia":[{"embeddable":true,"href":"https:\/\/www.revellia.com\/fr\/wp-json\/wp\/v2\/media\/602"}],"wp:attachment":[{"href":"https:\/\/www.revellia.com\/fr\/wp-json\/wp\/v2\/media?parent=543"}],"wp:term":[{"taxonomy":"product_cat","embeddable":true,"href":"https:\/\/www.revellia.com\/fr\/wp-json\/wp\/v2\/product_cat?post=543"},{"taxonomy":"product_tag","embeddable":true,"href":"https:\/\/www.revellia.com\/fr\/wp-json\/wp\/v2\/product_tag?post=543"}],"curies":[{"name":"wp","href":"https:\/\/api.w.org\/{rel}","templated":true}]}}