{"id":1467,"date":"2023-05-24T15:19:49","date_gmt":"2023-05-24T15:19:49","guid":{"rendered":"https:\/\/www.revellia.com\/?post_type=product&#038;p=1467"},"modified":"2023-11-07T16:21:23","modified_gmt":"2023-11-07T16:21:23","slug":"affiche-de-naissance-bebe-personnalisee","status":"publish","type":"product","link":"https:\/\/www.revellia.com\/fr\/produit\/affiche-de-naissance-bebe-personnalisee\/","title":{"rendered":"Affiche de naissance b\u00e9b\u00e9 personnalis\u00e9e"},"content":{"rendered":"<p>Un magnifique poster artistique mettant en valeur les informations de naissance de votre enfant, qui constitue une superbe id\u00e9e de d\u00e9coration pour la chambre de b\u00e9b\u00e9.<\/p>\n<p>Ce produit est disponible sous forme de poster ou de fichier \u00e9lectronique.<\/p>\n<p>Cadre non-inclus.<\/p>\n<p>Poster<\/p>\n<p>&#8211; Dimensions: 21 x 30 cm, 30 x 40 cm ou 50 x 70 cm<br \/>\n&#8211; Poids du papier: 200 g\/m\u00b2<br \/>\n&#8211; Finition: Mat non-couch\u00e9<\/p>\n<p>Fichier \u00e9lectronique<\/p>\n<p>&#8211; Format: PDF\/PNG A4<br \/>\n&#8211; R\u00e9solution: 4200 x 6000 px<\/p>\n","protected":false},"excerpt":{"rendered":"<p>Un magnifique poster artistique mettant en valeur les informations de naissance de votre enfant, qui constitue une superbe id\u00e9e de d\u00e9coration pour la chambre de b\u00e9b\u00e9. Ce produit est disponible sous forme de poster ou de fichier \u00e9lectronique. Cadre non-inclus. Poster &#8211; Dimensions: 21 x 30 cm, 30 x 40 cm ou 50 x 70 [&hellip;]<\/p>\n","protected":false},"featured_media":1473,"template":"","meta":{"powered_cache_disable_cache":false},"product_cat":[24],"product_tag":[],"class_list":["post-1467","product","type-product","status-publish","has-post-thumbnail","hentry","product_cat-posters-fr"],"yoast_head":"<!-- This site is optimized with the Yoast SEO plugin v21.4 - https:\/\/yoast.com\/wordpress\/plugins\/seo\/ -->\n<title>Affiche de naissance b\u00e9b\u00e9 personnalis\u00e9e - Revellia<\/title>\n<meta name=\"description\" content=\"Une affiche mettant en valeur les informations de naissance de votre enfant, qui constitue une superbe id\u00e9e de d\u00e9coration pour la chambre de b\u00e9b\u00e9.\" \/>\n<meta name=\"robots\" content=\"noindex, nofollow\" \/>\n<meta property=\"og:locale\" content=\"fr_FR\" \/>\n<meta property=\"og:type\" content=\"article\" \/>\n<meta property=\"og:title\" content=\"Affiche de naissance b\u00e9b\u00e9 personnalis\u00e9e - Revellia\" \/>\n<meta property=\"og:description\" content=\"Une affiche mettant en valeur les informations de naissance de votre enfant, qui constitue une superbe id\u00e9e de d\u00e9coration pour la chambre de b\u00e9b\u00e9.\" \/>\n<meta property=\"og:url\" content=\"https:\/\/www.revellia.com\/fr\/produit\/affiche-de-naissance-bebe-personnalisee\/\" \/>\n<meta property=\"og:site_name\" content=\"Revellia\" \/>\n<meta property=\"article:modified_time\" content=\"2023-11-07T16:21:23+00:00\" \/>\n<meta property=\"og:image\" content=\"https:\/\/www.revellia.com\/wp-content\/uploads\/2023\/05\/birth-fr.jpg\" \/>\n\t<meta property=\"og:image:width\" content=\"1301\" \/>\n\t<meta property=\"og:image:height\" content=\"868\" \/>\n\t<meta property=\"og:image:type\" content=\"image\/jpeg\" \/>\n<meta name=\"twitter:card\" content=\"summary_large_image\" \/>\n<meta name=\"twitter:label1\" content=\"Dur\u00e9e de lecture estim\u00e9e\" \/>\n\t<meta name=\"twitter:data1\" content=\"1 minute\" \/>\n<script type=\"application\/ld+json\" class=\"yoast-schema-graph\">{\"@context\":\"https:\/\/schema.org\",\"@graph\":[{\"@type\":\"WebPage\",\"@id\":\"https:\/\/www.revellia.com\/fr\/produit\/affiche-de-naissance-bebe-personnalisee\/\",\"url\":\"https:\/\/www.revellia.com\/fr\/produit\/affiche-de-naissance-bebe-personnalisee\/\",\"name\":\"Affiche de naissance b\u00e9b\u00e9 personnalis\u00e9e - Revellia\",\"isPartOf\":{\"@id\":\"https:\/\/www.revellia.com\/fr\/#website\"},\"datePublished\":\"2023-05-24T15:19:49+00:00\",\"dateModified\":\"2023-11-07T16:21:23+00:00\",\"description\":\"Une affiche mettant en valeur les informations de naissance de votre enfant, qui constitue une superbe id\u00e9e de d\u00e9coration pour la chambre de b\u00e9b\u00e9.\",\"breadcrumb\":{\"@id\":\"https:\/\/www.revellia.com\/fr\/produit\/affiche-de-naissance-bebe-personnalisee\/#breadcrumb\"},\"inLanguage\":\"fr-FR\",\"potentialAction\":[{\"@type\":\"ReadAction\",\"target\":[\"https:\/\/www.revellia.com\/fr\/produit\/affiche-de-naissance-bebe-personnalisee\/\"]}]},{\"@type\":\"BreadcrumbList\",\"@id\":\"https:\/\/www.revellia.com\/fr\/produit\/affiche-de-naissance-bebe-personnalisee\/#breadcrumb\",\"itemListElement\":[{\"@type\":\"ListItem\",\"position\":1,\"name\":\"Home\",\"item\":\"https:\/\/www.revellia.com\/fr\/\"},{\"@type\":\"ListItem\",\"position\":2,\"name\":\"Boutique\",\"item\":\"https:\/\/www.revellia.com\/fr\/shop\/\"},{\"@type\":\"ListItem\",\"position\":3,\"name\":\"Affiche de naissance b\u00e9b\u00e9 personnalis\u00e9e\"}]},{\"@type\":\"WebSite\",\"@id\":\"https:\/\/www.revellia.com\/fr\/#website\",\"url\":\"https:\/\/www.revellia.com\/fr\/\",\"name\":\"Revellia\",\"description\":\"Personalized original posters\",\"publisher\":{\"@id\":\"https:\/\/www.revellia.com\/fr\/#organization\"},\"potentialAction\":[{\"@type\":\"SearchAction\",\"target\":{\"@type\":\"EntryPoint\",\"urlTemplate\":\"https:\/\/www.revellia.com\/fr\/?s={search_term_string}\"},\"query-input\":\"required name=search_term_string\"}],\"inLanguage\":\"fr-FR\"},{\"@type\":\"Organization\",\"@id\":\"https:\/\/www.revellia.com\/fr\/#organization\",\"name\":\"Revellia\",\"url\":\"https:\/\/www.revellia.com\/fr\/\",\"logo\":{\"@type\":\"ImageObject\",\"inLanguage\":\"fr-FR\",\"@id\":\"https:\/\/www.revellia.com\/fr\/#\/schema\/logo\/image\/\",\"url\":\"https:\/\/www.revellia.com\/wp-content\/uploads\/2021\/02\/logo.png\",\"contentUrl\":\"https:\/\/www.revellia.com\/wp-content\/uploads\/2021\/02\/logo.png\",\"width\":437,\"height\":128,\"caption\":\"Revellia\"},\"image\":{\"@id\":\"https:\/\/www.revellia.com\/fr\/#\/schema\/logo\/image\/\"}}]}<\/script>\n<!-- \/ Yoast SEO plugin. -->","yoast_head_json":{"title":"Affiche de naissance b\u00e9b\u00e9 personnalis\u00e9e - Revellia","description":"Une affiche mettant en valeur les informations de naissance de votre enfant, qui constitue une superbe id\u00e9e de d\u00e9coration pour la chambre de b\u00e9b\u00e9.","robots":{"index":"noindex","follow":"nofollow"},"og_locale":"fr_FR","og_type":"article","og_title":"Affiche de naissance b\u00e9b\u00e9 personnalis\u00e9e - Revellia","og_description":"Une affiche mettant en valeur les informations de naissance de votre enfant, qui constitue une superbe id\u00e9e de d\u00e9coration pour la chambre de b\u00e9b\u00e9.","og_url":"https:\/\/www.revellia.com\/fr\/produit\/affiche-de-naissance-bebe-personnalisee\/","og_site_name":"Revellia","article_modified_time":"2023-11-07T16:21:23+00:00","og_image":[{"width":1301,"height":868,"url":"https:\/\/www.revellia.com\/wp-content\/uploads\/2023\/05\/birth-fr.jpg","type":"image\/jpeg"}],"twitter_card":"summary_large_image","twitter_misc":{"Dur\u00e9e de lecture estim\u00e9e":"1 minute"},"schema":{"@context":"https:\/\/schema.org","@graph":[{"@type":"WebPage","@id":"https:\/\/www.revellia.com\/fr\/produit\/affiche-de-naissance-bebe-personnalisee\/","url":"https:\/\/www.revellia.com\/fr\/produit\/affiche-de-naissance-bebe-personnalisee\/","name":"Affiche de naissance b\u00e9b\u00e9 personnalis\u00e9e - Revellia","isPartOf":{"@id":"https:\/\/www.revellia.com\/fr\/#website"},"datePublished":"2023-05-24T15:19:49+00:00","dateModified":"2023-11-07T16:21:23+00:00","description":"Une affiche mettant en valeur les informations de naissance de votre enfant, qui constitue une superbe id\u00e9e de d\u00e9coration pour la chambre de b\u00e9b\u00e9.","breadcrumb":{"@id":"https:\/\/www.revellia.com\/fr\/produit\/affiche-de-naissance-bebe-personnalisee\/#breadcrumb"},"inLanguage":"fr-FR","potentialAction":[{"@type":"ReadAction","target":["https:\/\/www.revellia.com\/fr\/produit\/affiche-de-naissance-bebe-personnalisee\/"]}]},{"@type":"BreadcrumbList","@id":"https:\/\/www.revellia.com\/fr\/produit\/affiche-de-naissance-bebe-personnalisee\/#breadcrumb","itemListElement":[{"@type":"ListItem","position":1,"name":"Home","item":"https:\/\/www.revellia.com\/fr\/"},{"@type":"ListItem","position":2,"name":"Boutique","item":"https:\/\/www.revellia.com\/fr\/shop\/"},{"@type":"ListItem","position":3,"name":"Affiche de naissance b\u00e9b\u00e9 personnalis\u00e9e"}]},{"@type":"WebSite","@id":"https:\/\/www.revellia.com\/fr\/#website","url":"https:\/\/www.revellia.com\/fr\/","name":"Revellia","description":"Personalized original posters","publisher":{"@id":"https:\/\/www.revellia.com\/fr\/#organization"},"potentialAction":[{"@type":"SearchAction","target":{"@type":"EntryPoint","urlTemplate":"https:\/\/www.revellia.com\/fr\/?s={search_term_string}"},"query-input":"required name=search_term_string"}],"inLanguage":"fr-FR"},{"@type":"Organization","@id":"https:\/\/www.revellia.com\/fr\/#organization","name":"Revellia","url":"https:\/\/www.revellia.com\/fr\/","logo":{"@type":"ImageObject","inLanguage":"fr-FR","@id":"https:\/\/www.revellia.com\/fr\/#\/schema\/logo\/image\/","url":"https:\/\/www.revellia.com\/wp-content\/uploads\/2021\/02\/logo.png","contentUrl":"https:\/\/www.revellia.com\/wp-content\/uploads\/2021\/02\/logo.png","width":437,"height":128,"caption":"Revellia"},"image":{"@id":"https:\/\/www.revellia.com\/fr\/#\/schema\/logo\/image\/"}}]}},"_links":{"self":[{"href":"https:\/\/www.revellia.com\/fr\/wp-json\/wp\/v2\/product\/1467","targetHints":{"allow":["GET"]}}],"collection":[{"href":"https:\/\/www.revellia.com\/fr\/wp-json\/wp\/v2\/product"}],"about":[{"href":"https:\/\/www.revellia.com\/fr\/wp-json\/wp\/v2\/types\/product"}],"wp:featuredmedia":[{"embeddable":true,"href":"https:\/\/www.revellia.com\/fr\/wp-json\/wp\/v2\/media\/1473"}],"wp:attachment":[{"href":"https:\/\/www.revellia.com\/fr\/wp-json\/wp\/v2\/media?parent=1467"}],"wp:term":[{"taxonomy":"product_cat","embeddable":true,"href":"https:\/\/www.revellia.com\/fr\/wp-json\/wp\/v2\/product_cat?post=1467"},{"taxonomy":"product_tag","embeddable":true,"href":"https:\/\/www.revellia.com\/fr\/wp-json\/wp\/v2\/product_tag?post=1467"}],"curies":[{"name":"wp","href":"https:\/\/api.w.org\/{rel}","templated":true}]}}