{"id":230,"date":"2021-05-20T06:56:15","date_gmt":"2021-05-20T06:56:15","guid":{"rendered":"https:\/\/www.revellia.com\/?page_id=230"},"modified":"2022-10-25T12:59:07","modified_gmt":"2022-10-25T12:59:07","slug":"portrait-famille-original-personnalise","status":"publish","type":"page","link":"https:\/\/www.revellia.com\/fr\/posters\/portrait-famille-original-personnalise\/","title":{"rendered":"Portrait de famille"},"content":{"rendered":"","protected":false},"excerpt":{"rendered":"","protected":false},"author":1,"featured_media":600,"parent":216,"menu_order":0,"comment_status":"closed","ping_status":"closed","template":"","meta":{"footnotes":"","powered_cache_disable_cache":false},"yoast_head":"<!-- This site is optimized with the Yoast SEO plugin v21.4 - https:\/\/yoast.com\/wordpress\/plugins\/seo\/ -->\n<title>Cr\u00e9ez un Portrait de Famille Personnalis\u00e9 - Revellia<\/title>\n<meta name=\"description\" content=\"Cr\u00e9ez un portrait de famille original et personnalis\u00e9 gr\u00e2ce \u00e0 notre outil. Une id\u00e9e cadeau et d\u00e9co qui saura faire plaisir.\" \/>\n<meta name=\"robots\" content=\"index, follow, max-snippet:-1, max-image-preview:large, max-video-preview:-1\" \/>\n<link rel=\"canonical\" href=\"https:\/\/www.revellia.com\/fr\/posters\/portrait-famille-original-personnalise\/\" \/>\n<meta property=\"og:locale\" content=\"fr_FR\" \/>\n<meta property=\"og:type\" content=\"article\" \/>\n<meta property=\"og:title\" content=\"Cr\u00e9ez un Portrait de Famille Personnalis\u00e9 - Revellia\" \/>\n<meta property=\"og:description\" content=\"Cr\u00e9ez un portrait de famille original et personnalis\u00e9 gr\u00e2ce \u00e0 notre outil. Une id\u00e9e cadeau et d\u00e9co qui saura faire plaisir.\" \/>\n<meta property=\"og:url\" content=\"https:\/\/www.revellia.com\/fr\/posters\/portrait-famille-original-personnalise\/\" \/>\n<meta property=\"og:site_name\" content=\"Revellia\" \/>\n<meta property=\"article:modified_time\" content=\"2022-10-25T12:59:07+00:00\" \/>\n<meta property=\"og:image\" content=\"https:\/\/www.revellia.com\/wp-content\/uploads\/2021\/02\/portrait-de-famille.jpg\" \/>\n\t<meta property=\"og:image:width\" content=\"1618\" \/>\n\t<meta property=\"og:image:height\" content=\"1080\" \/>\n\t<meta property=\"og:image:type\" content=\"image\/jpeg\" \/>\n<meta name=\"twitter:card\" content=\"summary_large_image\" \/>\n<script type=\"application\/ld+json\" class=\"yoast-schema-graph\">{\"@context\":\"https:\/\/schema.org\",\"@graph\":[{\"@type\":\"WebPage\",\"@id\":\"https:\/\/www.revellia.com\/fr\/posters\/portrait-famille-original-personnalise\/\",\"url\":\"https:\/\/www.revellia.com\/fr\/posters\/portrait-famille-original-personnalise\/\",\"name\":\"Cr\u00e9ez un Portrait de Famille Personnalis\u00e9 - Revellia\",\"isPartOf\":{\"@id\":\"https:\/\/www.revellia.com\/fr\/#website\"},\"datePublished\":\"2021-05-20T06:56:15+00:00\",\"dateModified\":\"2022-10-25T12:59:07+00:00\",\"description\":\"Cr\u00e9ez un portrait de famille original et personnalis\u00e9 gr\u00e2ce \u00e0 notre outil. Une id\u00e9e cadeau et d\u00e9co qui saura faire plaisir.\",\"breadcrumb\":{\"@id\":\"https:\/\/www.revellia.com\/fr\/posters\/portrait-famille-original-personnalise\/#breadcrumb\"},\"inLanguage\":\"fr-FR\",\"potentialAction\":[{\"@type\":\"ReadAction\",\"target\":[\"https:\/\/www.revellia.com\/fr\/posters\/portrait-famille-original-personnalise\/\"]}]},{\"@type\":\"BreadcrumbList\",\"@id\":\"https:\/\/www.revellia.com\/fr\/posters\/portrait-famille-original-personnalise\/#breadcrumb\",\"itemListElement\":[{\"@type\":\"ListItem\",\"position\":1,\"name\":\"Home\",\"item\":\"https:\/\/www.revellia.com\/fr\/\"},{\"@type\":\"ListItem\",\"position\":2,\"name\":\"Posters\",\"item\":\"https:\/\/www.revellia.com\/fr\/posters\/\"},{\"@type\":\"ListItem\",\"position\":3,\"name\":\"Portrait de famille\"}]},{\"@type\":\"WebSite\",\"@id\":\"https:\/\/www.revellia.com\/fr\/#website\",\"url\":\"https:\/\/www.revellia.com\/fr\/\",\"name\":\"Revellia\",\"description\":\"Personalized original posters\",\"publisher\":{\"@id\":\"https:\/\/www.revellia.com\/fr\/#organization\"},\"potentialAction\":[{\"@type\":\"SearchAction\",\"target\":{\"@type\":\"EntryPoint\",\"urlTemplate\":\"https:\/\/www.revellia.com\/fr\/?s={search_term_string}\"},\"query-input\":\"required name=search_term_string\"}],\"inLanguage\":\"fr-FR\"},{\"@type\":\"Organization\",\"@id\":\"https:\/\/www.revellia.com\/fr\/#organization\",\"name\":\"Revellia\",\"url\":\"https:\/\/www.revellia.com\/fr\/\",\"logo\":{\"@type\":\"ImageObject\",\"inLanguage\":\"fr-FR\",\"@id\":\"https:\/\/www.revellia.com\/fr\/#\/schema\/logo\/image\/\",\"url\":\"https:\/\/www.revellia.com\/wp-content\/uploads\/2021\/02\/logo.png\",\"contentUrl\":\"https:\/\/www.revellia.com\/wp-content\/uploads\/2021\/02\/logo.png\",\"width\":437,\"height\":128,\"caption\":\"Revellia\"},\"image\":{\"@id\":\"https:\/\/www.revellia.com\/fr\/#\/schema\/logo\/image\/\"}}]}<\/script>\n<!-- \/ Yoast SEO plugin. -->","yoast_head_json":{"title":"Cr\u00e9ez un Portrait de Famille Personnalis\u00e9 - Revellia","description":"Cr\u00e9ez un portrait de famille original et personnalis\u00e9 gr\u00e2ce \u00e0 notre outil. Une id\u00e9e cadeau et d\u00e9co qui saura faire plaisir.","robots":{"index":"index","follow":"follow","max-snippet":"max-snippet:-1","max-image-preview":"max-image-preview:large","max-video-preview":"max-video-preview:-1"},"canonical":"https:\/\/www.revellia.com\/fr\/posters\/portrait-famille-original-personnalise\/","og_locale":"fr_FR","og_type":"article","og_title":"Cr\u00e9ez un Portrait de Famille Personnalis\u00e9 - Revellia","og_description":"Cr\u00e9ez un portrait de famille original et personnalis\u00e9 gr\u00e2ce \u00e0 notre outil. Une id\u00e9e cadeau et d\u00e9co qui saura faire plaisir.","og_url":"https:\/\/www.revellia.com\/fr\/posters\/portrait-famille-original-personnalise\/","og_site_name":"Revellia","article_modified_time":"2022-10-25T12:59:07+00:00","og_image":[{"width":1618,"height":1080,"url":"https:\/\/www.revellia.com\/wp-content\/uploads\/2021\/02\/portrait-de-famille.jpg","type":"image\/jpeg"}],"twitter_card":"summary_large_image","schema":{"@context":"https:\/\/schema.org","@graph":[{"@type":"WebPage","@id":"https:\/\/www.revellia.com\/fr\/posters\/portrait-famille-original-personnalise\/","url":"https:\/\/www.revellia.com\/fr\/posters\/portrait-famille-original-personnalise\/","name":"Cr\u00e9ez un Portrait de Famille Personnalis\u00e9 - Revellia","isPartOf":{"@id":"https:\/\/www.revellia.com\/fr\/#website"},"datePublished":"2021-05-20T06:56:15+00:00","dateModified":"2022-10-25T12:59:07+00:00","description":"Cr\u00e9ez un portrait de famille original et personnalis\u00e9 gr\u00e2ce \u00e0 notre outil. Une id\u00e9e cadeau et d\u00e9co qui saura faire plaisir.","breadcrumb":{"@id":"https:\/\/www.revellia.com\/fr\/posters\/portrait-famille-original-personnalise\/#breadcrumb"},"inLanguage":"fr-FR","potentialAction":[{"@type":"ReadAction","target":["https:\/\/www.revellia.com\/fr\/posters\/portrait-famille-original-personnalise\/"]}]},{"@type":"BreadcrumbList","@id":"https:\/\/www.revellia.com\/fr\/posters\/portrait-famille-original-personnalise\/#breadcrumb","itemListElement":[{"@type":"ListItem","position":1,"name":"Home","item":"https:\/\/www.revellia.com\/fr\/"},{"@type":"ListItem","position":2,"name":"Posters","item":"https:\/\/www.revellia.com\/fr\/posters\/"},{"@type":"ListItem","position":3,"name":"Portrait de famille"}]},{"@type":"WebSite","@id":"https:\/\/www.revellia.com\/fr\/#website","url":"https:\/\/www.revellia.com\/fr\/","name":"Revellia","description":"Personalized original posters","publisher":{"@id":"https:\/\/www.revellia.com\/fr\/#organization"},"potentialAction":[{"@type":"SearchAction","target":{"@type":"EntryPoint","urlTemplate":"https:\/\/www.revellia.com\/fr\/?s={search_term_string}"},"query-input":"required name=search_term_string"}],"inLanguage":"fr-FR"},{"@type":"Organization","@id":"https:\/\/www.revellia.com\/fr\/#organization","name":"Revellia","url":"https:\/\/www.revellia.com\/fr\/","logo":{"@type":"ImageObject","inLanguage":"fr-FR","@id":"https:\/\/www.revellia.com\/fr\/#\/schema\/logo\/image\/","url":"https:\/\/www.revellia.com\/wp-content\/uploads\/2021\/02\/logo.png","contentUrl":"https:\/\/www.revellia.com\/wp-content\/uploads\/2021\/02\/logo.png","width":437,"height":128,"caption":"Revellia"},"image":{"@id":"https:\/\/www.revellia.com\/fr\/#\/schema\/logo\/image\/"}}]}},"_links":{"self":[{"href":"https:\/\/www.revellia.com\/fr\/wp-json\/wp\/v2\/pages\/230"}],"collection":[{"href":"https:\/\/www.revellia.com\/fr\/wp-json\/wp\/v2\/pages"}],"about":[{"href":"https:\/\/www.revellia.com\/fr\/wp-json\/wp\/v2\/types\/page"}],"author":[{"embeddable":true,"href":"https:\/\/www.revellia.com\/fr\/wp-json\/wp\/v2\/users\/1"}],"replies":[{"embeddable":true,"href":"https:\/\/www.revellia.com\/fr\/wp-json\/wp\/v2\/comments?post=230"}],"version-history":[{"count":1,"href":"https:\/\/www.revellia.com\/fr\/wp-json\/wp\/v2\/pages\/230\/revisions"}],"predecessor-version":[{"id":231,"href":"https:\/\/www.revellia.com\/fr\/wp-json\/wp\/v2\/pages\/230\/revisions\/231"}],"up":[{"embeddable":true,"href":"https:\/\/www.revellia.com\/fr\/wp-json\/wp\/v2\/pages\/216"}],"wp:featuredmedia":[{"embeddable":true,"href":"https:\/\/www.revellia.com\/fr\/wp-json\/wp\/v2\/media\/600"}],"wp:attachment":[{"href":"https:\/\/www.revellia.com\/fr\/wp-json\/wp\/v2\/media?parent=230"}],"curies":[{"name":"wp","href":"https:\/\/api.w.org\/{rel}","templated":true}]}}