{"id":1866,"date":"2023-09-21T18:01:24","date_gmt":"2023-09-21T18:01:24","guid":{"rendered":"https:\/\/www.revellia.com\/?page_id=1866"},"modified":"2024-03-09T19:43:50","modified_gmt":"2024-03-09T19:43:50","slug":"la-ou-tout-a-commence","status":"publish","type":"page","link":"https:\/\/www.revellia.com\/fr\/posters\/la-ou-tout-a-commence\/","title":{"rendered":"L\u00e0 o\u00f9 tout a commenc\u00e9"},"content":{"rendered":"","protected":false},"excerpt":{"rendered":"","protected":false},"author":1,"featured_media":1868,"parent":216,"menu_order":0,"comment_status":"closed","ping_status":"closed","template":"","meta":{"powered_cache_disable_cache":false,"footnotes":""},"class_list":["post-1866","page","type-page","status-publish","has-post-thumbnail","hentry"],"yoast_head":"<!-- This site is optimized with the Yoast SEO plugin v21.4 - https:\/\/yoast.com\/wordpress\/plugins\/seo\/ -->\n<title>L\u00e0 o\u00f9 tout a commenc\u00e9 - Affiche personnalis\u00e9e pour votre couple - Revellia<\/title>\n<meta name=\"description\" content=\"Notre affiche &quot;L\u00e0 o\u00f9 tout a commenc\u00e9&quot; est un cadeau romantique et personnalis\u00e9, immortalisant le lieu de votre premi\u00e8re rencontre.\" \/>\n<meta name=\"robots\" content=\"index, follow, max-snippet:-1, max-image-preview:large, max-video-preview:-1\" \/>\n<link rel=\"canonical\" href=\"https:\/\/www.revellia.com\/fr\/posters\/la-ou-tout-a-commence\/\" \/>\n<meta property=\"og:locale\" content=\"fr_FR\" \/>\n<meta property=\"og:type\" content=\"article\" \/>\n<meta property=\"og:title\" content=\"L\u00e0 o\u00f9 tout a commenc\u00e9 - Affiche personnalis\u00e9e pour votre couple - Revellia\" \/>\n<meta property=\"og:description\" content=\"Notre affiche &quot;L\u00e0 o\u00f9 tout a commenc\u00e9&quot; est un cadeau romantique et personnalis\u00e9, immortalisant le lieu de votre premi\u00e8re rencontre.\" \/>\n<meta property=\"og:url\" content=\"https:\/\/www.revellia.com\/fr\/posters\/la-ou-tout-a-commence\/\" \/>\n<meta property=\"og:site_name\" content=\"Revellia\" \/>\n<meta property=\"article:modified_time\" content=\"2024-03-09T19:43:50+00:00\" \/>\n<meta property=\"og:image\" content=\"https:\/\/www.revellia.com\/wp-content\/uploads\/2023\/09\/1bis.jpg\" \/>\n\t<meta property=\"og:image:width\" content=\"961\" \/>\n\t<meta property=\"og:image:height\" content=\"1080\" \/>\n\t<meta property=\"og:image:type\" content=\"image\/jpeg\" \/>\n<meta name=\"twitter:card\" content=\"summary_large_image\" \/>\n<script type=\"application\/ld+json\" class=\"yoast-schema-graph\">{\"@context\":\"https:\/\/schema.org\",\"@graph\":[{\"@type\":\"WebPage\",\"@id\":\"https:\/\/www.revellia.com\/fr\/posters\/la-ou-tout-a-commence\/\",\"url\":\"https:\/\/www.revellia.com\/fr\/posters\/la-ou-tout-a-commence\/\",\"name\":\"L\u00e0 o\u00f9 tout a commenc\u00e9 - Affiche personnalis\u00e9e pour votre couple - Revellia\",\"isPartOf\":{\"@id\":\"https:\/\/www.revellia.com\/fr\/#website\"},\"datePublished\":\"2023-09-21T18:01:24+00:00\",\"dateModified\":\"2024-03-09T19:43:50+00:00\",\"description\":\"Notre affiche \\\"L\u00e0 o\u00f9 tout a commenc\u00e9\\\" est un cadeau romantique et personnalis\u00e9, immortalisant le lieu de votre premi\u00e8re rencontre.\",\"breadcrumb\":{\"@id\":\"https:\/\/www.revellia.com\/fr\/posters\/la-ou-tout-a-commence\/#breadcrumb\"},\"inLanguage\":\"fr-FR\",\"potentialAction\":[{\"@type\":\"ReadAction\",\"target\":[\"https:\/\/www.revellia.com\/fr\/posters\/la-ou-tout-a-commence\/\"]}]},{\"@type\":\"BreadcrumbList\",\"@id\":\"https:\/\/www.revellia.com\/fr\/posters\/la-ou-tout-a-commence\/#breadcrumb\",\"itemListElement\":[{\"@type\":\"ListItem\",\"position\":1,\"name\":\"Home\",\"item\":\"https:\/\/www.revellia.com\/fr\/\"},{\"@type\":\"ListItem\",\"position\":2,\"name\":\"Posters\",\"item\":\"https:\/\/www.revellia.com\/fr\/posters\/\"},{\"@type\":\"ListItem\",\"position\":3,\"name\":\"L\u00e0 o\u00f9 tout a commenc\u00e9\"}]},{\"@type\":\"WebSite\",\"@id\":\"https:\/\/www.revellia.com\/fr\/#website\",\"url\":\"https:\/\/www.revellia.com\/fr\/\",\"name\":\"Revellia\",\"description\":\"Personalized original posters\",\"publisher\":{\"@id\":\"https:\/\/www.revellia.com\/fr\/#organization\"},\"potentialAction\":[{\"@type\":\"SearchAction\",\"target\":{\"@type\":\"EntryPoint\",\"urlTemplate\":\"https:\/\/www.revellia.com\/fr\/?s={search_term_string}\"},\"query-input\":\"required name=search_term_string\"}],\"inLanguage\":\"fr-FR\"},{\"@type\":\"Organization\",\"@id\":\"https:\/\/www.revellia.com\/fr\/#organization\",\"name\":\"Revellia\",\"url\":\"https:\/\/www.revellia.com\/fr\/\",\"logo\":{\"@type\":\"ImageObject\",\"inLanguage\":\"fr-FR\",\"@id\":\"https:\/\/www.revellia.com\/fr\/#\/schema\/logo\/image\/\",\"url\":\"https:\/\/www.revellia.com\/wp-content\/uploads\/2021\/02\/logo.png\",\"contentUrl\":\"https:\/\/www.revellia.com\/wp-content\/uploads\/2021\/02\/logo.png\",\"width\":437,\"height\":128,\"caption\":\"Revellia\"},\"image\":{\"@id\":\"https:\/\/www.revellia.com\/fr\/#\/schema\/logo\/image\/\"}}]}<\/script>\n<!-- \/ Yoast SEO plugin. -->","yoast_head_json":{"title":"L\u00e0 o\u00f9 tout a commenc\u00e9 - Affiche personnalis\u00e9e pour votre couple - Revellia","description":"Notre affiche \"L\u00e0 o\u00f9 tout a commenc\u00e9\" est un cadeau romantique et personnalis\u00e9, immortalisant le lieu de votre premi\u00e8re rencontre.","robots":{"index":"index","follow":"follow","max-snippet":"max-snippet:-1","max-image-preview":"max-image-preview:large","max-video-preview":"max-video-preview:-1"},"canonical":"https:\/\/www.revellia.com\/fr\/posters\/la-ou-tout-a-commence\/","og_locale":"fr_FR","og_type":"article","og_title":"L\u00e0 o\u00f9 tout a commenc\u00e9 - Affiche personnalis\u00e9e pour votre couple - Revellia","og_description":"Notre affiche \"L\u00e0 o\u00f9 tout a commenc\u00e9\" est un cadeau romantique et personnalis\u00e9, immortalisant le lieu de votre premi\u00e8re rencontre.","og_url":"https:\/\/www.revellia.com\/fr\/posters\/la-ou-tout-a-commence\/","og_site_name":"Revellia","article_modified_time":"2024-03-09T19:43:50+00:00","og_image":[{"width":961,"height":1080,"url":"https:\/\/www.revellia.com\/wp-content\/uploads\/2023\/09\/1bis.jpg","type":"image\/jpeg"}],"twitter_card":"summary_large_image","schema":{"@context":"https:\/\/schema.org","@graph":[{"@type":"WebPage","@id":"https:\/\/www.revellia.com\/fr\/posters\/la-ou-tout-a-commence\/","url":"https:\/\/www.revellia.com\/fr\/posters\/la-ou-tout-a-commence\/","name":"L\u00e0 o\u00f9 tout a commenc\u00e9 - Affiche personnalis\u00e9e pour votre couple - Revellia","isPartOf":{"@id":"https:\/\/www.revellia.com\/fr\/#website"},"datePublished":"2023-09-21T18:01:24+00:00","dateModified":"2024-03-09T19:43:50+00:00","description":"Notre affiche \"L\u00e0 o\u00f9 tout a commenc\u00e9\" est un cadeau romantique et personnalis\u00e9, immortalisant le lieu de votre premi\u00e8re rencontre.","breadcrumb":{"@id":"https:\/\/www.revellia.com\/fr\/posters\/la-ou-tout-a-commence\/#breadcrumb"},"inLanguage":"fr-FR","potentialAction":[{"@type":"ReadAction","target":["https:\/\/www.revellia.com\/fr\/posters\/la-ou-tout-a-commence\/"]}]},{"@type":"BreadcrumbList","@id":"https:\/\/www.revellia.com\/fr\/posters\/la-ou-tout-a-commence\/#breadcrumb","itemListElement":[{"@type":"ListItem","position":1,"name":"Home","item":"https:\/\/www.revellia.com\/fr\/"},{"@type":"ListItem","position":2,"name":"Posters","item":"https:\/\/www.revellia.com\/fr\/posters\/"},{"@type":"ListItem","position":3,"name":"L\u00e0 o\u00f9 tout a commenc\u00e9"}]},{"@type":"WebSite","@id":"https:\/\/www.revellia.com\/fr\/#website","url":"https:\/\/www.revellia.com\/fr\/","name":"Revellia","description":"Personalized original posters","publisher":{"@id":"https:\/\/www.revellia.com\/fr\/#organization"},"potentialAction":[{"@type":"SearchAction","target":{"@type":"EntryPoint","urlTemplate":"https:\/\/www.revellia.com\/fr\/?s={search_term_string}"},"query-input":"required name=search_term_string"}],"inLanguage":"fr-FR"},{"@type":"Organization","@id":"https:\/\/www.revellia.com\/fr\/#organization","name":"Revellia","url":"https:\/\/www.revellia.com\/fr\/","logo":{"@type":"ImageObject","inLanguage":"fr-FR","@id":"https:\/\/www.revellia.com\/fr\/#\/schema\/logo\/image\/","url":"https:\/\/www.revellia.com\/wp-content\/uploads\/2021\/02\/logo.png","contentUrl":"https:\/\/www.revellia.com\/wp-content\/uploads\/2021\/02\/logo.png","width":437,"height":128,"caption":"Revellia"},"image":{"@id":"https:\/\/www.revellia.com\/fr\/#\/schema\/logo\/image\/"}}]}},"_links":{"self":[{"href":"https:\/\/www.revellia.com\/fr\/wp-json\/wp\/v2\/pages\/1866","targetHints":{"allow":["GET"]}}],"collection":[{"href":"https:\/\/www.revellia.com\/fr\/wp-json\/wp\/v2\/pages"}],"about":[{"href":"https:\/\/www.revellia.com\/fr\/wp-json\/wp\/v2\/types\/page"}],"author":[{"embeddable":true,"href":"https:\/\/www.revellia.com\/fr\/wp-json\/wp\/v2\/users\/1"}],"replies":[{"embeddable":true,"href":"https:\/\/www.revellia.com\/fr\/wp-json\/wp\/v2\/comments?post=1866"}],"version-history":[{"count":1,"href":"https:\/\/www.revellia.com\/fr\/wp-json\/wp\/v2\/pages\/1866\/revisions"}],"predecessor-version":[{"id":1867,"href":"https:\/\/www.revellia.com\/fr\/wp-json\/wp\/v2\/pages\/1866\/revisions\/1867"}],"up":[{"embeddable":true,"href":"https:\/\/www.revellia.com\/fr\/wp-json\/wp\/v2\/pages\/216"}],"wp:featuredmedia":[{"embeddable":true,"href":"https:\/\/www.revellia.com\/fr\/wp-json\/wp\/v2\/media\/1868"}],"wp:attachment":[{"href":"https:\/\/www.revellia.com\/fr\/wp-json\/wp\/v2\/media?parent=1866"}],"curies":[{"name":"wp","href":"https:\/\/api.w.org\/{rel}","templated":true}]}}