{"id":9225,"date":"2025-06-25T17:06:44","date_gmt":"2025-06-25T17:06:44","guid":{"rendered":"https:\/\/www.revellia.com\/?post_type=product&#038;p=9225"},"modified":"2025-06-25T17:06:45","modified_gmt":"2025-06-25T17:06:45","slug":"poster-personalizado","status":"publish","type":"product","link":"https:\/\/www.revellia.com\/es\/producto\/poster-personalizado\/","title":{"rendered":"P\u00f3ster personalizado"},"content":{"rendered":"<p data-start=\"148\" data-end=\"224\">Un p\u00f3ster personalizado magn\u00edfico.<\/p>\n<p>Este producto est\u00e1 disponible como p\u00f3ster impreso o archivo digital.<\/p>\n<p>Marco no incluido.<\/p>\n<p>P\u00f3ster<\/p>\n<p>Dimensiones: 21 x 30 cm (8 x 12&#8243;), 30 x 40 cm (12 x 16&#8243;) o 50 x 70 cm (20 x 28&#8243;)<br \/>\nPeso del papel: 200 g\/m\u00b2<br \/>\nPapel mate sin recubrimiento<br \/>\nArchivo digital<\/p>\n<p>Formato: PDF\/PNG A4<br \/>\nResoluci\u00f3n: 4200 x 6000 px<\/p>\n","protected":false},"excerpt":{"rendered":"<p>Un p\u00f3ster personalizado magn\u00edfico. Este producto est\u00e1 disponible como p\u00f3ster impreso o archivo digital. Marco no incluido. P\u00f3ster Dimensiones: 21 x 30 cm (8 x 12&#8243;), 30 x 40 cm (12 x 16&#8243;) o 50 x 70 cm (20 x 28&#8243;) Peso del papel: 200 g\/m\u00b2 Papel mate sin recubrimiento Archivo digital Formato: PDF\/PNG A4 [&hellip;]<\/p>\n","protected":false},"featured_media":0,"template":"","meta":{"powered_cache_disable_cache":false},"product_cat":[42],"product_tag":[],"yoast_head":"<!-- This site is optimized with the Yoast SEO plugin v21.4 - https:\/\/yoast.com\/wordpress\/plugins\/seo\/ -->\n<title>P\u00f3ster personalizado - Revellia<\/title>\n<meta name=\"robots\" content=\"noindex, nofollow\" \/>\n<meta property=\"og:locale\" content=\"es_ES\" \/>\n<meta property=\"og:type\" content=\"article\" \/>\n<meta property=\"og:title\" content=\"P\u00f3ster personalizado - Revellia\" \/>\n<meta property=\"og:description\" content=\"Un p\u00f3ster personalizado magn\u00edfico. Este producto est\u00e1 disponible como p\u00f3ster impreso o archivo digital. Marco no incluido. P\u00f3ster Dimensiones: 21 x 30 cm (8 x 12&#8243;), 30 x 40 cm (12 x 16&#8243;) o 50 x 70 cm (20 x 28&#8243;) Peso del papel: 200 g\/m\u00b2 Papel mate sin recubrimiento Archivo digital Formato: PDF\/PNG A4 [&hellip;]\" \/>\n<meta property=\"og:url\" content=\"https:\/\/www.revellia.com\/es\/producto\/poster-personalizado\/\" \/>\n<meta property=\"og:site_name\" content=\"Revellia\" \/>\n<meta property=\"article:modified_time\" content=\"2025-06-25T17:06:45+00:00\" \/>\n<meta name=\"twitter:card\" content=\"summary_large_image\" \/>\n<meta name=\"twitter:label1\" content=\"Tiempo de lectura\" \/>\n\t<meta name=\"twitter:data1\" content=\"1 minuto\" \/>\n<script type=\"application\/ld+json\" class=\"yoast-schema-graph\">{\"@context\":\"https:\/\/schema.org\",\"@graph\":[{\"@type\":\"WebPage\",\"@id\":\"https:\/\/www.revellia.com\/es\/producto\/poster-personalizado\/\",\"url\":\"https:\/\/www.revellia.com\/es\/producto\/poster-personalizado\/\",\"name\":\"P\u00f3ster personalizado - Revellia\",\"isPartOf\":{\"@id\":\"https:\/\/www.revellia.com\/es\/#website\"},\"datePublished\":\"2025-06-25T17:06:44+00:00\",\"dateModified\":\"2025-06-25T17:06:45+00:00\",\"breadcrumb\":{\"@id\":\"https:\/\/www.revellia.com\/es\/producto\/poster-personalizado\/#breadcrumb\"},\"inLanguage\":\"es\",\"potentialAction\":[{\"@type\":\"ReadAction\",\"target\":[\"https:\/\/www.revellia.com\/es\/producto\/poster-personalizado\/\"]}]},{\"@type\":\"BreadcrumbList\",\"@id\":\"https:\/\/www.revellia.com\/es\/producto\/poster-personalizado\/#breadcrumb\",\"itemListElement\":[{\"@type\":\"ListItem\",\"position\":1,\"name\":\"Home\",\"item\":\"https:\/\/www.revellia.com\/es\/\"},{\"@type\":\"ListItem\",\"position\":2,\"name\":\"Tienda\",\"item\":\"https:\/\/www.revellia.com\/es\/shop\/\"},{\"@type\":\"ListItem\",\"position\":3,\"name\":\"P\u00f3ster personalizado\"}]},{\"@type\":\"WebSite\",\"@id\":\"https:\/\/www.revellia.com\/es\/#website\",\"url\":\"https:\/\/www.revellia.com\/es\/\",\"name\":\"Revellia\",\"description\":\"Personalized original posters\",\"publisher\":{\"@id\":\"https:\/\/www.revellia.com\/es\/#organization\"},\"potentialAction\":[{\"@type\":\"SearchAction\",\"target\":{\"@type\":\"EntryPoint\",\"urlTemplate\":\"https:\/\/www.revellia.com\/es\/?s={search_term_string}\"},\"query-input\":\"required name=search_term_string\"}],\"inLanguage\":\"es\"},{\"@type\":\"Organization\",\"@id\":\"https:\/\/www.revellia.com\/es\/#organization\",\"name\":\"Revellia\",\"url\":\"https:\/\/www.revellia.com\/es\/\",\"logo\":{\"@type\":\"ImageObject\",\"inLanguage\":\"es\",\"@id\":\"https:\/\/www.revellia.com\/es\/#\/schema\/logo\/image\/\",\"url\":\"https:\/\/www.revellia.com\/wp-content\/uploads\/2021\/02\/logo.png\",\"contentUrl\":\"https:\/\/www.revellia.com\/wp-content\/uploads\/2021\/02\/logo.png\",\"width\":437,\"height\":128,\"caption\":\"Revellia\"},\"image\":{\"@id\":\"https:\/\/www.revellia.com\/es\/#\/schema\/logo\/image\/\"}}]}<\/script>\n<!-- \/ Yoast SEO plugin. -->","yoast_head_json":{"title":"P\u00f3ster personalizado - Revellia","robots":{"index":"noindex","follow":"nofollow"},"og_locale":"es_ES","og_type":"article","og_title":"P\u00f3ster personalizado - Revellia","og_description":"Un p\u00f3ster personalizado magn\u00edfico. Este producto est\u00e1 disponible como p\u00f3ster impreso o archivo digital. Marco no incluido. P\u00f3ster Dimensiones: 21 x 30 cm (8 x 12&#8243;), 30 x 40 cm (12 x 16&#8243;) o 50 x 70 cm (20 x 28&#8243;) Peso del papel: 200 g\/m\u00b2 Papel mate sin recubrimiento Archivo digital Formato: PDF\/PNG A4 [&hellip;]","og_url":"https:\/\/www.revellia.com\/es\/producto\/poster-personalizado\/","og_site_name":"Revellia","article_modified_time":"2025-06-25T17:06:45+00:00","twitter_card":"summary_large_image","twitter_misc":{"Tiempo de lectura":"1 minuto"},"schema":{"@context":"https:\/\/schema.org","@graph":[{"@type":"WebPage","@id":"https:\/\/www.revellia.com\/es\/producto\/poster-personalizado\/","url":"https:\/\/www.revellia.com\/es\/producto\/poster-personalizado\/","name":"P\u00f3ster personalizado - Revellia","isPartOf":{"@id":"https:\/\/www.revellia.com\/es\/#website"},"datePublished":"2025-06-25T17:06:44+00:00","dateModified":"2025-06-25T17:06:45+00:00","breadcrumb":{"@id":"https:\/\/www.revellia.com\/es\/producto\/poster-personalizado\/#breadcrumb"},"inLanguage":"es","potentialAction":[{"@type":"ReadAction","target":["https:\/\/www.revellia.com\/es\/producto\/poster-personalizado\/"]}]},{"@type":"BreadcrumbList","@id":"https:\/\/www.revellia.com\/es\/producto\/poster-personalizado\/#breadcrumb","itemListElement":[{"@type":"ListItem","position":1,"name":"Home","item":"https:\/\/www.revellia.com\/es\/"},{"@type":"ListItem","position":2,"name":"Tienda","item":"https:\/\/www.revellia.com\/es\/shop\/"},{"@type":"ListItem","position":3,"name":"P\u00f3ster personalizado"}]},{"@type":"WebSite","@id":"https:\/\/www.revellia.com\/es\/#website","url":"https:\/\/www.revellia.com\/es\/","name":"Revellia","description":"Personalized original posters","publisher":{"@id":"https:\/\/www.revellia.com\/es\/#organization"},"potentialAction":[{"@type":"SearchAction","target":{"@type":"EntryPoint","urlTemplate":"https:\/\/www.revellia.com\/es\/?s={search_term_string}"},"query-input":"required name=search_term_string"}],"inLanguage":"es"},{"@type":"Organization","@id":"https:\/\/www.revellia.com\/es\/#organization","name":"Revellia","url":"https:\/\/www.revellia.com\/es\/","logo":{"@type":"ImageObject","inLanguage":"es","@id":"https:\/\/www.revellia.com\/es\/#\/schema\/logo\/image\/","url":"https:\/\/www.revellia.com\/wp-content\/uploads\/2021\/02\/logo.png","contentUrl":"https:\/\/www.revellia.com\/wp-content\/uploads\/2021\/02\/logo.png","width":437,"height":128,"caption":"Revellia"},"image":{"@id":"https:\/\/www.revellia.com\/es\/#\/schema\/logo\/image\/"}}]}},"_links":{"self":[{"href":"https:\/\/www.revellia.com\/es\/wp-json\/wp\/v2\/product\/9225"}],"collection":[{"href":"https:\/\/www.revellia.com\/es\/wp-json\/wp\/v2\/product"}],"about":[{"href":"https:\/\/www.revellia.com\/es\/wp-json\/wp\/v2\/types\/product"}],"wp:attachment":[{"href":"https:\/\/www.revellia.com\/es\/wp-json\/wp\/v2\/media?parent=9225"}],"wp:term":[{"taxonomy":"product_cat","embeddable":true,"href":"https:\/\/www.revellia.com\/es\/wp-json\/wp\/v2\/product_cat?post=9225"},{"taxonomy":"product_tag","embeddable":true,"href":"https:\/\/www.revellia.com\/es\/wp-json\/wp\/v2\/product_tag?post=9225"}],"curies":[{"name":"wp","href":"https:\/\/api.w.org\/{rel}","templated":true}]}}