{"id":5290,"date":"2024-08-08T15:43:54","date_gmt":"2024-08-08T15:43:54","guid":{"rendered":"https:\/\/www.revellia.com\/?post_type=product&#038;p=5290"},"modified":"2024-11-08T17:50:28","modified_gmt":"2024-11-08T17:50:28","slug":"poster-de-signos-del-zodiaco","status":"publish","type":"product","link":"https:\/\/www.revellia.com\/es\/producto\/poster-de-signos-del-zodiaco\/","title":{"rendered":"P\u00f3ster de signos del zodiaco"},"content":{"rendered":"<p>Un magn\u00edfico p\u00f3ster art\u00edstico que resalta las caracter\u00edsticas astrol\u00f3gicas de tu signo, perfecto para a\u00f1adir un toque personal a tu espacio.<\/p>\n<p>Este producto est\u00e1 disponible como un p\u00f3ster o un archivo digital.<\/p>\n<p>Marco no incluido.<\/p>\n<p>P\u00f3ster<\/p>\n<p>&#8211; Dimensiones: 21 x 30 cm, 30 x 40 cm o 50 x 70 cm<br \/>\n&#8211; Peso del papel: 200 g\/m\u00b2<br \/>\n&#8211; Papel mate sin revestimiento<\/p>\n<p>Archivo digital<\/p>\n<p>&#8211; Formato: PDF\/PNG A4<br \/>\n&#8211; Resoluci\u00f3n: 4200 x 6000 px<\/p>\n","protected":false},"excerpt":{"rendered":"<p>Un magn\u00edfico p\u00f3ster art\u00edstico que resalta las caracter\u00edsticas astrol\u00f3gicas de tu signo, perfecto para a\u00f1adir un toque personal a tu espacio. Este producto est\u00e1 disponible como un p\u00f3ster o un archivo digital. Marco no incluido. P\u00f3ster &#8211; Dimensiones: 21 x 30 cm, 30 x 40 cm o 50 x 70 cm &#8211; Peso del papel: [&hellip;]<\/p>\n","protected":false},"featured_media":5250,"template":"","meta":{"powered_cache_disable_cache":false},"product_cat":[42],"product_tag":[],"yoast_head":"<!-- This site is optimized with the Yoast SEO plugin v21.4 - https:\/\/yoast.com\/wordpress\/plugins\/seo\/ -->\n<title>P\u00f3ster de signos del zodiaco - Revellia<\/title>\n<meta name=\"description\" content=\"Cree su p\u00f3ster de signos del zodiaco personalizado. Dise\u00f1os \u00fanicos que destacan su signo, impresos en papel de alta calidad.\" \/>\n<meta name=\"robots\" content=\"noindex, nofollow\" \/>\n<meta property=\"og:locale\" content=\"es_ES\" \/>\n<meta property=\"og:type\" content=\"article\" \/>\n<meta property=\"og:title\" content=\"P\u00f3ster de signos del zodiaco - Revellia\" \/>\n<meta property=\"og:description\" content=\"Cree su p\u00f3ster de signos del zodiaco personalizado. Dise\u00f1os \u00fanicos que destacan su signo, impresos en papel de alta calidad.\" \/>\n<meta property=\"og:url\" content=\"https:\/\/www.revellia.com\/es\/producto\/poster-de-signos-del-zodiaco\/\" \/>\n<meta property=\"og:site_name\" content=\"Revellia\" \/>\n<meta property=\"article:modified_time\" content=\"2024-11-08T17:50:28+00:00\" \/>\n<meta property=\"og:image\" content=\"https:\/\/www.revellia.com\/wp-content\/uploads\/2024\/08\/astro-en.jpg\" \/>\n\t<meta property=\"og:image:width\" content=\"1301\" \/>\n\t<meta property=\"og:image:height\" content=\"868\" \/>\n\t<meta property=\"og:image:type\" content=\"image\/jpeg\" \/>\n<meta name=\"twitter:card\" content=\"summary_large_image\" \/>\n<meta name=\"twitter:label1\" content=\"Tiempo de lectura\" \/>\n\t<meta name=\"twitter:data1\" content=\"1 minuto\" \/>\n<script type=\"application\/ld+json\" class=\"yoast-schema-graph\">{\"@context\":\"https:\/\/schema.org\",\"@graph\":[{\"@type\":\"WebPage\",\"@id\":\"https:\/\/www.revellia.com\/es\/producto\/poster-de-signos-del-zodiaco\/\",\"url\":\"https:\/\/www.revellia.com\/es\/producto\/poster-de-signos-del-zodiaco\/\",\"name\":\"P\u00f3ster de signos del zodiaco - Revellia\",\"isPartOf\":{\"@id\":\"https:\/\/www.revellia.com\/es\/#website\"},\"datePublished\":\"2024-08-08T15:43:54+00:00\",\"dateModified\":\"2024-11-08T17:50:28+00:00\",\"description\":\"Cree su p\u00f3ster de signos del zodiaco personalizado. Dise\u00f1os \u00fanicos que destacan su signo, impresos en papel de alta calidad.\",\"breadcrumb\":{\"@id\":\"https:\/\/www.revellia.com\/es\/producto\/poster-de-signos-del-zodiaco\/#breadcrumb\"},\"inLanguage\":\"es\",\"potentialAction\":[{\"@type\":\"ReadAction\",\"target\":[\"https:\/\/www.revellia.com\/es\/producto\/poster-de-signos-del-zodiaco\/\"]}]},{\"@type\":\"BreadcrumbList\",\"@id\":\"https:\/\/www.revellia.com\/es\/producto\/poster-de-signos-del-zodiaco\/#breadcrumb\",\"itemListElement\":[{\"@type\":\"ListItem\",\"position\":1,\"name\":\"Home\",\"item\":\"https:\/\/www.revellia.com\/es\/\"},{\"@type\":\"ListItem\",\"position\":2,\"name\":\"Tienda\",\"item\":\"https:\/\/www.revellia.com\/es\/shop\/\"},{\"@type\":\"ListItem\",\"position\":3,\"name\":\"P\u00f3ster de signos del zodiaco\"}]},{\"@type\":\"WebSite\",\"@id\":\"https:\/\/www.revellia.com\/es\/#website\",\"url\":\"https:\/\/www.revellia.com\/es\/\",\"name\":\"Revellia\",\"description\":\"Personalized original posters\",\"publisher\":{\"@id\":\"https:\/\/www.revellia.com\/es\/#organization\"},\"potentialAction\":[{\"@type\":\"SearchAction\",\"target\":{\"@type\":\"EntryPoint\",\"urlTemplate\":\"https:\/\/www.revellia.com\/es\/?s={search_term_string}\"},\"query-input\":\"required name=search_term_string\"}],\"inLanguage\":\"es\"},{\"@type\":\"Organization\",\"@id\":\"https:\/\/www.revellia.com\/es\/#organization\",\"name\":\"Revellia\",\"url\":\"https:\/\/www.revellia.com\/es\/\",\"logo\":{\"@type\":\"ImageObject\",\"inLanguage\":\"es\",\"@id\":\"https:\/\/www.revellia.com\/es\/#\/schema\/logo\/image\/\",\"url\":\"https:\/\/www.revellia.com\/wp-content\/uploads\/2021\/02\/logo.png\",\"contentUrl\":\"https:\/\/www.revellia.com\/wp-content\/uploads\/2021\/02\/logo.png\",\"width\":437,\"height\":128,\"caption\":\"Revellia\"},\"image\":{\"@id\":\"https:\/\/www.revellia.com\/es\/#\/schema\/logo\/image\/\"}}]}<\/script>\n<!-- \/ Yoast SEO plugin. -->","yoast_head_json":{"title":"P\u00f3ster de signos del zodiaco - Revellia","description":"Cree su p\u00f3ster de signos del zodiaco personalizado. Dise\u00f1os \u00fanicos que destacan su signo, impresos en papel de alta calidad.","robots":{"index":"noindex","follow":"nofollow"},"og_locale":"es_ES","og_type":"article","og_title":"P\u00f3ster de signos del zodiaco - Revellia","og_description":"Cree su p\u00f3ster de signos del zodiaco personalizado. Dise\u00f1os \u00fanicos que destacan su signo, impresos en papel de alta calidad.","og_url":"https:\/\/www.revellia.com\/es\/producto\/poster-de-signos-del-zodiaco\/","og_site_name":"Revellia","article_modified_time":"2024-11-08T17:50:28+00:00","og_image":[{"width":1301,"height":868,"url":"https:\/\/www.revellia.com\/wp-content\/uploads\/2024\/08\/astro-en.jpg","type":"image\/jpeg"}],"twitter_card":"summary_large_image","twitter_misc":{"Tiempo de lectura":"1 minuto"},"schema":{"@context":"https:\/\/schema.org","@graph":[{"@type":"WebPage","@id":"https:\/\/www.revellia.com\/es\/producto\/poster-de-signos-del-zodiaco\/","url":"https:\/\/www.revellia.com\/es\/producto\/poster-de-signos-del-zodiaco\/","name":"P\u00f3ster de signos del zodiaco - Revellia","isPartOf":{"@id":"https:\/\/www.revellia.com\/es\/#website"},"datePublished":"2024-08-08T15:43:54+00:00","dateModified":"2024-11-08T17:50:28+00:00","description":"Cree su p\u00f3ster de signos del zodiaco personalizado. Dise\u00f1os \u00fanicos que destacan su signo, impresos en papel de alta calidad.","breadcrumb":{"@id":"https:\/\/www.revellia.com\/es\/producto\/poster-de-signos-del-zodiaco\/#breadcrumb"},"inLanguage":"es","potentialAction":[{"@type":"ReadAction","target":["https:\/\/www.revellia.com\/es\/producto\/poster-de-signos-del-zodiaco\/"]}]},{"@type":"BreadcrumbList","@id":"https:\/\/www.revellia.com\/es\/producto\/poster-de-signos-del-zodiaco\/#breadcrumb","itemListElement":[{"@type":"ListItem","position":1,"name":"Home","item":"https:\/\/www.revellia.com\/es\/"},{"@type":"ListItem","position":2,"name":"Tienda","item":"https:\/\/www.revellia.com\/es\/shop\/"},{"@type":"ListItem","position":3,"name":"P\u00f3ster de signos del zodiaco"}]},{"@type":"WebSite","@id":"https:\/\/www.revellia.com\/es\/#website","url":"https:\/\/www.revellia.com\/es\/","name":"Revellia","description":"Personalized original posters","publisher":{"@id":"https:\/\/www.revellia.com\/es\/#organization"},"potentialAction":[{"@type":"SearchAction","target":{"@type":"EntryPoint","urlTemplate":"https:\/\/www.revellia.com\/es\/?s={search_term_string}"},"query-input":"required name=search_term_string"}],"inLanguage":"es"},{"@type":"Organization","@id":"https:\/\/www.revellia.com\/es\/#organization","name":"Revellia","url":"https:\/\/www.revellia.com\/es\/","logo":{"@type":"ImageObject","inLanguage":"es","@id":"https:\/\/www.revellia.com\/es\/#\/schema\/logo\/image\/","url":"https:\/\/www.revellia.com\/wp-content\/uploads\/2021\/02\/logo.png","contentUrl":"https:\/\/www.revellia.com\/wp-content\/uploads\/2021\/02\/logo.png","width":437,"height":128,"caption":"Revellia"},"image":{"@id":"https:\/\/www.revellia.com\/es\/#\/schema\/logo\/image\/"}}]}},"_links":{"self":[{"href":"https:\/\/www.revellia.com\/es\/wp-json\/wp\/v2\/product\/5290"}],"collection":[{"href":"https:\/\/www.revellia.com\/es\/wp-json\/wp\/v2\/product"}],"about":[{"href":"https:\/\/www.revellia.com\/es\/wp-json\/wp\/v2\/types\/product"}],"wp:featuredmedia":[{"embeddable":true,"href":"https:\/\/www.revellia.com\/es\/wp-json\/wp\/v2\/media\/5250"}],"wp:attachment":[{"href":"https:\/\/www.revellia.com\/es\/wp-json\/wp\/v2\/media?parent=5290"}],"wp:term":[{"taxonomy":"product_cat","embeddable":true,"href":"https:\/\/www.revellia.com\/es\/wp-json\/wp\/v2\/product_cat?post=5290"},{"taxonomy":"product_tag","embeddable":true,"href":"https:\/\/www.revellia.com\/es\/wp-json\/wp\/v2\/product_tag?post=5290"}],"curies":[{"name":"wp","href":"https:\/\/api.w.org\/{rel}","templated":true}]}}