{"id":1390,"date":"2023-05-09T16:36:11","date_gmt":"2023-05-09T16:36:11","guid":{"rendered":"https:\/\/www.revellia.com\/?post_type=product&#038;p=1390"},"modified":"2023-05-09T16:37:46","modified_gmt":"2023-05-09T16:37:46","slug":"poster-de-la-luna-de-nacimiento","status":"publish","type":"product","link":"https:\/\/www.revellia.com\/es\/producto\/poster-de-la-luna-de-nacimiento\/","title":{"rendered":"P\u00f3ster de la luna de nacimiento"},"content":{"rendered":"<p>Un magn\u00edfico p\u00f3ster que muestra la fase lunar como se podr\u00eda ver desde un lugar y una hora espec\u00edficos.<\/p>\n<p>Este producto est\u00e1 disponible como un p\u00f3ster o un archivo digital.<\/p>\n<p>Marco no incluido.<\/p>\n<p>P\u00f3ster<\/p>\n<p>&#8211; Dimensiones: 21 x 30 cm, 30 x 40 cm o 50 x 70 cm<br \/>\n&#8211; Peso del papel: 200 g\/m\u00b2<br \/>\n&#8211; Papel mate sin revestimiento<\/p>\n<p>Archivo digital<\/p>\n<p>&#8211; Formato: PDF\/PNG A4<br \/>\n&#8211; Resoluci\u00f3n: 4200 x 6000 px<\/p>\n","protected":false},"excerpt":{"rendered":"<p>Un magn\u00edfico p\u00f3ster que muestra la fase lunar como se podr\u00eda ver desde un lugar y una hora espec\u00edficos. Este producto est\u00e1 disponible como un p\u00f3ster o un archivo digital. Marco no incluido. P\u00f3ster &#8211; Dimensiones: 21 x 30 cm, 30 x 40 cm o 50 x 70 cm &#8211; Peso del papel: 200 g\/m\u00b2 [&hellip;]<\/p>\n","protected":false},"featured_media":465,"template":"","meta":{"powered_cache_disable_cache":false},"product_cat":[42],"product_tag":[],"yoast_head":"<!-- This site is optimized with the Yoast SEO plugin v21.4 - https:\/\/yoast.com\/wordpress\/plugins\/seo\/ -->\n<title>P\u00f3ster de la luna de nacimiento - Revellia<\/title>\n<meta name=\"robots\" content=\"noindex, nofollow\" \/>\n<meta property=\"og:locale\" content=\"es_ES\" \/>\n<meta property=\"og:type\" content=\"article\" \/>\n<meta property=\"og:title\" content=\"P\u00f3ster de la luna de nacimiento - Revellia\" \/>\n<meta property=\"og:description\" content=\"Un magn\u00edfico p\u00f3ster que muestra la fase lunar como se podr\u00eda ver desde un lugar y una hora espec\u00edficos. Este producto est\u00e1 disponible como un p\u00f3ster o un archivo digital. Marco no incluido. P\u00f3ster &#8211; Dimensiones: 21 x 30 cm, 30 x 40 cm o 50 x 70 cm &#8211; Peso del papel: 200 g\/m\u00b2 [&hellip;]\" \/>\n<meta property=\"og:url\" content=\"https:\/\/www.revellia.com\/es\/producto\/poster-de-la-luna-de-nacimiento\/\" \/>\n<meta property=\"og:site_name\" content=\"Revellia\" \/>\n<meta property=\"article:modified_time\" content=\"2023-05-09T16:37:46+00:00\" \/>\n<meta property=\"og:image\" content=\"https:\/\/www.revellia.com\/wp-content\/uploads\/2022\/08\/moon-phases-poster.jpg\" \/>\n\t<meta property=\"og:image:width\" content=\"1488\" \/>\n\t<meta property=\"og:image:height\" content=\"1681\" \/>\n\t<meta property=\"og:image:type\" content=\"image\/jpeg\" \/>\n<meta name=\"twitter:card\" content=\"summary_large_image\" \/>\n<meta name=\"twitter:label1\" content=\"Tiempo de lectura\" \/>\n\t<meta name=\"twitter:data1\" content=\"1 minuto\" \/>\n<script type=\"application\/ld+json\" class=\"yoast-schema-graph\">{\"@context\":\"https:\/\/schema.org\",\"@graph\":[{\"@type\":\"WebPage\",\"@id\":\"https:\/\/www.revellia.com\/es\/producto\/poster-de-la-luna-de-nacimiento\/\",\"url\":\"https:\/\/www.revellia.com\/es\/producto\/poster-de-la-luna-de-nacimiento\/\",\"name\":\"P\u00f3ster de la luna de nacimiento - Revellia\",\"isPartOf\":{\"@id\":\"https:\/\/www.revellia.com\/es\/#website\"},\"datePublished\":\"2023-05-09T16:36:11+00:00\",\"dateModified\":\"2023-05-09T16:37:46+00:00\",\"breadcrumb\":{\"@id\":\"https:\/\/www.revellia.com\/es\/producto\/poster-de-la-luna-de-nacimiento\/#breadcrumb\"},\"inLanguage\":\"es\",\"potentialAction\":[{\"@type\":\"ReadAction\",\"target\":[\"https:\/\/www.revellia.com\/es\/producto\/poster-de-la-luna-de-nacimiento\/\"]}]},{\"@type\":\"BreadcrumbList\",\"@id\":\"https:\/\/www.revellia.com\/es\/producto\/poster-de-la-luna-de-nacimiento\/#breadcrumb\",\"itemListElement\":[{\"@type\":\"ListItem\",\"position\":1,\"name\":\"Home\",\"item\":\"https:\/\/www.revellia.com\/es\/\"},{\"@type\":\"ListItem\",\"position\":2,\"name\":\"Tienda\",\"item\":\"https:\/\/www.revellia.com\/es\/shop\/\"},{\"@type\":\"ListItem\",\"position\":3,\"name\":\"P\u00f3ster de la luna de nacimiento\"}]},{\"@type\":\"WebSite\",\"@id\":\"https:\/\/www.revellia.com\/es\/#website\",\"url\":\"https:\/\/www.revellia.com\/es\/\",\"name\":\"Revellia\",\"description\":\"Personalized original posters\",\"publisher\":{\"@id\":\"https:\/\/www.revellia.com\/es\/#organization\"},\"potentialAction\":[{\"@type\":\"SearchAction\",\"target\":{\"@type\":\"EntryPoint\",\"urlTemplate\":\"https:\/\/www.revellia.com\/es\/?s={search_term_string}\"},\"query-input\":\"required name=search_term_string\"}],\"inLanguage\":\"es\"},{\"@type\":\"Organization\",\"@id\":\"https:\/\/www.revellia.com\/es\/#organization\",\"name\":\"Revellia\",\"url\":\"https:\/\/www.revellia.com\/es\/\",\"logo\":{\"@type\":\"ImageObject\",\"inLanguage\":\"es\",\"@id\":\"https:\/\/www.revellia.com\/es\/#\/schema\/logo\/image\/\",\"url\":\"https:\/\/www.revellia.com\/wp-content\/uploads\/2021\/02\/logo.png\",\"contentUrl\":\"https:\/\/www.revellia.com\/wp-content\/uploads\/2021\/02\/logo.png\",\"width\":437,\"height\":128,\"caption\":\"Revellia\"},\"image\":{\"@id\":\"https:\/\/www.revellia.com\/es\/#\/schema\/logo\/image\/\"}}]}<\/script>\n<!-- \/ Yoast SEO plugin. -->","yoast_head_json":{"title":"P\u00f3ster de la luna de nacimiento - Revellia","robots":{"index":"noindex","follow":"nofollow"},"og_locale":"es_ES","og_type":"article","og_title":"P\u00f3ster de la luna de nacimiento - Revellia","og_description":"Un magn\u00edfico p\u00f3ster que muestra la fase lunar como se podr\u00eda ver desde un lugar y una hora espec\u00edficos. Este producto est\u00e1 disponible como un p\u00f3ster o un archivo digital. Marco no incluido. P\u00f3ster &#8211; Dimensiones: 21 x 30 cm, 30 x 40 cm o 50 x 70 cm &#8211; Peso del papel: 200 g\/m\u00b2 [&hellip;]","og_url":"https:\/\/www.revellia.com\/es\/producto\/poster-de-la-luna-de-nacimiento\/","og_site_name":"Revellia","article_modified_time":"2023-05-09T16:37:46+00:00","og_image":[{"width":1488,"height":1681,"url":"https:\/\/www.revellia.com\/wp-content\/uploads\/2022\/08\/moon-phases-poster.jpg","type":"image\/jpeg"}],"twitter_card":"summary_large_image","twitter_misc":{"Tiempo de lectura":"1 minuto"},"schema":{"@context":"https:\/\/schema.org","@graph":[{"@type":"WebPage","@id":"https:\/\/www.revellia.com\/es\/producto\/poster-de-la-luna-de-nacimiento\/","url":"https:\/\/www.revellia.com\/es\/producto\/poster-de-la-luna-de-nacimiento\/","name":"P\u00f3ster de la luna de nacimiento - Revellia","isPartOf":{"@id":"https:\/\/www.revellia.com\/es\/#website"},"datePublished":"2023-05-09T16:36:11+00:00","dateModified":"2023-05-09T16:37:46+00:00","breadcrumb":{"@id":"https:\/\/www.revellia.com\/es\/producto\/poster-de-la-luna-de-nacimiento\/#breadcrumb"},"inLanguage":"es","potentialAction":[{"@type":"ReadAction","target":["https:\/\/www.revellia.com\/es\/producto\/poster-de-la-luna-de-nacimiento\/"]}]},{"@type":"BreadcrumbList","@id":"https:\/\/www.revellia.com\/es\/producto\/poster-de-la-luna-de-nacimiento\/#breadcrumb","itemListElement":[{"@type":"ListItem","position":1,"name":"Home","item":"https:\/\/www.revellia.com\/es\/"},{"@type":"ListItem","position":2,"name":"Tienda","item":"https:\/\/www.revellia.com\/es\/shop\/"},{"@type":"ListItem","position":3,"name":"P\u00f3ster de la luna de nacimiento"}]},{"@type":"WebSite","@id":"https:\/\/www.revellia.com\/es\/#website","url":"https:\/\/www.revellia.com\/es\/","name":"Revellia","description":"Personalized original posters","publisher":{"@id":"https:\/\/www.revellia.com\/es\/#organization"},"potentialAction":[{"@type":"SearchAction","target":{"@type":"EntryPoint","urlTemplate":"https:\/\/www.revellia.com\/es\/?s={search_term_string}"},"query-input":"required name=search_term_string"}],"inLanguage":"es"},{"@type":"Organization","@id":"https:\/\/www.revellia.com\/es\/#organization","name":"Revellia","url":"https:\/\/www.revellia.com\/es\/","logo":{"@type":"ImageObject","inLanguage":"es","@id":"https:\/\/www.revellia.com\/es\/#\/schema\/logo\/image\/","url":"https:\/\/www.revellia.com\/wp-content\/uploads\/2021\/02\/logo.png","contentUrl":"https:\/\/www.revellia.com\/wp-content\/uploads\/2021\/02\/logo.png","width":437,"height":128,"caption":"Revellia"},"image":{"@id":"https:\/\/www.revellia.com\/es\/#\/schema\/logo\/image\/"}}]}},"_links":{"self":[{"href":"https:\/\/www.revellia.com\/es\/wp-json\/wp\/v2\/product\/1390"}],"collection":[{"href":"https:\/\/www.revellia.com\/es\/wp-json\/wp\/v2\/product"}],"about":[{"href":"https:\/\/www.revellia.com\/es\/wp-json\/wp\/v2\/types\/product"}],"wp:featuredmedia":[{"embeddable":true,"href":"https:\/\/www.revellia.com\/es\/wp-json\/wp\/v2\/media\/465"}],"wp:attachment":[{"href":"https:\/\/www.revellia.com\/es\/wp-json\/wp\/v2\/media?parent=1390"}],"wp:term":[{"taxonomy":"product_cat","embeddable":true,"href":"https:\/\/www.revellia.com\/es\/wp-json\/wp\/v2\/product_cat?post=1390"},{"taxonomy":"product_tag","embeddable":true,"href":"https:\/\/www.revellia.com\/es\/wp-json\/wp\/v2\/product_tag?post=1390"}],"curies":[{"name":"wp","href":"https:\/\/api.w.org\/{rel}","templated":true}]}}