{"id":5273,"date":"2024-08-08T15:27:49","date_gmt":"2024-08-08T15:27:49","guid":{"rendered":"https:\/\/www.revellia.com\/?post_type=product&#038;p=5273"},"modified":"2024-08-08T15:30:29","modified_gmt":"2024-08-08T15:30:29","slug":"sternzeichen-poster","status":"publish","type":"product","link":"https:\/\/www.revellia.com\/de\/produkt\/sternzeichen-poster\/","title":{"rendered":"Sternzeichen Poster"},"content":{"rendered":"<div class=\"flex-shrink-0 flex flex-col relative items-end\">\n<div>\n<div class=\"pt-0\">\n<div class=\"gizmo-bot-avatar flex h-8 w-8 items-center justify-center overflow-hidden rounded-full\">\n<div class=\"relative p-1 rounded-sm flex items-center justify-center bg-token-main-surface-primary text-token-text-primary h-8 w-8\">Ein wundersch\u00f6nes, k\u00fcnstlerisches Poster, das die astrologischen Merkmale Ihres Sternzeichens hervorhebt, perfekt, um Ihrem Raum eine pers\u00f6nliche Note zu verleihen.<\/div>\n<\/div>\n<\/div>\n<\/div>\n<\/div>\n<p>Dieses Produkt ist als Poster oder elektronische Datei erh\u00e4ltlich.<\/p>\n<p>Rahmen nicht enthalten.<\/p>\n<p>Poster<\/p>\n<p>&#8211; Abmessungen: 21 x 30 cm, 30 x 40 cm oder 50 x 70 cm<br \/>\n&#8211; Papiergewicht: 200 g\/m\u00b2<br \/>\n&#8211; Oberfl\u00e4che: Matt, unbeschichtet<\/p>\n<p>Elektronische Datei<\/p>\n<p>&#8211; Format: PDF\/PNG A4<br \/>\n&#8211; Aufl\u00f6sung: 4200 x 6000 px<\/p>\n","protected":false},"excerpt":{"rendered":"<p>Ein wundersch\u00f6nes, k\u00fcnstlerisches Poster, das die astrologischen Merkmale Ihres Sternzeichens hervorhebt, perfekt, um Ihrem Raum eine pers\u00f6nliche Note zu verleihen. Dieses Produkt ist als Poster oder elektronische Datei erh\u00e4ltlich. Rahmen nicht enthalten. Poster &#8211; Abmessungen: 21 x 30 cm, 30 x 40 cm oder 50 x 70 cm &#8211; Papiergewicht: 200 g\/m\u00b2 &#8211; Oberfl\u00e4che: Matt, [&hellip;]<\/p>\n","protected":false},"featured_media":5247,"template":"","meta":{"powered_cache_disable_cache":false},"product_cat":[41],"product_tag":[],"class_list":["post-5273","product","type-product","status-publish","has-post-thumbnail","hentry","product_cat-poster"],"yoast_head":"<!-- This site is optimized with the Yoast SEO plugin v21.4 - https:\/\/yoast.com\/wordpress\/plugins\/seo\/ -->\n<title>Sternzeichen Poster - Revellia<\/title>\n<meta name=\"description\" content=\"Gestalten Sie Ihr Sternzeichen Poster mit hochwertigen, k\u00fcnstlerischen Designs, die Ihre astrologischen Merkmale hervorheben.\" \/>\n<meta name=\"robots\" content=\"noindex, nofollow\" \/>\n<meta property=\"og:locale\" content=\"de_DE\" \/>\n<meta property=\"og:type\" content=\"article\" \/>\n<meta property=\"og:title\" content=\"Sternzeichen Poster - Revellia\" \/>\n<meta property=\"og:description\" content=\"Gestalten Sie Ihr Sternzeichen Poster mit hochwertigen, k\u00fcnstlerischen Designs, die Ihre astrologischen Merkmale hervorheben.\" \/>\n<meta property=\"og:url\" content=\"https:\/\/www.revellia.com\/de\/produkt\/sternzeichen-poster\/\" \/>\n<meta property=\"og:site_name\" content=\"Revellia\" \/>\n<meta property=\"article:modified_time\" content=\"2024-08-08T15:30:29+00:00\" \/>\n<meta property=\"og:image\" content=\"https:\/\/www.revellia.com\/wp-content\/uploads\/2024\/08\/astro-en.jpg\" \/>\n\t<meta property=\"og:image:width\" content=\"1301\" \/>\n\t<meta property=\"og:image:height\" content=\"868\" \/>\n\t<meta property=\"og:image:type\" content=\"image\/jpeg\" \/>\n<meta name=\"twitter:card\" content=\"summary_large_image\" \/>\n<meta name=\"twitter:label1\" content=\"Gesch\u00e4tzte Lesezeit\" \/>\n\t<meta name=\"twitter:data1\" content=\"1\u00a0Minute\" \/>\n<script type=\"application\/ld+json\" class=\"yoast-schema-graph\">{\"@context\":\"https:\/\/schema.org\",\"@graph\":[{\"@type\":\"WebPage\",\"@id\":\"https:\/\/www.revellia.com\/de\/produkt\/sternzeichen-poster\/\",\"url\":\"https:\/\/www.revellia.com\/de\/produkt\/sternzeichen-poster\/\",\"name\":\"Sternzeichen Poster - Revellia\",\"isPartOf\":{\"@id\":\"https:\/\/www.revellia.com\/de\/#website\"},\"datePublished\":\"2024-08-08T15:27:49+00:00\",\"dateModified\":\"2024-08-08T15:30:29+00:00\",\"description\":\"Gestalten Sie Ihr Sternzeichen Poster mit hochwertigen, k\u00fcnstlerischen Designs, die Ihre astrologischen Merkmale hervorheben.\",\"breadcrumb\":{\"@id\":\"https:\/\/www.revellia.com\/de\/produkt\/sternzeichen-poster\/#breadcrumb\"},\"inLanguage\":\"de\",\"potentialAction\":[{\"@type\":\"ReadAction\",\"target\":[\"https:\/\/www.revellia.com\/de\/produkt\/sternzeichen-poster\/\"]}]},{\"@type\":\"BreadcrumbList\",\"@id\":\"https:\/\/www.revellia.com\/de\/produkt\/sternzeichen-poster\/#breadcrumb\",\"itemListElement\":[{\"@type\":\"ListItem\",\"position\":1,\"name\":\"Home\",\"item\":\"https:\/\/www.revellia.com\/de\/\"},{\"@type\":\"ListItem\",\"position\":2,\"name\":\"Shop\",\"item\":\"https:\/\/www.revellia.com\/de\/shop\/\"},{\"@type\":\"ListItem\",\"position\":3,\"name\":\"Sternzeichen Poster\"}]},{\"@type\":\"WebSite\",\"@id\":\"https:\/\/www.revellia.com\/de\/#website\",\"url\":\"https:\/\/www.revellia.com\/de\/\",\"name\":\"Revellia\",\"description\":\"Personalized original posters\",\"publisher\":{\"@id\":\"https:\/\/www.revellia.com\/de\/#organization\"},\"potentialAction\":[{\"@type\":\"SearchAction\",\"target\":{\"@type\":\"EntryPoint\",\"urlTemplate\":\"https:\/\/www.revellia.com\/de\/?s={search_term_string}\"},\"query-input\":\"required name=search_term_string\"}],\"inLanguage\":\"de\"},{\"@type\":\"Organization\",\"@id\":\"https:\/\/www.revellia.com\/de\/#organization\",\"name\":\"Revellia\",\"url\":\"https:\/\/www.revellia.com\/de\/\",\"logo\":{\"@type\":\"ImageObject\",\"inLanguage\":\"de\",\"@id\":\"https:\/\/www.revellia.com\/de\/#\/schema\/logo\/image\/\",\"url\":\"https:\/\/www.revellia.com\/wp-content\/uploads\/2021\/02\/logo.png\",\"contentUrl\":\"https:\/\/www.revellia.com\/wp-content\/uploads\/2021\/02\/logo.png\",\"width\":437,\"height\":128,\"caption\":\"Revellia\"},\"image\":{\"@id\":\"https:\/\/www.revellia.com\/de\/#\/schema\/logo\/image\/\"}}]}<\/script>\n<!-- \/ Yoast SEO plugin. -->","yoast_head_json":{"title":"Sternzeichen Poster - Revellia","description":"Gestalten Sie Ihr Sternzeichen Poster mit hochwertigen, k\u00fcnstlerischen Designs, die Ihre astrologischen Merkmale hervorheben.","robots":{"index":"noindex","follow":"nofollow"},"og_locale":"de_DE","og_type":"article","og_title":"Sternzeichen Poster - Revellia","og_description":"Gestalten Sie Ihr Sternzeichen Poster mit hochwertigen, k\u00fcnstlerischen Designs, die Ihre astrologischen Merkmale hervorheben.","og_url":"https:\/\/www.revellia.com\/de\/produkt\/sternzeichen-poster\/","og_site_name":"Revellia","article_modified_time":"2024-08-08T15:30:29+00:00","og_image":[{"width":1301,"height":868,"url":"https:\/\/www.revellia.com\/wp-content\/uploads\/2024\/08\/astro-en.jpg","type":"image\/jpeg"}],"twitter_card":"summary_large_image","twitter_misc":{"Gesch\u00e4tzte Lesezeit":"1\u00a0Minute"},"schema":{"@context":"https:\/\/schema.org","@graph":[{"@type":"WebPage","@id":"https:\/\/www.revellia.com\/de\/produkt\/sternzeichen-poster\/","url":"https:\/\/www.revellia.com\/de\/produkt\/sternzeichen-poster\/","name":"Sternzeichen Poster - Revellia","isPartOf":{"@id":"https:\/\/www.revellia.com\/de\/#website"},"datePublished":"2024-08-08T15:27:49+00:00","dateModified":"2024-08-08T15:30:29+00:00","description":"Gestalten Sie Ihr Sternzeichen Poster mit hochwertigen, k\u00fcnstlerischen Designs, die Ihre astrologischen Merkmale hervorheben.","breadcrumb":{"@id":"https:\/\/www.revellia.com\/de\/produkt\/sternzeichen-poster\/#breadcrumb"},"inLanguage":"de","potentialAction":[{"@type":"ReadAction","target":["https:\/\/www.revellia.com\/de\/produkt\/sternzeichen-poster\/"]}]},{"@type":"BreadcrumbList","@id":"https:\/\/www.revellia.com\/de\/produkt\/sternzeichen-poster\/#breadcrumb","itemListElement":[{"@type":"ListItem","position":1,"name":"Home","item":"https:\/\/www.revellia.com\/de\/"},{"@type":"ListItem","position":2,"name":"Shop","item":"https:\/\/www.revellia.com\/de\/shop\/"},{"@type":"ListItem","position":3,"name":"Sternzeichen Poster"}]},{"@type":"WebSite","@id":"https:\/\/www.revellia.com\/de\/#website","url":"https:\/\/www.revellia.com\/de\/","name":"Revellia","description":"Personalized original posters","publisher":{"@id":"https:\/\/www.revellia.com\/de\/#organization"},"potentialAction":[{"@type":"SearchAction","target":{"@type":"EntryPoint","urlTemplate":"https:\/\/www.revellia.com\/de\/?s={search_term_string}"},"query-input":"required name=search_term_string"}],"inLanguage":"de"},{"@type":"Organization","@id":"https:\/\/www.revellia.com\/de\/#organization","name":"Revellia","url":"https:\/\/www.revellia.com\/de\/","logo":{"@type":"ImageObject","inLanguage":"de","@id":"https:\/\/www.revellia.com\/de\/#\/schema\/logo\/image\/","url":"https:\/\/www.revellia.com\/wp-content\/uploads\/2021\/02\/logo.png","contentUrl":"https:\/\/www.revellia.com\/wp-content\/uploads\/2021\/02\/logo.png","width":437,"height":128,"caption":"Revellia"},"image":{"@id":"https:\/\/www.revellia.com\/de\/#\/schema\/logo\/image\/"}}]}},"_links":{"self":[{"href":"https:\/\/www.revellia.com\/de\/wp-json\/wp\/v2\/product\/5273","targetHints":{"allow":["GET"]}}],"collection":[{"href":"https:\/\/www.revellia.com\/de\/wp-json\/wp\/v2\/product"}],"about":[{"href":"https:\/\/www.revellia.com\/de\/wp-json\/wp\/v2\/types\/product"}],"wp:featuredmedia":[{"embeddable":true,"href":"https:\/\/www.revellia.com\/de\/wp-json\/wp\/v2\/media\/5247"}],"wp:attachment":[{"href":"https:\/\/www.revellia.com\/de\/wp-json\/wp\/v2\/media?parent=5273"}],"wp:term":[{"taxonomy":"product_cat","embeddable":true,"href":"https:\/\/www.revellia.com\/de\/wp-json\/wp\/v2\/product_cat?post=5273"},{"taxonomy":"product_tag","embeddable":true,"href":"https:\/\/www.revellia.com\/de\/wp-json\/wp\/v2\/product_tag?post=5273"}],"curies":[{"name":"wp","href":"https:\/\/api.w.org\/{rel}","templated":true}]}}