{"id":1485,"date":"2023-05-24T15:29:42","date_gmt":"2023-05-24T15:29:42","guid":{"rendered":"https:\/\/www.revellia.com\/?post_type=product&#038;p=1485"},"modified":"2023-05-24T16:15:30","modified_gmt":"2023-05-24T16:15:30","slug":"geburtsposter","status":"publish","type":"product","link":"https:\/\/www.revellia.com\/de\/produkt\/geburtsposter\/","title":{"rendered":"Geburtsposter"},"content":{"rendered":"<p>Ein wundersch\u00f6nes kunstvolles Poster, das die Geburtsdaten Ihres Kindes hervorhebt und eine gro\u00dfartige Dekorationsidee f\u00fcr das Babyzimmer darstellt.<\/p>\n<p>Dieses Produkt ist als Poster oder elektronische Datei erh\u00e4ltlich.<\/p>\n<p>Rahmen nicht enthalten.<\/p>\n<p>Poster<\/p>\n<p>&#8211; Abmessungen: 21 x 30 cm, 30 x 40 cm oder 50 x 70 cm<br \/>\n&#8211; Papiergewicht: 200 g\/m\u00b2<br \/>\n&#8211; Oberfl\u00e4che: Matt, unbeschichtet<\/p>\n<p>Elektronische Datei<\/p>\n<p>&#8211; Format: PDF\/PNG A4<br \/>\n&#8211; Aufl\u00f6sung: 4200 x 6000 px<\/p>\n","protected":false},"excerpt":{"rendered":"<p>Ein wundersch\u00f6nes kunstvolles Poster, das die Geburtsdaten Ihres Kindes hervorhebt und eine gro\u00dfartige Dekorationsidee f\u00fcr das Babyzimmer darstellt. Dieses Produkt ist als Poster oder elektronische Datei erh\u00e4ltlich. Rahmen nicht enthalten. Poster &#8211; Abmessungen: 21 x 30 cm, 30 x 40 cm oder 50 x 70 cm &#8211; Papiergewicht: 200 g\/m\u00b2 &#8211; Oberfl\u00e4che: Matt, unbeschichtet Elektronische [&hellip;]<\/p>\n","protected":false},"featured_media":1480,"template":"","meta":{"powered_cache_disable_cache":false},"product_cat":[41],"product_tag":[],"class_list":["post-1485","product","type-product","status-publish","has-post-thumbnail","hentry","product_cat-poster"],"yoast_head":"<!-- This site is optimized with the Yoast SEO plugin v21.4 - https:\/\/yoast.com\/wordpress\/plugins\/seo\/ -->\n<title>Geburtsposter - Revellia<\/title>\n<meta name=\"robots\" content=\"noindex, nofollow\" \/>\n<meta property=\"og:locale\" content=\"de_DE\" \/>\n<meta property=\"og:type\" content=\"article\" \/>\n<meta property=\"og:title\" content=\"Geburtsposter - Revellia\" \/>\n<meta property=\"og:description\" content=\"Ein wundersch\u00f6nes kunstvolles Poster, das die Geburtsdaten Ihres Kindes hervorhebt und eine gro\u00dfartige Dekorationsidee f\u00fcr das Babyzimmer darstellt. Dieses Produkt ist als Poster oder elektronische Datei erh\u00e4ltlich. Rahmen nicht enthalten. Poster &#8211; Abmessungen: 21 x 30 cm, 30 x 40 cm oder 50 x 70 cm &#8211; Papiergewicht: 200 g\/m\u00b2 &#8211; Oberfl\u00e4che: Matt, unbeschichtet Elektronische [&hellip;]\" \/>\n<meta property=\"og:url\" content=\"https:\/\/www.revellia.com\/de\/produkt\/geburtsposter\/\" \/>\n<meta property=\"og:site_name\" content=\"Revellia\" \/>\n<meta property=\"article:modified_time\" content=\"2023-05-24T16:15:30+00:00\" \/>\n<meta property=\"og:image\" content=\"https:\/\/www.revellia.com\/wp-content\/uploads\/2023\/05\/birth-de.jpg\" \/>\n\t<meta property=\"og:image:width\" content=\"1301\" \/>\n\t<meta property=\"og:image:height\" content=\"868\" \/>\n\t<meta property=\"og:image:type\" content=\"image\/jpeg\" \/>\n<meta name=\"twitter:card\" content=\"summary_large_image\" \/>\n<meta name=\"twitter:label1\" content=\"Gesch\u00e4tzte Lesezeit\" \/>\n\t<meta name=\"twitter:data1\" content=\"1\u00a0Minute\" \/>\n<script type=\"application\/ld+json\" class=\"yoast-schema-graph\">{\"@context\":\"https:\/\/schema.org\",\"@graph\":[{\"@type\":\"WebPage\",\"@id\":\"https:\/\/www.revellia.com\/de\/produkt\/geburtsposter\/\",\"url\":\"https:\/\/www.revellia.com\/de\/produkt\/geburtsposter\/\",\"name\":\"Geburtsposter - Revellia\",\"isPartOf\":{\"@id\":\"https:\/\/www.revellia.com\/de\/#website\"},\"datePublished\":\"2023-05-24T15:29:42+00:00\",\"dateModified\":\"2023-05-24T16:15:30+00:00\",\"breadcrumb\":{\"@id\":\"https:\/\/www.revellia.com\/de\/produkt\/geburtsposter\/#breadcrumb\"},\"inLanguage\":\"de\",\"potentialAction\":[{\"@type\":\"ReadAction\",\"target\":[\"https:\/\/www.revellia.com\/de\/produkt\/geburtsposter\/\"]}]},{\"@type\":\"BreadcrumbList\",\"@id\":\"https:\/\/www.revellia.com\/de\/produkt\/geburtsposter\/#breadcrumb\",\"itemListElement\":[{\"@type\":\"ListItem\",\"position\":1,\"name\":\"Home\",\"item\":\"https:\/\/www.revellia.com\/de\/\"},{\"@type\":\"ListItem\",\"position\":2,\"name\":\"Shop\",\"item\":\"https:\/\/www.revellia.com\/de\/shop\/\"},{\"@type\":\"ListItem\",\"position\":3,\"name\":\"Geburtsposter\"}]},{\"@type\":\"WebSite\",\"@id\":\"https:\/\/www.revellia.com\/de\/#website\",\"url\":\"https:\/\/www.revellia.com\/de\/\",\"name\":\"Revellia\",\"description\":\"Personalized original posters\",\"publisher\":{\"@id\":\"https:\/\/www.revellia.com\/de\/#organization\"},\"potentialAction\":[{\"@type\":\"SearchAction\",\"target\":{\"@type\":\"EntryPoint\",\"urlTemplate\":\"https:\/\/www.revellia.com\/de\/?s={search_term_string}\"},\"query-input\":\"required name=search_term_string\"}],\"inLanguage\":\"de\"},{\"@type\":\"Organization\",\"@id\":\"https:\/\/www.revellia.com\/de\/#organization\",\"name\":\"Revellia\",\"url\":\"https:\/\/www.revellia.com\/de\/\",\"logo\":{\"@type\":\"ImageObject\",\"inLanguage\":\"de\",\"@id\":\"https:\/\/www.revellia.com\/de\/#\/schema\/logo\/image\/\",\"url\":\"https:\/\/www.revellia.com\/wp-content\/uploads\/2021\/02\/logo.png\",\"contentUrl\":\"https:\/\/www.revellia.com\/wp-content\/uploads\/2021\/02\/logo.png\",\"width\":437,\"height\":128,\"caption\":\"Revellia\"},\"image\":{\"@id\":\"https:\/\/www.revellia.com\/de\/#\/schema\/logo\/image\/\"}}]}<\/script>\n<!-- \/ Yoast SEO plugin. -->","yoast_head_json":{"title":"Geburtsposter - Revellia","robots":{"index":"noindex","follow":"nofollow"},"og_locale":"de_DE","og_type":"article","og_title":"Geburtsposter - Revellia","og_description":"Ein wundersch\u00f6nes kunstvolles Poster, das die Geburtsdaten Ihres Kindes hervorhebt und eine gro\u00dfartige Dekorationsidee f\u00fcr das Babyzimmer darstellt. Dieses Produkt ist als Poster oder elektronische Datei erh\u00e4ltlich. Rahmen nicht enthalten. Poster &#8211; Abmessungen: 21 x 30 cm, 30 x 40 cm oder 50 x 70 cm &#8211; Papiergewicht: 200 g\/m\u00b2 &#8211; Oberfl\u00e4che: Matt, unbeschichtet Elektronische [&hellip;]","og_url":"https:\/\/www.revellia.com\/de\/produkt\/geburtsposter\/","og_site_name":"Revellia","article_modified_time":"2023-05-24T16:15:30+00:00","og_image":[{"width":1301,"height":868,"url":"https:\/\/www.revellia.com\/wp-content\/uploads\/2023\/05\/birth-de.jpg","type":"image\/jpeg"}],"twitter_card":"summary_large_image","twitter_misc":{"Gesch\u00e4tzte Lesezeit":"1\u00a0Minute"},"schema":{"@context":"https:\/\/schema.org","@graph":[{"@type":"WebPage","@id":"https:\/\/www.revellia.com\/de\/produkt\/geburtsposter\/","url":"https:\/\/www.revellia.com\/de\/produkt\/geburtsposter\/","name":"Geburtsposter - Revellia","isPartOf":{"@id":"https:\/\/www.revellia.com\/de\/#website"},"datePublished":"2023-05-24T15:29:42+00:00","dateModified":"2023-05-24T16:15:30+00:00","breadcrumb":{"@id":"https:\/\/www.revellia.com\/de\/produkt\/geburtsposter\/#breadcrumb"},"inLanguage":"de","potentialAction":[{"@type":"ReadAction","target":["https:\/\/www.revellia.com\/de\/produkt\/geburtsposter\/"]}]},{"@type":"BreadcrumbList","@id":"https:\/\/www.revellia.com\/de\/produkt\/geburtsposter\/#breadcrumb","itemListElement":[{"@type":"ListItem","position":1,"name":"Home","item":"https:\/\/www.revellia.com\/de\/"},{"@type":"ListItem","position":2,"name":"Shop","item":"https:\/\/www.revellia.com\/de\/shop\/"},{"@type":"ListItem","position":3,"name":"Geburtsposter"}]},{"@type":"WebSite","@id":"https:\/\/www.revellia.com\/de\/#website","url":"https:\/\/www.revellia.com\/de\/","name":"Revellia","description":"Personalized original posters","publisher":{"@id":"https:\/\/www.revellia.com\/de\/#organization"},"potentialAction":[{"@type":"SearchAction","target":{"@type":"EntryPoint","urlTemplate":"https:\/\/www.revellia.com\/de\/?s={search_term_string}"},"query-input":"required name=search_term_string"}],"inLanguage":"de"},{"@type":"Organization","@id":"https:\/\/www.revellia.com\/de\/#organization","name":"Revellia","url":"https:\/\/www.revellia.com\/de\/","logo":{"@type":"ImageObject","inLanguage":"de","@id":"https:\/\/www.revellia.com\/de\/#\/schema\/logo\/image\/","url":"https:\/\/www.revellia.com\/wp-content\/uploads\/2021\/02\/logo.png","contentUrl":"https:\/\/www.revellia.com\/wp-content\/uploads\/2021\/02\/logo.png","width":437,"height":128,"caption":"Revellia"},"image":{"@id":"https:\/\/www.revellia.com\/de\/#\/schema\/logo\/image\/"}}]}},"_links":{"self":[{"href":"https:\/\/www.revellia.com\/de\/wp-json\/wp\/v2\/product\/1485","targetHints":{"allow":["GET"]}}],"collection":[{"href":"https:\/\/www.revellia.com\/de\/wp-json\/wp\/v2\/product"}],"about":[{"href":"https:\/\/www.revellia.com\/de\/wp-json\/wp\/v2\/types\/product"}],"wp:featuredmedia":[{"embeddable":true,"href":"https:\/\/www.revellia.com\/de\/wp-json\/wp\/v2\/media\/1480"}],"wp:attachment":[{"href":"https:\/\/www.revellia.com\/de\/wp-json\/wp\/v2\/media?parent=1485"}],"wp:term":[{"taxonomy":"product_cat","embeddable":true,"href":"https:\/\/www.revellia.com\/de\/wp-json\/wp\/v2\/product_cat?post=1485"},{"taxonomy":"product_tag","embeddable":true,"href":"https:\/\/www.revellia.com\/de\/wp-json\/wp\/v2\/product_tag?post=1485"}],"curies":[{"name":"wp","href":"https:\/\/api.w.org\/{rel}","templated":true}]}}